{"id":54621,"date":"2022-08-25T19:48:26","date_gmt":"2022-08-25T18:48:26","guid":{"rendered":"https:\/\/occasionmachines.com\/produto\/compressor-airblok-403-bd-sd\/"},"modified":"2024-11-04T12:42:17","modified_gmt":"2024-11-04T12:42:17","slug":"compressor-airblok-403-bd-sd","status":"publish","type":"product","link":"https:\/\/occasionmachines.com\/pt\/produto\/compressor-airblok-403-bd-sd\/","title":{"rendered":"Compressor Airblok 403 BD SD"},"content":{"rendered":"<table border=1 cellspacing=0 cellpadding=0 width=\"100%\">\n<tr>\n<td bgcolor=AntiqueWhite align=left>&nbsp;Caracter\u00edsticas T\u00e9cnicas<\/td>\n<td bgcolor=AntiqueWhite align=left>&nbsp;&#8211;<\/td>\n<td bgcolor=AntiqueWhite align=left>&nbsp;&#8212;<\/td>\n<\/tr>\n<tr>\n<td bgcolor=White>&nbsp;Voltagem \/ Frequ\u00eancia<\/td>\n<td bgcolor=White>&nbsp;<\/td>\n<td bgcolor=White>&nbsp;400V \/ 50Hz<\/td>\n<\/tr>\n<tr>\n<td bgcolor=White>&nbsp;Ru\u00eddo<\/td>\n<td bgcolor=White>&nbsp;dB<\/td>\n<td bgcolor=White>&nbsp;65<\/td>\n<\/tr>\n<tr>\n<td bgcolor=White>&nbsp;Produ\u00e7\u00e3o de Ar<\/td>\n<td bgcolor=White>&nbsp;L\/min<\/td>\n<td bgcolor=White>&nbsp;4370<\/td>\n<\/tr>\n<tr>\n<td bgcolor=White>&nbsp;Produ\u00e7\u00e3o de Ar<\/td>\n<td bgcolor=White>&nbsp;m3\/h<\/td>\n<td bgcolor=White>&nbsp;262<\/td>\n<\/tr>\n<tr>\n<td bgcolor=White>&nbsp;Press\u00e3o <\/td>\n<td bgcolor=White>&nbsp;bar<\/td>\n<td bgcolor=White>&nbsp;10<\/td>\n<\/tr>\n<tr>\n<td bgcolor=White>&nbsp;Pot\u00eancia Motor<\/td>\n<td bgcolor=White>&nbsp;hp<\/td>\n<td bgcolor=White>&nbsp;40<\/td>\n<\/tr>\n<tr>\n<td bgcolor=White>&nbsp;Rosca Saida Ar<\/td>\n<td bgcolor=White>&nbsp;<\/td>\n<td bgcolor=White>&nbsp;1-1\/4&#8243; BSP<\/td>\n<\/tr>\n<tr>\n<td bgcolor=White>&nbsp;Sistema Inverter<\/td>\n<td bgcolor=White>&nbsp;<\/td>\n<td bgcolor=White>&nbsp;Sim<\/td>\n<\/tr>\n<\/table>\n","protected":false},"excerpt":{"rendered":"<p>&nbsp;Caracter\u00edsticas T\u00e9cnicas &nbsp;&#8211; &nbsp;&#8212; &nbsp;Voltagem \/ Frequ\u00eancia &nbsp; &nbsp;400V \/ 50Hz &nbsp;Ru\u00eddo &nbsp;dB &nbsp;65 &nbsp;Produ\u00e7\u00e3o de Ar &nbsp;L\/min &nbsp;4370 &nbsp;Produ\u00e7\u00e3o de Ar &nbsp;m3\/h &nbsp;262 &nbsp;Press\u00e3o &nbsp;bar &nbsp;10 &nbsp;Pot\u00eancia Motor &nbsp;hp &nbsp;40 &nbsp;Rosca Saida Ar &nbsp; &nbsp;1-1\/4&#8243; BSP &nbsp;Sistema Inverter &nbsp; &nbsp;Sim<\/p>\n","protected":false},"featured_media":64436,"comment_status":"closed","ping_status":"closed","template":"","meta":[],"product_brand":[],"product_cat":[4810],"product_tag":[],"class_list":{"0":"post-54621","1":"product","2":"type-product","3":"status-publish","4":"has-post-thumbnail","6":"product_cat-compressores","8":"first","9":"onbackorder","10":"sold-individually","11":"taxable","12":"shipping-taxable","13":"purchasable","14":"product-type-simple"},"_links":{"self":[{"href":"https:\/\/occasionmachines.com\/pt\/wp-json\/wp\/v2\/product\/54621","targetHints":{"allow":["GET"]}}],"collection":[{"href":"https:\/\/occasionmachines.com\/pt\/wp-json\/wp\/v2\/product"}],"about":[{"href":"https:\/\/occasionmachines.com\/pt\/wp-json\/wp\/v2\/types\/product"}],"replies":[{"embeddable":true,"href":"https:\/\/occasionmachines.com\/pt\/wp-json\/wp\/v2\/comments?post=54621"}],"wp:featuredmedia":[{"embeddable":true,"href":"https:\/\/occasionmachines.com\/pt\/wp-json\/wp\/v2\/media\/64436"}],"wp:attachment":[{"href":"https:\/\/occasionmachines.com\/pt\/wp-json\/wp\/v2\/media?parent=54621"}],"wp:term":[{"taxonomy":"product_brand","embeddable":true,"href":"https:\/\/occasionmachines.com\/pt\/wp-json\/wp\/v2\/product_brand?post=54621"},{"taxonomy":"product_cat","embeddable":true,"href":"https:\/\/occasionmachines.com\/pt\/wp-json\/wp\/v2\/product_cat?post=54621"},{"taxonomy":"product_tag","embeddable":true,"href":"https:\/\/occasionmachines.com\/pt\/wp-json\/wp\/v2\/product_tag?post=54621"}],"curies":[{"name":"wp","href":"https:\/\/api.w.org\/{rel}","templated":true}]}}