{"id":54633,"date":"2022-08-25T19:49:23","date_gmt":"2022-08-25T18:49:23","guid":{"rendered":"https:\/\/occasionmachines.com\/produto\/reservatorio-vertical-500lts-c-acess-ce\/"},"modified":"2024-11-04T12:42:14","modified_gmt":"2024-11-04T12:42:14","slug":"reservatorio-vertical-500lts-c-acess-ce","status":"publish","type":"product","link":"https:\/\/occasionmachines.com\/pt\/produto\/reservatorio-vertical-500lts-c-acess-ce\/","title":{"rendered":"Reservatorio Vertical 500LTS C\/ACESS. CE"},"content":{"rendered":"<table border=1 cellspacing=0 cellpadding=0 width=\"100%\">\n<tr>\n<td bgcolor=AntiqueWhite align=left>&nbsp;Caracter\u00edsticas T\u00e9cnicas<\/td>\n<td bgcolor=AntiqueWhite align=left>&nbsp;&#8211;<\/td>\n<td bgcolor=AntiqueWhite align=left>&nbsp;&#8212;<\/td>\n<\/tr>\n<tr>\n<td bgcolor=White>&nbsp;PESO<\/td>\n<td bgcolor=White>&nbsp;<\/td>\n<td bgcolor=White>&nbsp;131<\/td>\n<\/tr>\n<tr>\n<td bgcolor=White>&nbsp;PESO (KG)<\/td>\n<td bgcolor=White>&nbsp;<\/td>\n<td bgcolor=White>&nbsp;131<\/td>\n<\/tr>\n<tr>\n<td bgcolor=White>&nbsp;RESERVAT\u00d3RIO (LT.)<\/td>\n<td bgcolor=White>&nbsp;<\/td>\n<td bgcolor=White>&nbsp;500<\/td>\n<\/tr>\n<tr>\n<td bgcolor=White>&nbsp;PRESS\u00c3O M\u00c1XIMA<\/td>\n<td bgcolor=White>&nbsp;<\/td>\n<td bgcolor=White>&nbsp;11<\/td>\n<\/tr>\n<tr>\n<td bgcolor=White>&nbsp;PRESS\u00c3O M\u00c1XIMA (BAR)<\/td>\n<td bgcolor=White>&nbsp;<\/td>\n<td bgcolor=White>&nbsp;11<\/td>\n<\/tr>\n<tr>\n<td bgcolor=White>&nbsp;PRESS\u00c3O M\u00c1XIMA (PSI)<\/td>\n<td bgcolor=White>&nbsp;<\/td>\n<td bgcolor=White>&nbsp;160<\/td>\n<\/tr>\n<tr>\n<td bgcolor=White>&nbsp;DI\u00c2METRO<\/td>\n<td bgcolor=White>&nbsp;<\/td>\n<td bgcolor=White>&nbsp;660<\/td>\n<\/tr>\n<tr>\n<td bgcolor=White>&nbsp;DI\u00c2METRO (MM)<\/td>\n<td bgcolor=White>&nbsp;<\/td>\n<td bgcolor=White>&nbsp;660<\/td>\n<\/tr>\n<tr>\n<td bgcolor=White>&nbsp;ALTURA<\/td>\n<td bgcolor=White>&nbsp;<\/td>\n<td bgcolor=White>&nbsp;2160<\/td>\n<\/tr>\n<tr>\n<td bgcolor=White>&nbsp;ALTURA (MM)<\/td>\n<td bgcolor=White>&nbsp;<\/td>\n<td bgcolor=White>&nbsp;2160<\/td>\n<\/tr>\n<tr>\n<td bgcolor=White>&nbsp;CAPACIDADE<\/td>\n<td bgcolor=White>&nbsp;<\/td>\n<td bgcolor=White>&nbsp;500 CE<\/td>\n<\/tr>\n<\/table>\n","protected":false},"excerpt":{"rendered":"<p>&nbsp;Caracter\u00edsticas T\u00e9cnicas &nbsp;&#8211; &nbsp;&#8212; &nbsp;PESO &nbsp; &nbsp;131 &nbsp;PESO (KG) &nbsp; &nbsp;131 &nbsp;RESERVAT\u00d3RIO (LT.) &nbsp; &nbsp;500 &nbsp;PRESS\u00c3O M\u00c1XIMA &nbsp; &nbsp;11 &nbsp;PRESS\u00c3O M\u00c1XIMA (BAR) &nbsp; &nbsp;11 &nbsp;PRESS\u00c3O M\u00c1XIMA (PSI) &nbsp; &nbsp;160 &nbsp;DI\u00c2METRO &nbsp; &nbsp;660 &nbsp;DI\u00c2METRO (MM) &nbsp; &nbsp;660 &nbsp;ALTURA &nbsp; &nbsp;2160 &nbsp;ALTURA (MM) &nbsp; &nbsp;2160 &nbsp;CAPACIDADE &nbsp; &nbsp;500 CE<\/p>\n","protected":false},"featured_media":64422,"comment_status":"closed","ping_status":"closed","template":"","meta":[],"product_brand":[],"product_cat":[4810],"product_tag":[],"class_list":{"0":"post-54633","1":"product","2":"type-product","3":"status-publish","4":"has-post-thumbnail","6":"product_cat-compressores","8":"first","9":"onbackorder","10":"sold-individually","11":"taxable","12":"shipping-taxable","13":"purchasable","14":"product-type-simple"},"_links":{"self":[{"href":"https:\/\/occasionmachines.com\/pt\/wp-json\/wp\/v2\/product\/54633","targetHints":{"allow":["GET"]}}],"collection":[{"href":"https:\/\/occasionmachines.com\/pt\/wp-json\/wp\/v2\/product"}],"about":[{"href":"https:\/\/occasionmachines.com\/pt\/wp-json\/wp\/v2\/types\/product"}],"replies":[{"embeddable":true,"href":"https:\/\/occasionmachines.com\/pt\/wp-json\/wp\/v2\/comments?post=54633"}],"wp:featuredmedia":[{"embeddable":true,"href":"https:\/\/occasionmachines.com\/pt\/wp-json\/wp\/v2\/media\/64422"}],"wp:attachment":[{"href":"https:\/\/occasionmachines.com\/pt\/wp-json\/wp\/v2\/media?parent=54633"}],"wp:term":[{"taxonomy":"product_brand","embeddable":true,"href":"https:\/\/occasionmachines.com\/pt\/wp-json\/wp\/v2\/product_brand?post=54633"},{"taxonomy":"product_cat","embeddable":true,"href":"https:\/\/occasionmachines.com\/pt\/wp-json\/wp\/v2\/product_cat?post=54633"},{"taxonomy":"product_tag","embeddable":true,"href":"https:\/\/occasionmachines.com\/pt\/wp-json\/wp\/v2\/product_tag?post=54633"}],"curies":[{"name":"wp","href":"https:\/\/api.w.org\/{rel}","templated":true}]}}