{"id":54665,"date":"2022-08-25T19:51:47","date_gmt":"2022-08-25T18:51:47","guid":{"rendered":"https:\/\/occasionmachines.com\/produto\/separador-agua-oleo-watersep-5\/"},"modified":"2025-01-28T17:13:56","modified_gmt":"2025-01-28T17:13:56","slug":"separador-agua-oleo-watersep-5","status":"publish","type":"product","link":"https:\/\/occasionmachines.com\/pt\/produto\/separador-agua-oleo-watersep-5\/","title":{"rendered":"Separador Agua\/ Oleo WATERSEP 5"},"content":{"rendered":"<table border=1 cellspacing=0 cellpadding=0 width=\"100%\">\n<tr>\n<td bgcolor=AntiqueWhite align=left>&nbsp;Caracter\u00edsticas T\u00e9cnicas<\/td>\n<td bgcolor=AntiqueWhite align=left>&nbsp;&#8211;<\/td>\n<td bgcolor=AntiqueWhite align=left>&nbsp;&#8212;<\/td>\n<\/tr>\n<tr>\n<td bgcolor=White>&nbsp;DIMENS\u00d5ES<\/td>\n<td bgcolor=White>&nbsp;<\/td>\n<td bgcolor=White>&nbsp;34.5X32X58.5<\/td>\n<\/tr>\n<tr>\n<td bgcolor=White>&nbsp;DIMENS\u00d5ES (CM)<\/td>\n<td bgcolor=White>&nbsp;<\/td>\n<td bgcolor=White>&nbsp;34.5X32X58.5<\/td>\n<\/tr>\n<tr>\n<td bgcolor=White>&nbsp;PESO<\/td>\n<td bgcolor=White>&nbsp;<\/td>\n<td bgcolor=White>&nbsp;8.5<\/td>\n<\/tr>\n<tr>\n<td bgcolor=White>&nbsp;PESO (KG)<\/td>\n<td bgcolor=White>&nbsp;<\/td>\n<td bgcolor=White>&nbsp;8.5<\/td>\n<\/tr>\n<tr>\n<td bgcolor=White>&nbsp;CAUDAL (L)<\/td>\n<td bgcolor=White>&nbsp;<\/td>\n<td bgcolor=White>&nbsp;3000<\/td>\n<\/tr>\n<tr>\n<td bgcolor=White>&nbsp;CAUDAL (L\/MIN)<\/td>\n<td bgcolor=White>&nbsp;<\/td>\n<td bgcolor=White>&nbsp;3000<\/td>\n<\/tr>\n<tr>\n<td bgcolor=White>&nbsp;CAUDAL (C.F.M)<\/td>\n<td bgcolor=White>&nbsp;<\/td>\n<td bgcolor=White>&nbsp;106<\/td>\n<\/tr>\n<tr>\n<td bgcolor=White>&nbsp;CAUDAL (M\u00b3\/H)<\/td>\n<td bgcolor=White>&nbsp;<\/td>\n<td bgcolor=White>&nbsp;180<\/td>\n<\/tr>\n<\/table>\n","protected":false},"excerpt":{"rendered":"<p>&nbsp;Caracter\u00edsticas T\u00e9cnicas &nbsp;&#8211; &nbsp;&#8212; &nbsp;DIMENS\u00d5ES &nbsp; &nbsp;34.5X32X58.5 &nbsp;DIMENS\u00d5ES (CM) &nbsp; &nbsp;34.5X32X58.5 &nbsp;PESO &nbsp; &nbsp;8.5 &nbsp;PESO (KG) &nbsp; &nbsp;8.5 &nbsp;CAUDAL (L) &nbsp; &nbsp;3000 &nbsp;CAUDAL (L\/MIN) &nbsp; &nbsp;3000 &nbsp;CAUDAL (C.F.M) &nbsp; &nbsp;106 &nbsp;CAUDAL (M\u00b3\/H) &nbsp; &nbsp;180<\/p>\n","protected":false},"featured_media":64451,"comment_status":"closed","ping_status":"closed","template":"","meta":[],"product_brand":[],"product_cat":[4810],"product_tag":[],"class_list":{"0":"post-54665","1":"product","2":"type-product","3":"status-publish","4":"has-post-thumbnail","6":"product_cat-compressores","7":"product_shipping_class-ferramentas-medias","9":"first","10":"onbackorder","11":"sold-individually","12":"taxable","13":"shipping-taxable","14":"purchasable","15":"product-type-simple"},"_links":{"self":[{"href":"https:\/\/occasionmachines.com\/pt\/wp-json\/wp\/v2\/product\/54665","targetHints":{"allow":["GET"]}}],"collection":[{"href":"https:\/\/occasionmachines.com\/pt\/wp-json\/wp\/v2\/product"}],"about":[{"href":"https:\/\/occasionmachines.com\/pt\/wp-json\/wp\/v2\/types\/product"}],"replies":[{"embeddable":true,"href":"https:\/\/occasionmachines.com\/pt\/wp-json\/wp\/v2\/comments?post=54665"}],"wp:featuredmedia":[{"embeddable":true,"href":"https:\/\/occasionmachines.com\/pt\/wp-json\/wp\/v2\/media\/64451"}],"wp:attachment":[{"href":"https:\/\/occasionmachines.com\/pt\/wp-json\/wp\/v2\/media?parent=54665"}],"wp:term":[{"taxonomy":"product_brand","embeddable":true,"href":"https:\/\/occasionmachines.com\/pt\/wp-json\/wp\/v2\/product_brand?post=54665"},{"taxonomy":"product_cat","embeddable":true,"href":"https:\/\/occasionmachines.com\/pt\/wp-json\/wp\/v2\/product_cat?post=54665"},{"taxonomy":"product_tag","embeddable":true,"href":"https:\/\/occasionmachines.com\/pt\/wp-json\/wp\/v2\/product_tag?post=54665"}],"curies":[{"name":"wp","href":"https:\/\/api.w.org\/{rel}","templated":true}]}}