{"id":54824,"date":"2022-08-25T20:01:50","date_gmt":"2022-08-25T19:01:50","guid":{"rendered":"https:\/\/occasionmachines.com\/produto\/estacao-carga-ar-condicionado-automatica-r134a-pacr\/"},"modified":"2025-01-28T16:53:51","modified_gmt":"2025-01-28T16:53:51","slug":"estacao-carga-ar-condicionado-automatica-r134a-pacr","status":"publish","type":"product","link":"https:\/\/occasionmachines.com\/pt\/produto\/estacao-carga-ar-condicionado-automatica-r134a-pacr\/","title":{"rendered":"Estacao Carga ar Condicionado Automatica R134A  PACR"},"content":{"rendered":"<table border=1 cellspacing=0 cellpadding=0 width=\"100%\">\n<tr>\n<td bgcolor=AntiqueWhite align=left>&nbsp;Caracter\u00edsticas T\u00e9cnicas<\/td>\n<td bgcolor=AntiqueWhite align=left>&nbsp;&#8211;<\/td>\n<td bgcolor=AntiqueWhite align=left>&nbsp;&#8212;<\/td>\n<\/tr>\n<tr>\n<td bgcolor=White>&nbsp;Fonte de Alimenta\u00e7\u00e3o<\/td>\n<td bgcolor=White>&nbsp;V<\/td>\n<td bgcolor=White>&nbsp;220<\/td>\n<\/tr>\n<tr>\n<td bgcolor=White>&nbsp;Frequ\u00eancia<\/td>\n<td bgcolor=White>&nbsp;Hz<\/td>\n<td bgcolor=White>&nbsp;50<\/td>\n<\/tr>\n<tr>\n<td bgcolor=White>&nbsp;Temperatura de Trabalho<\/td>\n<td bgcolor=White>&nbsp;\u00b0C<\/td>\n<td bgcolor=White>&nbsp;5 ~ 50<\/td>\n<\/tr>\n<tr>\n<td bgcolor=White>&nbsp;Capacidade de V\u00e1cuo<\/td>\n<td bgcolor=White>&nbsp;L\/min<\/td>\n<td bgcolor=White>&nbsp;60<\/td>\n<\/tr>\n<tr>\n<td bgcolor=White>&nbsp;Pot\u00eancia do Compressor<\/td>\n<td bgcolor=White>&nbsp;<\/td>\n<td bgcolor=White>&nbsp;1\/3 HP \/ 250W<\/td>\n<\/tr>\n<tr>\n<td bgcolor=White>&nbsp;Fluido Refrigerante<\/td>\n<td bgcolor=White>&nbsp;<\/td>\n<td bgcolor=White>&nbsp;R134a<\/td>\n<\/tr>\n<tr>\n<td bgcolor=White>&nbsp;Precis\u00e3o da Balan\u00e7a Electr\u00f3nica<\/td>\n<td bgcolor=White>&nbsp;gr<\/td>\n<td bgcolor=White>&nbsp;+\/- 5<\/td>\n<\/tr>\n<tr>\n<td bgcolor=White>&nbsp;Peso Max. da Balan\u00e7a Electr\u00f3nica<\/td>\n<td bgcolor=White>&nbsp;Kg<\/td>\n<td bgcolor=White>&nbsp;60<\/td>\n<\/tr>\n<tr>\n<td bgcolor=White>&nbsp;Capacidade do Tanque de Refrigerante<\/td>\n<td bgcolor=White>&nbsp;Kg<\/td>\n<td bgcolor=White>&nbsp;10<\/td>\n<\/tr>\n<tr>\n<td bgcolor=White>&nbsp;Velocidade de Recupera\u00e7\u00e3o<\/td>\n<td bgcolor=White>&nbsp;g\/min<\/td>\n<td bgcolor=White>&nbsp;180 ~ 350<\/td>\n<\/tr>\n<tr>\n<td bgcolor=White>&nbsp;Velocidade de Recarga<\/td>\n<td bgcolor=White>&nbsp;g\/min<\/td>\n<td bgcolor=White>&nbsp;800 ~ 1500<\/td>\n<\/tr>\n<tr>\n<td bgcolor=White>&nbsp;Press\u00e3o Max. de Trabalho<\/td>\n<td bgcolor=White>&nbsp;<\/td>\n<td bgcolor=White>&nbsp;1.75 Mpa \/ 17.5 Bar<\/td>\n<\/tr>\n<\/table>\n","protected":false},"excerpt":{"rendered":"<p>&nbsp;Caracter\u00edsticas T\u00e9cnicas &nbsp;&#8211; &nbsp;&#8212; &nbsp;Fonte de Alimenta\u00e7\u00e3o &nbsp;V &nbsp;220 &nbsp;Frequ\u00eancia &nbsp;Hz &nbsp;50 &nbsp;Temperatura de Trabalho &nbsp;\u00b0C &nbsp;5 ~ 50 &nbsp;Capacidade de V\u00e1cuo &nbsp;L\/min &nbsp;60 &nbsp;Pot\u00eancia do Compressor &nbsp; &nbsp;1\/3 HP \/ 250W &nbsp;Fluido Refrigerante &nbsp; &nbsp;R134a &nbsp;Precis\u00e3o da Balan\u00e7a Electr\u00f3nica &nbsp;gr &nbsp;+\/- 5 &nbsp;Peso Max. da Balan\u00e7a Electr\u00f3nica &nbsp;Kg &nbsp;60 &nbsp;Capacidade do Tanque de Refrigerante [&hellip;]<\/p>\n","protected":false},"featured_media":63475,"comment_status":"closed","ping_status":"closed","template":"","meta":[],"product_brand":[],"product_cat":[7716],"product_tag":[],"class_list":{"0":"post-54824","1":"product","2":"type-product","3":"status-publish","4":"has-post-thumbnail","6":"product_cat-equipamento-de-oficina","7":"product_shipping_class-maquinas-pequenas","9":"first","10":"onbackorder","11":"sold-individually","12":"taxable","13":"shipping-taxable","14":"purchasable","15":"product-type-simple"},"_links":{"self":[{"href":"https:\/\/occasionmachines.com\/pt\/wp-json\/wp\/v2\/product\/54824","targetHints":{"allow":["GET"]}}],"collection":[{"href":"https:\/\/occasionmachines.com\/pt\/wp-json\/wp\/v2\/product"}],"about":[{"href":"https:\/\/occasionmachines.com\/pt\/wp-json\/wp\/v2\/types\/product"}],"replies":[{"embeddable":true,"href":"https:\/\/occasionmachines.com\/pt\/wp-json\/wp\/v2\/comments?post=54824"}],"wp:featuredmedia":[{"embeddable":true,"href":"https:\/\/occasionmachines.com\/pt\/wp-json\/wp\/v2\/media\/63475"}],"wp:attachment":[{"href":"https:\/\/occasionmachines.com\/pt\/wp-json\/wp\/v2\/media?parent=54824"}],"wp:term":[{"taxonomy":"product_brand","embeddable":true,"href":"https:\/\/occasionmachines.com\/pt\/wp-json\/wp\/v2\/product_brand?post=54824"},{"taxonomy":"product_cat","embeddable":true,"href":"https:\/\/occasionmachines.com\/pt\/wp-json\/wp\/v2\/product_cat?post=54824"},{"taxonomy":"product_tag","embeddable":true,"href":"https:\/\/occasionmachines.com\/pt\/wp-json\/wp\/v2\/product_tag?post=54824"}],"curies":[{"name":"wp","href":"https:\/\/api.w.org\/{rel}","templated":true}]}}