{"id":54849,"date":"2022-08-25T20:03:39","date_gmt":"2022-08-25T19:03:39","guid":{"rendered":"https:\/\/occasionmachines.com\/produto\/aparafusadora-de-impacto-1-phdiw-3500-1\/"},"modified":"2025-01-28T15:00:57","modified_gmt":"2025-01-28T15:00:57","slug":"aparafusadora-de-impacto-1-phdiw-3500-1","status":"publish","type":"product","link":"https:\/\/occasionmachines.com\/pt\/produto\/aparafusadora-de-impacto-1-phdiw-3500-1\/","title":{"rendered":"Aparafusadora Impacto Pneumatica 1&#8243; PHDIW 3500NM"},"content":{"rendered":"<table border=1 cellspacing=0 cellpadding=0 width=\"100%\">\n<tr>\n<td bgcolor=AntiqueWhite align=left>&nbsp;Caracter\u00edsticas T\u00e9cnicas<\/td>\n<td bgcolor=AntiqueWhite align=left>&nbsp;&#8211;<\/td>\n<td bgcolor=AntiqueWhite align=left>&nbsp;&#8212;<\/td>\n<\/tr>\n<tr>\n<td bgcolor=White>&nbsp;Encabador<\/td>\n<td bgcolor=White>&nbsp;<\/td>\n<td bgcolor=White>&nbsp;1&#8243;<\/td>\n<\/tr>\n<tr>\n<td bgcolor=White>&nbsp;Torque M\u00e1ximo<\/td>\n<td bgcolor=White>&nbsp;Nm<\/td>\n<td bgcolor=White>&nbsp;3.500 <\/td>\n<\/tr>\n<tr>\n<td bgcolor=White>&nbsp;Rotac\u00f5es Maxima <\/td>\n<td bgcolor=White>&nbsp;rpm<\/td>\n<td bgcolor=White>&nbsp;2.500 <\/td>\n<\/tr>\n<tr>\n<td bgcolor=White>&nbsp;Ar Consumido<\/td>\n<td bgcolor=White>&nbsp;L\/min<\/td>\n<td bgcolor=White>&nbsp;340 <\/td>\n<\/tr>\n<tr>\n<td bgcolor=White>&nbsp;Entrada de Ar<\/td>\n<td bgcolor=White>&nbsp;<\/td>\n<td bgcolor=White>&nbsp;1\/2&#8243;<\/td>\n<\/tr>\n<tr>\n<td bgcolor=White>&nbsp;Capacidade de Aperto<\/td>\n<td bgcolor=White>&nbsp;mm<\/td>\n<td bgcolor=White>&nbsp;41 <\/td>\n<\/tr>\n<\/table>\n","protected":false},"excerpt":{"rendered":"<p>&nbsp;Caracter\u00edsticas T\u00e9cnicas &nbsp;&#8211; &nbsp;&#8212; &nbsp;Encabador &nbsp; &nbsp;1&#8243; &nbsp;Torque M\u00e1ximo &nbsp;Nm &nbsp;3.500 &nbsp;Rotac\u00f5es Maxima &nbsp;rpm &nbsp;2.500 &nbsp;Ar Consumido &nbsp;L\/min &nbsp;340 &nbsp;Entrada de Ar &nbsp; &nbsp;1\/2&#8243; &nbsp;Capacidade de Aperto &nbsp;mm &nbsp;41<\/p>\n","protected":false},"featured_media":63333,"comment_status":"closed","ping_status":"closed","template":"","meta":[],"product_brand":[],"product_cat":[7798],"product_tag":[],"class_list":{"0":"post-54849","1":"product","2":"type-product","3":"status-publish","4":"has-post-thumbnail","6":"product_cat-ferramentas-ferramentas","7":"product_shipping_class-maquinas-pequenas","9":"first","10":"onbackorder","11":"sold-individually","12":"taxable","13":"shipping-taxable","14":"purchasable","15":"product-type-simple"},"_links":{"self":[{"href":"https:\/\/occasionmachines.com\/pt\/wp-json\/wp\/v2\/product\/54849","targetHints":{"allow":["GET"]}}],"collection":[{"href":"https:\/\/occasionmachines.com\/pt\/wp-json\/wp\/v2\/product"}],"about":[{"href":"https:\/\/occasionmachines.com\/pt\/wp-json\/wp\/v2\/types\/product"}],"replies":[{"embeddable":true,"href":"https:\/\/occasionmachines.com\/pt\/wp-json\/wp\/v2\/comments?post=54849"}],"wp:featuredmedia":[{"embeddable":true,"href":"https:\/\/occasionmachines.com\/pt\/wp-json\/wp\/v2\/media\/63333"}],"wp:attachment":[{"href":"https:\/\/occasionmachines.com\/pt\/wp-json\/wp\/v2\/media?parent=54849"}],"wp:term":[{"taxonomy":"product_brand","embeddable":true,"href":"https:\/\/occasionmachines.com\/pt\/wp-json\/wp\/v2\/product_brand?post=54849"},{"taxonomy":"product_cat","embeddable":true,"href":"https:\/\/occasionmachines.com\/pt\/wp-json\/wp\/v2\/product_cat?post=54849"},{"taxonomy":"product_tag","embeddable":true,"href":"https:\/\/occasionmachines.com\/pt\/wp-json\/wp\/v2\/product_tag?post=54849"}],"curies":[{"name":"wp","href":"https:\/\/api.w.org\/{rel}","templated":true}]}}