{"id":54932,"date":"2022-08-25T20:10:30","date_gmt":"2022-08-25T19:10:30","guid":{"rendered":"https:\/\/occasionmachines.com\/produto\/porta-paletes-ppt2000e-eletrico-2t-550x1150mm-pu\/"},"modified":"2024-11-04T12:39:50","modified_gmt":"2024-11-04T12:39:50","slug":"porta-paletes-ppt2000e-eletrico-2t-550x1150mm-pu","status":"publish","type":"product","link":"https:\/\/occasionmachines.com\/pt\/produto\/porta-paletes-ppt2000e-eletrico-2t-550x1150mm-pu\/","title":{"rendered":"Porta Paletes Ppt2000e Eletrico 2T 550X1150MM PU"},"content":{"rendered":"<table border=1 cellspacing=0 cellpadding=0 width=\"100%\">\n<tr>\n<td bgcolor=AntiqueWhite align=left>&nbsp;Caracter\u00edsticas T\u00e9cnicas<\/td>\n<td bgcolor=AntiqueWhite align=left>&nbsp;&#8211;<\/td>\n<td bgcolor=AntiqueWhite align=left>&nbsp;&#8212;<\/td>\n<\/tr>\n<tr>\n<td bgcolor=White>&nbsp;Capacidade M\u00e1xima<\/td>\n<td bgcolor=White>&nbsp;Kg<\/td>\n<td bgcolor=White>&nbsp;1500<\/td>\n<\/tr>\n<tr>\n<td bgcolor=White>&nbsp;Comprimento Garfos<\/td>\n<td bgcolor=White>&nbsp;mm<\/td>\n<td bgcolor=White>&nbsp;1150<\/td>\n<\/tr>\n<tr>\n<td bgcolor=White>&nbsp;Largura Garfos<\/td>\n<td bgcolor=White>&nbsp;mm<\/td>\n<td bgcolor=White>&nbsp;550<\/td>\n<\/tr>\n<tr>\n<td bgcolor=White>&nbsp;Altura M\u00edn. Garfos<\/td>\n<td bgcolor=White>&nbsp;mm<\/td>\n<td bgcolor=White>&nbsp;85<\/td>\n<\/tr>\n<tr>\n<td bgcolor=White>&nbsp;Altura M\u00e1x. Garfos<\/td>\n<td bgcolor=White>&nbsp;mm<\/td>\n<td bgcolor=White>&nbsp;200<\/td>\n<\/tr>\n<tr>\n<td bgcolor=White>&nbsp;Material Rodas<\/td>\n<td bgcolor=White>&nbsp;<\/td>\n<td bgcolor=White>&nbsp;PU<\/td>\n<\/tr>\n<tr>\n<td bgcolor=White>&nbsp;Rodas Dianteiras<\/td>\n<td bgcolor=White>&nbsp;mm<\/td>\n<td bgcolor=White>&nbsp;4X \u00d8 80&#215;70<\/td>\n<\/tr>\n<tr>\n<td bgcolor=White>&nbsp;Rodas Traseiras<\/td>\n<td bgcolor=White>&nbsp;mm<\/td>\n<td bgcolor=White>&nbsp;1X \u00d8 140&#215;55<\/td>\n<\/tr>\n<tr>\n<td bgcolor=White>&nbsp;Velocidade M\u00e1x em Vazio<\/td>\n<td bgcolor=White>&nbsp;Km\/h<\/td>\n<td bgcolor=White>&nbsp;5<\/td>\n<\/tr>\n<tr>\n<td bgcolor=White>&nbsp;Pot\u00eancia Motor Circula\u00e7\u00e3o<\/td>\n<td bgcolor=White>&nbsp;<\/td>\n<td bgcolor=White>&nbsp;DC 0.75 Kw<\/td>\n<\/tr>\n<tr>\n<td bgcolor=White>&nbsp;Pot\u00eancia Motor Eleva\u00e7\u00e3o<\/td>\n<td bgcolor=White>&nbsp;<\/td>\n<td bgcolor=White>&nbsp;DC 0.8 Kw<\/td>\n<\/tr>\n<tr>\n<td bgcolor=White>&nbsp;Bateria<\/td>\n<td bgcolor=White>&nbsp;<\/td>\n<td bgcolor=White>&nbsp;48V \/ 10Ah (Li-ion)<\/td>\n<\/tr>\n<\/table>\n","protected":false},"excerpt":{"rendered":"<p>&nbsp;Caracter\u00edsticas T\u00e9cnicas &nbsp;&#8211; &nbsp;&#8212; &nbsp;Capacidade M\u00e1xima &nbsp;Kg &nbsp;1500 &nbsp;Comprimento Garfos &nbsp;mm &nbsp;1150 &nbsp;Largura Garfos &nbsp;mm &nbsp;550 &nbsp;Altura M\u00edn. Garfos &nbsp;mm &nbsp;85 &nbsp;Altura M\u00e1x. Garfos &nbsp;mm &nbsp;200 &nbsp;Material Rodas &nbsp; &nbsp;PU &nbsp;Rodas Dianteiras &nbsp;mm &nbsp;4X \u00d8 80&#215;70 &nbsp;Rodas Traseiras &nbsp;mm &nbsp;1X \u00d8 140&#215;55 &nbsp;Velocidade M\u00e1x em Vazio &nbsp;Km\/h &nbsp;5 &nbsp;Pot\u00eancia Motor Circula\u00e7\u00e3o &nbsp; &nbsp;DC 0.75 Kw [&hellip;]<\/p>\n","protected":false},"featured_media":64367,"comment_status":"closed","ping_status":"closed","template":"","meta":[],"product_brand":[],"product_cat":[5778],"product_tag":[],"class_list":{"0":"post-54932","1":"product","2":"type-product","3":"status-publish","4":"has-post-thumbnail","6":"product_cat-porta-paletes","8":"first","9":"onbackorder","10":"sold-individually","11":"taxable","12":"shipping-taxable","13":"purchasable","14":"product-type-simple"},"_links":{"self":[{"href":"https:\/\/occasionmachines.com\/pt\/wp-json\/wp\/v2\/product\/54932","targetHints":{"allow":["GET"]}}],"collection":[{"href":"https:\/\/occasionmachines.com\/pt\/wp-json\/wp\/v2\/product"}],"about":[{"href":"https:\/\/occasionmachines.com\/pt\/wp-json\/wp\/v2\/types\/product"}],"replies":[{"embeddable":true,"href":"https:\/\/occasionmachines.com\/pt\/wp-json\/wp\/v2\/comments?post=54932"}],"wp:featuredmedia":[{"embeddable":true,"href":"https:\/\/occasionmachines.com\/pt\/wp-json\/wp\/v2\/media\/64367"}],"wp:attachment":[{"href":"https:\/\/occasionmachines.com\/pt\/wp-json\/wp\/v2\/media?parent=54932"}],"wp:term":[{"taxonomy":"product_brand","embeddable":true,"href":"https:\/\/occasionmachines.com\/pt\/wp-json\/wp\/v2\/product_brand?post=54932"},{"taxonomy":"product_cat","embeddable":true,"href":"https:\/\/occasionmachines.com\/pt\/wp-json\/wp\/v2\/product_cat?post=54932"},{"taxonomy":"product_tag","embeddable":true,"href":"https:\/\/occasionmachines.com\/pt\/wp-json\/wp\/v2\/product_tag?post=54932"}],"curies":[{"name":"wp","href":"https:\/\/api.w.org\/{rel}","templated":true}]}}