{"id":54935,"date":"2022-08-25T20:10:47","date_gmt":"2022-08-25T19:10:47","guid":{"rendered":"https:\/\/occasionmachines.com\/produto\/porta-paletes-tesoura-ppt1500hl\/"},"modified":"2025-01-28T14:41:06","modified_gmt":"2025-01-28T14:41:06","slug":"porta-paletes-tesoura-ppt1500hl","status":"publish","type":"product","link":"https:\/\/occasionmachines.com\/pt\/produto\/porta-paletes-tesoura-ppt1500hl\/","title":{"rendered":"Porta Paletes Tesoura PPT1500HL"},"content":{"rendered":"<table border=1 cellspacing=0 cellpadding=0 width=\"100%\">\n<tr>\n<td bgcolor=AntiqueWhite align=left>&nbsp;Caracter\u00edsticas T\u00e9cnicas<\/td>\n<td bgcolor=AntiqueWhite align=left>&nbsp;&#8211;<\/td>\n<td bgcolor=AntiqueWhite align=left>&nbsp;&#8212;<\/td>\n<\/tr>\n<tr>\n<td bgcolor=White>&nbsp;Capacidade M\u00e1xima<\/td>\n<td bgcolor=White>&nbsp;Kg<\/td>\n<td bgcolor=White>&nbsp;1500<\/td>\n<\/tr>\n<tr>\n<td bgcolor=White>&nbsp;Comprimento Garfos<\/td>\n<td bgcolor=White>&nbsp;mm<\/td>\n<td bgcolor=White>&nbsp;1150<\/td>\n<\/tr>\n<tr>\n<td bgcolor=White>&nbsp;Largura Garfos<\/td>\n<td bgcolor=White>&nbsp;mm<\/td>\n<td bgcolor=White>&nbsp;540<\/td>\n<\/tr>\n<tr>\n<td bgcolor=White>&nbsp;Altura Min. Garfos<\/td>\n<td bgcolor=White>&nbsp;mm<\/td>\n<td bgcolor=White>&nbsp;85<\/td>\n<\/tr>\n<tr>\n<td bgcolor=White>&nbsp;Altura M\u00e1x. Garfos<\/td>\n<td bgcolor=White>&nbsp;mm<\/td>\n<td bgcolor=White>&nbsp;800<\/td>\n<\/tr>\n<tr>\n<td bgcolor=White>&nbsp;Material Rodas<\/td>\n<td bgcolor=White>&nbsp;<\/td>\n<td bgcolor=White>&nbsp;PU<\/td>\n<\/tr>\n<tr>\n<td bgcolor=White>&nbsp;Rodas Dianteiras<\/td>\n<td bgcolor=White>&nbsp;mm<\/td>\n<td bgcolor=White>&nbsp;2 x \u00d8 80&#215;50<\/td>\n<\/tr>\n<tr>\n<td bgcolor=White>&nbsp;Rodas Traseiras<\/td>\n<td bgcolor=White>&nbsp;mm<\/td>\n<td bgcolor=White>&nbsp;2 x \u00d8 180&#215;50<\/td>\n<\/tr>\n<tr>\n<td bgcolor=White>&nbsp;Tipo Bomba<\/td>\n<td bgcolor=White>&nbsp;<\/td>\n<td bgcolor=White>&nbsp;Cilindro Duplo<\/td>\n<\/tr>\n<tr>\n<td bgcolor=White>&nbsp;Material Garfos<\/td>\n<td bgcolor=White>&nbsp;<\/td>\n<td bgcolor=White>&nbsp;A\u00e7o 3 mm<\/td>\n<\/tr>\n<\/table>\n","protected":false},"excerpt":{"rendered":"<p>&nbsp;Caracter\u00edsticas T\u00e9cnicas &nbsp;&#8211; &nbsp;&#8212; &nbsp;Capacidade M\u00e1xima &nbsp;Kg &nbsp;1500 &nbsp;Comprimento Garfos &nbsp;mm &nbsp;1150 &nbsp;Largura Garfos &nbsp;mm &nbsp;540 &nbsp;Altura Min. Garfos &nbsp;mm &nbsp;85 &nbsp;Altura M\u00e1x. Garfos &nbsp;mm &nbsp;800 &nbsp;Material Rodas &nbsp; &nbsp;PU &nbsp;Rodas Dianteiras &nbsp;mm &nbsp;2 x \u00d8 80&#215;50 &nbsp;Rodas Traseiras &nbsp;mm &nbsp;2 x \u00d8 180&#215;50 &nbsp;Tipo Bomba &nbsp; &nbsp;Cilindro Duplo &nbsp;Material Garfos &nbsp; &nbsp;A\u00e7o 3 mm<\/p>\n","protected":false},"featured_media":64365,"comment_status":"closed","ping_status":"closed","template":"","meta":[],"product_brand":[],"product_cat":[7798],"product_tag":[],"class_list":{"0":"post-54935","1":"product","2":"type-product","3":"status-publish","4":"has-post-thumbnail","6":"product_cat-ferramentas-ferramentas","7":"product_shipping_class-ferramentas-grandes","9":"first","10":"onbackorder","11":"sold-individually","12":"taxable","13":"shipping-taxable","14":"purchasable","15":"product-type-simple"},"_links":{"self":[{"href":"https:\/\/occasionmachines.com\/pt\/wp-json\/wp\/v2\/product\/54935","targetHints":{"allow":["GET"]}}],"collection":[{"href":"https:\/\/occasionmachines.com\/pt\/wp-json\/wp\/v2\/product"}],"about":[{"href":"https:\/\/occasionmachines.com\/pt\/wp-json\/wp\/v2\/types\/product"}],"replies":[{"embeddable":true,"href":"https:\/\/occasionmachines.com\/pt\/wp-json\/wp\/v2\/comments?post=54935"}],"wp:featuredmedia":[{"embeddable":true,"href":"https:\/\/occasionmachines.com\/pt\/wp-json\/wp\/v2\/media\/64365"}],"wp:attachment":[{"href":"https:\/\/occasionmachines.com\/pt\/wp-json\/wp\/v2\/media?parent=54935"}],"wp:term":[{"taxonomy":"product_brand","embeddable":true,"href":"https:\/\/occasionmachines.com\/pt\/wp-json\/wp\/v2\/product_brand?post=54935"},{"taxonomy":"product_cat","embeddable":true,"href":"https:\/\/occasionmachines.com\/pt\/wp-json\/wp\/v2\/product_cat?post=54935"},{"taxonomy":"product_tag","embeddable":true,"href":"https:\/\/occasionmachines.com\/pt\/wp-json\/wp\/v2\/product_tag?post=54935"}],"curies":[{"name":"wp","href":"https:\/\/api.w.org\/{rel}","templated":true}]}}