{"id":54967,"date":"2022-08-27T13:44:08","date_gmt":"2022-08-27T12:44:08","guid":{"rendered":"https:\/\/occasionmachines.com\/produto\/coluna-magnetica-p-berbequim-110w-b-32-1\/"},"modified":"2025-01-28T12:25:39","modified_gmt":"2025-01-28T12:25:39","slug":"coluna-magnetica-p-berbequim-110w-b-32-1","status":"publish","type":"product","link":"https:\/\/occasionmachines.com\/pt\/produto\/coluna-magnetica-p-berbequim-110w-b-32-1\/","title":{"rendered":"Coluna Magnetica P\/ Berbequim 110W B 32.1"},"content":{"rendered":"<table border=1 cellspacing=0 cellpadding=0 width=\"100%\">\n<tr>\n<td bgcolor=AntiqueWhite align=left>&nbsp;Caracter\u00edsticas T\u00e9cnicas<\/td>\n<td bgcolor=AntiqueWhite align=left>&nbsp;&#8211;<\/td>\n<td bgcolor=AntiqueWhite align=left>&nbsp;&#8212;<\/td>\n<\/tr>\n<tr>\n<td bgcolor=White>&nbsp;Pot\u00eancia<\/td>\n<td bgcolor=White>&nbsp;W<\/td>\n<td bgcolor=White>&nbsp;110 <\/td>\n<\/tr>\n<tr>\n<td bgcolor=White>&nbsp;Voltagem<\/td>\n<td bgcolor=White>&nbsp;V<\/td>\n<td bgcolor=White>&nbsp;230<\/td>\n<\/tr>\n<tr>\n<td bgcolor=White>&nbsp;For\u00e7a Magn\u00e9tica<\/td>\n<td bgcolor=White>&nbsp;N<\/td>\n<td bgcolor=White>&nbsp;16000 <\/td>\n<\/tr>\n<tr>\n<td bgcolor=White>&nbsp;Base<\/td>\n<td bgcolor=White>&nbsp;mm<\/td>\n<td bgcolor=White>&nbsp;220 x 110 <\/td>\n<\/tr>\n<tr>\n<td bgcolor=White>&nbsp;\u00d8 Colarinho<\/td>\n<td bgcolor=White>&nbsp;mm<\/td>\n<td bgcolor=White>&nbsp;65 <\/td>\n<\/tr>\n<tr>\n<td bgcolor=White>&nbsp;Cabo<\/td>\n<td bgcolor=White>&nbsp;mm<\/td>\n<td bgcolor=White>&nbsp;180 <\/td>\n<\/tr>\n<tr>\n<td bgcolor=White>&nbsp;Altura<\/td>\n<td bgcolor=White>&nbsp;mm<\/td>\n<td bgcolor=White>&nbsp;409<\/td>\n<\/tr>\n<tr>\n<td bgcolor=White>&nbsp;Amp. Admissiveis<\/td>\n<td bgcolor=White>&nbsp;<\/td>\n<td bgcolor=White>&nbsp;max. 16 A<\/td>\n<\/tr>\n<\/table>\n","protected":false},"excerpt":{"rendered":"<p>&nbsp;Caracter\u00edsticas T\u00e9cnicas &nbsp;&#8211; &nbsp;&#8212; &nbsp;Pot\u00eancia &nbsp;W &nbsp;110 &nbsp;Voltagem &nbsp;V &nbsp;230 &nbsp;For\u00e7a Magn\u00e9tica &nbsp;N &nbsp;16000 &nbsp;Base &nbsp;mm &nbsp;220 x 110 &nbsp;\u00d8 Colarinho &nbsp;mm &nbsp;65 &nbsp;Cabo &nbsp;mm &nbsp;180 &nbsp;Altura &nbsp;mm &nbsp;409 &nbsp;Amp. Admissiveis &nbsp; &nbsp;max. 16 A<\/p>\n","protected":false},"featured_media":64127,"comment_status":"closed","ping_status":"closed","template":"","meta":[],"product_brand":[],"product_cat":[7807],"product_tag":[],"class_list":{"0":"post-54967","1":"product","2":"type-product","3":"status-publish","4":"has-post-thumbnail","6":"product_cat-berbequins","7":"product_shipping_class-maquinas-pequenas","9":"first","10":"onbackorder","11":"sold-individually","12":"taxable","13":"shipping-taxable","14":"purchasable","15":"product-type-simple"},"_links":{"self":[{"href":"https:\/\/occasionmachines.com\/pt\/wp-json\/wp\/v2\/product\/54967","targetHints":{"allow":["GET"]}}],"collection":[{"href":"https:\/\/occasionmachines.com\/pt\/wp-json\/wp\/v2\/product"}],"about":[{"href":"https:\/\/occasionmachines.com\/pt\/wp-json\/wp\/v2\/types\/product"}],"replies":[{"embeddable":true,"href":"https:\/\/occasionmachines.com\/pt\/wp-json\/wp\/v2\/comments?post=54967"}],"wp:featuredmedia":[{"embeddable":true,"href":"https:\/\/occasionmachines.com\/pt\/wp-json\/wp\/v2\/media\/64127"}],"wp:attachment":[{"href":"https:\/\/occasionmachines.com\/pt\/wp-json\/wp\/v2\/media?parent=54967"}],"wp:term":[{"taxonomy":"product_brand","embeddable":true,"href":"https:\/\/occasionmachines.com\/pt\/wp-json\/wp\/v2\/product_brand?post=54967"},{"taxonomy":"product_cat","embeddable":true,"href":"https:\/\/occasionmachines.com\/pt\/wp-json\/wp\/v2\/product_cat?post=54967"},{"taxonomy":"product_tag","embeddable":true,"href":"https:\/\/occasionmachines.com\/pt\/wp-json\/wp\/v2\/product_tag?post=54967"}],"curies":[{"name":"wp","href":"https:\/\/api.w.org\/{rel}","templated":true}]}}