{"id":55056,"date":"2022-08-27T13:54:34","date_gmt":"2022-08-27T12:54:34","guid":{"rendered":"https:\/\/occasionmachines.com\/produto\/gerador-diesel-a-e-pdg6000cle-230v\/"},"modified":"2025-01-28T12:13:11","modified_gmt":"2025-01-28T12:13:11","slug":"gerador-diesel-a-e-pdg6000cle-230v","status":"publish","type":"product","link":"https:\/\/occasionmachines.com\/pt\/produto\/gerador-diesel-a-e-pdg6000cle-230v\/","title":{"rendered":"Gerador Diesel A\/E PDG6000CLE 230V"},"content":{"rendered":"<table border=1 cellspacing=0 cellpadding=0 width=\"100%\">\n<tr>\n<td bgcolor=AntiqueWhite align=left>&nbsp;Caracter\u00edsticas T\u00e9cnicas<\/td>\n<td bgcolor=AntiqueWhite align=left>&nbsp;&#8211;<\/td>\n<td bgcolor=AntiqueWhite align=left>&nbsp;&#8212;<\/td>\n<\/tr>\n<tr>\n<td bgcolor=White>&nbsp;Pot\u00eancia M\u00e1xima<\/td>\n<td bgcolor=White>&nbsp;kW<\/td>\n<td bgcolor=White>&nbsp;5<\/td>\n<\/tr>\n<tr>\n<td bgcolor=White>&nbsp;Pot\u00eancia M\u00e1xima<\/td>\n<td bgcolor=White>&nbsp;kVA<\/td>\n<td bgcolor=White>&nbsp;5<\/td>\n<\/tr>\n<tr>\n<td bgcolor=White>&nbsp;Factor Pot\u00eancia<\/td>\n<td bgcolor=White>&nbsp;<\/td>\n<td bgcolor=White>&nbsp;1<\/td>\n<\/tr>\n<tr>\n<td bgcolor=White>&nbsp;Pot\u00eancia Nominal<\/td>\n<td bgcolor=White>&nbsp;kW<\/td>\n<td bgcolor=White>&nbsp;4.5<\/td>\n<\/tr>\n<tr>\n<td bgcolor=White>&nbsp;Pot\u00eancia Nominal<\/td>\n<td bgcolor=White>&nbsp;kVA<\/td>\n<td bgcolor=White>&nbsp;4.5<\/td>\n<\/tr>\n<tr>\n<td bgcolor=White>&nbsp;Amperagem<\/td>\n<td bgcolor=White>&nbsp;A<\/td>\n<td bgcolor=White>&nbsp;20<\/td>\n<\/tr>\n<tr>\n<td bgcolor=White>&nbsp;Voltagem<\/td>\n<td bgcolor=White>&nbsp;V<\/td>\n<td bgcolor=White>&nbsp;230<\/td>\n<\/tr>\n<tr>\n<td bgcolor=White>&nbsp;Frequ\u00eancia<\/td>\n<td bgcolor=White>&nbsp;Hz<\/td>\n<td bgcolor=White>&nbsp;50<\/td>\n<\/tr>\n<tr>\n<td bgcolor=White>&nbsp;Pot\u00eancia Motor<\/td>\n<td bgcolor=White>&nbsp;hp<\/td>\n<td bgcolor=White>&nbsp;8.5<\/td>\n<\/tr>\n<tr>\n<td bgcolor=White>&nbsp;Capacidade Dep\u00f3sito<\/td>\n<td bgcolor=White>&nbsp;L<\/td>\n<td bgcolor=White>&nbsp;12.5<\/td>\n<\/tr>\n<tr>\n<td bgcolor=White>&nbsp;Arranque <\/td>\n<td bgcolor=White>&nbsp;<\/td>\n<td bgcolor=White>&nbsp;El\u00e9trico<\/td>\n<\/tr>\n<tr>\n<td bgcolor=White>&nbsp;N\u00edvel Ruido<\/td>\n<td bgcolor=White>&nbsp;<\/td>\n<td bgcolor=White>&nbsp;= 82dBA @ 7m <\/td>\n<\/tr>\n<tr>\n<td bgcolor=White>&nbsp;Classe Prote\u00e7\u00e3o<\/td>\n<td bgcolor=White>&nbsp;<\/td>\n<td bgcolor=White>&nbsp;IP22<\/td>\n<\/tr>\n<\/table>\n","protected":false},"excerpt":{"rendered":"<p>&nbsp;Caracter\u00edsticas T\u00e9cnicas &nbsp;&#8211; &nbsp;&#8212; &nbsp;Pot\u00eancia M\u00e1xima &nbsp;kW &nbsp;5 &nbsp;Pot\u00eancia M\u00e1xima &nbsp;kVA &nbsp;5 &nbsp;Factor Pot\u00eancia &nbsp; &nbsp;1 &nbsp;Pot\u00eancia Nominal &nbsp;kW &nbsp;4.5 &nbsp;Pot\u00eancia Nominal &nbsp;kVA &nbsp;4.5 &nbsp;Amperagem &nbsp;A &nbsp;20 &nbsp;Voltagem &nbsp;V &nbsp;230 &nbsp;Frequ\u00eancia &nbsp;Hz &nbsp;50 &nbsp;Pot\u00eancia Motor &nbsp;hp &nbsp;8.5 &nbsp;Capacidade Dep\u00f3sito &nbsp;L &nbsp;12.5 &nbsp;Arranque &nbsp; &nbsp;El\u00e9trico &nbsp;N\u00edvel Ruido &nbsp; &nbsp;= 82dBA @ 7m &nbsp;Classe Prote\u00e7\u00e3o &nbsp; &nbsp;IP22<\/p>\n","protected":false},"featured_media":64286,"comment_status":"closed","ping_status":"closed","template":"","meta":[],"product_brand":[],"product_cat":[4728],"product_tag":[],"class_list":{"0":"post-55056","1":"product","2":"type-product","3":"status-publish","4":"has-post-thumbnail","6":"product_cat-geradores","7":"product_shipping_class-maquinas-medias","9":"first","10":"onbackorder","11":"sold-individually","12":"taxable","13":"shipping-taxable","14":"purchasable","15":"product-type-simple"},"_links":{"self":[{"href":"https:\/\/occasionmachines.com\/pt\/wp-json\/wp\/v2\/product\/55056","targetHints":{"allow":["GET"]}}],"collection":[{"href":"https:\/\/occasionmachines.com\/pt\/wp-json\/wp\/v2\/product"}],"about":[{"href":"https:\/\/occasionmachines.com\/pt\/wp-json\/wp\/v2\/types\/product"}],"replies":[{"embeddable":true,"href":"https:\/\/occasionmachines.com\/pt\/wp-json\/wp\/v2\/comments?post=55056"}],"wp:featuredmedia":[{"embeddable":true,"href":"https:\/\/occasionmachines.com\/pt\/wp-json\/wp\/v2\/media\/64286"}],"wp:attachment":[{"href":"https:\/\/occasionmachines.com\/pt\/wp-json\/wp\/v2\/media?parent=55056"}],"wp:term":[{"taxonomy":"product_brand","embeddable":true,"href":"https:\/\/occasionmachines.com\/pt\/wp-json\/wp\/v2\/product_brand?post=55056"},{"taxonomy":"product_cat","embeddable":true,"href":"https:\/\/occasionmachines.com\/pt\/wp-json\/wp\/v2\/product_cat?post=55056"},{"taxonomy":"product_tag","embeddable":true,"href":"https:\/\/occasionmachines.com\/pt\/wp-json\/wp\/v2\/product_tag?post=55056"}],"curies":[{"name":"wp","href":"https:\/\/api.w.org\/{rel}","templated":true}]}}