{"id":55167,"date":"2022-08-27T14:01:55","date_gmt":"2022-08-27T13:01:55","guid":{"rendered":"https:\/\/occasionmachines.com\/produto\/aparelho-soldadura-inverter-arc200i\/"},"modified":"2024-11-04T12:35:41","modified_gmt":"2024-11-04T12:35:41","slug":"aparelho-soldadura-inverter-arc200i","status":"publish","type":"product","link":"https:\/\/occasionmachines.com\/pt\/produto\/aparelho-soldadura-inverter-arc200i\/","title":{"rendered":"Aparelho Soldadura Inverter ARC200I"},"content":{"rendered":"<table border=1 cellspacing=0 cellpadding=0 width=\"100%\">\n<tr>\n<td bgcolor=AntiqueWhite align=left>&nbsp;Caracter\u00edsticas T\u00e9cnicas<\/td>\n<td bgcolor=AntiqueWhite align=left>&nbsp;&#8211;<\/td>\n<td bgcolor=AntiqueWhite align=left>&nbsp;&#8212;<\/td>\n<\/tr>\n<tr>\n<td bgcolor=White>&nbsp;Voltagem<\/td>\n<td bgcolor=White>&nbsp;V<\/td>\n<td bgcolor=White>&nbsp;230<\/td>\n<\/tr>\n<tr>\n<td bgcolor=White>&nbsp;Frequ\u00eancia<\/td>\n<td bgcolor=White>&nbsp;Hz<\/td>\n<td bgcolor=White>&nbsp;50<\/td>\n<\/tr>\n<tr>\n<td bgcolor=White>&nbsp;Pot\u00eancia Entrada<\/td>\n<td bgcolor=White>&nbsp;kVA<\/td>\n<td bgcolor=White>&nbsp;9.4<\/td>\n<\/tr>\n<tr>\n<td bgcolor=White>&nbsp;Corrente Sa\u00edda<\/td>\n<td bgcolor=White>&nbsp;A<\/td>\n<td bgcolor=White>&nbsp;10~200<\/td>\n<\/tr>\n<tr>\n<td bgcolor=White>&nbsp;Voltagem Sa\u00edda<\/td>\n<td bgcolor=White>&nbsp;V<\/td>\n<td bgcolor=White>&nbsp;20.4~28<\/td>\n<\/tr>\n<tr>\n<td bgcolor=White>&nbsp;Ciclo de Trabalho<\/td>\n<td bgcolor=White>&nbsp;%<\/td>\n<td bgcolor=White>&nbsp;35<\/td>\n<\/tr>\n<tr>\n<td bgcolor=White>&nbsp;Voltagem em Vazio<\/td>\n<td bgcolor=White>&nbsp;V<\/td>\n<td bgcolor=White>&nbsp;63<\/td>\n<\/tr>\n<tr>\n<td bgcolor=White>&nbsp;Fator Pot\u00eancia<\/td>\n<td bgcolor=White>&nbsp;<\/td>\n<td bgcolor=White>&nbsp;0.7<\/td>\n<\/tr>\n<tr>\n<td bgcolor=White>&nbsp;Ru\u00eddo<\/td>\n<td bgcolor=White>&nbsp;<\/td>\n<td bgcolor=White>&nbsp;&lt;80<\/td>\n<\/tr>\n<tr>\n<td bgcolor=White>&nbsp;Classe de Isolamento<\/td>\n<td bgcolor=White>&nbsp;<\/td>\n<td bgcolor=White>&nbsp;F<\/td>\n<\/tr>\n<\/table>\n","protected":false},"excerpt":{"rendered":"<p>&nbsp;Caracter\u00edsticas T\u00e9cnicas &nbsp;&#8211; &nbsp;&#8212; &nbsp;Voltagem &nbsp;V &nbsp;230 &nbsp;Frequ\u00eancia &nbsp;Hz &nbsp;50 &nbsp;Pot\u00eancia Entrada &nbsp;kVA &nbsp;9.4 &nbsp;Corrente Sa\u00edda &nbsp;A &nbsp;10~200 &nbsp;Voltagem Sa\u00edda &nbsp;V &nbsp;20.4~28 &nbsp;Ciclo de Trabalho &nbsp;% &nbsp;35 &nbsp;Voltagem em Vazio &nbsp;V &nbsp;63 &nbsp;Fator Pot\u00eancia &nbsp; &nbsp;0.7 &nbsp;Ru\u00eddo &nbsp; &nbsp;&lt;80 &nbsp;Classe de Isolamento &nbsp; &nbsp;F<\/p>\n","protected":false},"featured_media":63283,"comment_status":"closed","ping_status":"closed","template":"","meta":[],"product_brand":[],"product_cat":[4726],"product_tag":[],"class_list":{"0":"post-55167","1":"product","2":"type-product","3":"status-publish","4":"has-post-thumbnail","6":"product_cat-sistemas-de-soldadura","8":"first","9":"onbackorder","10":"sold-individually","11":"taxable","12":"shipping-taxable","13":"purchasable","14":"product-type-simple"},"_links":{"self":[{"href":"https:\/\/occasionmachines.com\/pt\/wp-json\/wp\/v2\/product\/55167","targetHints":{"allow":["GET"]}}],"collection":[{"href":"https:\/\/occasionmachines.com\/pt\/wp-json\/wp\/v2\/product"}],"about":[{"href":"https:\/\/occasionmachines.com\/pt\/wp-json\/wp\/v2\/types\/product"}],"replies":[{"embeddable":true,"href":"https:\/\/occasionmachines.com\/pt\/wp-json\/wp\/v2\/comments?post=55167"}],"wp:featuredmedia":[{"embeddable":true,"href":"https:\/\/occasionmachines.com\/pt\/wp-json\/wp\/v2\/media\/63283"}],"wp:attachment":[{"href":"https:\/\/occasionmachines.com\/pt\/wp-json\/wp\/v2\/media?parent=55167"}],"wp:term":[{"taxonomy":"product_brand","embeddable":true,"href":"https:\/\/occasionmachines.com\/pt\/wp-json\/wp\/v2\/product_brand?post=55167"},{"taxonomy":"product_cat","embeddable":true,"href":"https:\/\/occasionmachines.com\/pt\/wp-json\/wp\/v2\/product_cat?post=55167"},{"taxonomy":"product_tag","embeddable":true,"href":"https:\/\/occasionmachines.com\/pt\/wp-json\/wp\/v2\/product_tag?post=55167"}],"curies":[{"name":"wp","href":"https:\/\/api.w.org\/{rel}","templated":true}]}}