{"id":55172,"date":"2022-08-27T14:02:15","date_gmt":"2022-08-27T13:02:15","guid":{"rendered":"https:\/\/occasionmachines.com\/produto\/aparelho-soldadura-inverter-tig-200mma\/"},"modified":"2025-01-28T12:00:13","modified_gmt":"2025-01-28T12:00:13","slug":"aparelho-soldadura-inverter-tig-200mma","status":"publish","type":"product","link":"https:\/\/occasionmachines.com\/pt\/produto\/aparelho-soldadura-inverter-tig-200mma\/","title":{"rendered":"Aparelho Soldadura Inverter TIG 200+MMA"},"content":{"rendered":"<table border=1 cellspacing=0 cellpadding=0 width=\"100%\">\n<tr>\n<td bgcolor=AntiqueWhite align=left>&nbsp;Caracter\u00edsticas T\u00e9cnicas<\/td>\n<td bgcolor=AntiqueWhite align=left>&nbsp;&#8211;<\/td>\n<td bgcolor=AntiqueWhite align=left>&nbsp;&#8212;<\/td>\n<\/tr>\n<tr>\n<td bgcolor=White>&nbsp;Voltagem<\/td>\n<td bgcolor=White>&nbsp;V<\/td>\n<td bgcolor=White>&nbsp;230<\/td>\n<\/tr>\n<tr>\n<td bgcolor=White>&nbsp;Frequ\u00eancia<\/td>\n<td bgcolor=White>&nbsp;Hz<\/td>\n<td bgcolor=White>&nbsp;50<\/td>\n<\/tr>\n<tr>\n<td bgcolor=White>&nbsp;Pot\u00eancia Nominal<\/td>\n<td bgcolor=White>&nbsp;kVA<\/td>\n<td bgcolor=White>&nbsp;9<\/td>\n<\/tr>\n<tr>\n<td bgcolor=White>&nbsp;Corrente Nominal<\/td>\n<td bgcolor=White>&nbsp;A<\/td>\n<td bgcolor=White>&nbsp;26.3<\/td>\n<\/tr>\n<tr>\n<td bgcolor=White>&nbsp;Intervalo Corrente Soldadura<\/td>\n<td bgcolor=White>&nbsp;A<\/td>\n<td bgcolor=White>&nbsp;10-200<\/td>\n<\/tr>\n<tr>\n<td bgcolor=White>&nbsp;Fator de Marcha 60%<\/td>\n<td bgcolor=White>&nbsp;A<\/td>\n<td bgcolor=White>&nbsp;200<\/td>\n<\/tr>\n<tr>\n<td bgcolor=White>&nbsp;Fator de Marcha 100%<\/td>\n<td bgcolor=White>&nbsp;A<\/td>\n<td bgcolor=White>&nbsp;155<\/td>\n<\/tr>\n<tr>\n<td bgcolor=White>&nbsp;Voltagem em Vazio<\/td>\n<td bgcolor=White>&nbsp;V<\/td>\n<td bgcolor=White>&nbsp;0-5<\/td>\n<\/tr>\n<tr>\n<td bgcolor=White>&nbsp;Declive<\/td>\n<td bgcolor=White>&nbsp;s<\/td>\n<td bgcolor=White>&nbsp;10<\/td>\n<\/tr>\n<tr>\n<td bgcolor=White>&nbsp;Fator de Pot\u00eancia<\/td>\n<td bgcolor=White>&nbsp;<\/td>\n<td bgcolor=White>&nbsp;F<\/td>\n<\/tr>\n<tr>\n<td bgcolor=White>&nbsp;Classe de Isolamento<\/td>\n<td bgcolor=White>&nbsp;<\/td>\n<td bgcolor=White>&nbsp;IP21S<\/td>\n<\/tr>\n<tr>\n<td bgcolor=White>&nbsp;Classe de Prote\u00e7\u00e3o<\/td>\n<td bgcolor=White>&nbsp;<\/td>\n<td bgcolor=White>&nbsp;20<\/td>\n<\/tr>\n<tr>\n<td bgcolor=White>&nbsp;Corrente de Igni\u00e7\u00e3o<\/td>\n<td bgcolor=White>&nbsp;A<\/td>\n<td bgcolor=White>&nbsp;0-5<\/td>\n<\/tr>\n<tr>\n<td bgcolor=White>&nbsp;Di\u00e2metro M\u00e1x. Electrodo<\/td>\n<td bgcolor=White>&nbsp;mm<\/td>\n<td bgcolor=White>&nbsp;4<\/td>\n<\/tr>\n<\/table>\n","protected":false},"excerpt":{"rendered":"<p>&nbsp;Caracter\u00edsticas T\u00e9cnicas &nbsp;&#8211; &nbsp;&#8212; &nbsp;Voltagem &nbsp;V &nbsp;230 &nbsp;Frequ\u00eancia &nbsp;Hz &nbsp;50 &nbsp;Pot\u00eancia Nominal &nbsp;kVA &nbsp;9 &nbsp;Corrente Nominal &nbsp;A &nbsp;26.3 &nbsp;Intervalo Corrente Soldadura &nbsp;A &nbsp;10-200 &nbsp;Fator de Marcha 60% &nbsp;A &nbsp;200 &nbsp;Fator de Marcha 100% &nbsp;A &nbsp;155 &nbsp;Voltagem em Vazio &nbsp;V &nbsp;0-5 &nbsp;Declive &nbsp;s &nbsp;10 &nbsp;Fator de Pot\u00eancia &nbsp; &nbsp;F &nbsp;Classe de Isolamento &nbsp; &nbsp;IP21S &nbsp;Classe de [&hellip;]<\/p>\n","protected":false},"featured_media":63057,"comment_status":"closed","ping_status":"closed","template":"","meta":[],"product_brand":[],"product_cat":[4726],"product_tag":[],"class_list":{"0":"post-55172","1":"product","2":"type-product","3":"status-publish","4":"has-post-thumbnail","6":"product_cat-sistemas-de-soldadura","8":"first","9":"onbackorder","10":"sold-individually","11":"taxable","12":"shipping-taxable","13":"purchasable","14":"product-type-simple"},"_links":{"self":[{"href":"https:\/\/occasionmachines.com\/pt\/wp-json\/wp\/v2\/product\/55172","targetHints":{"allow":["GET"]}}],"collection":[{"href":"https:\/\/occasionmachines.com\/pt\/wp-json\/wp\/v2\/product"}],"about":[{"href":"https:\/\/occasionmachines.com\/pt\/wp-json\/wp\/v2\/types\/product"}],"replies":[{"embeddable":true,"href":"https:\/\/occasionmachines.com\/pt\/wp-json\/wp\/v2\/comments?post=55172"}],"wp:featuredmedia":[{"embeddable":true,"href":"https:\/\/occasionmachines.com\/pt\/wp-json\/wp\/v2\/media\/63057"}],"wp:attachment":[{"href":"https:\/\/occasionmachines.com\/pt\/wp-json\/wp\/v2\/media?parent=55172"}],"wp:term":[{"taxonomy":"product_brand","embeddable":true,"href":"https:\/\/occasionmachines.com\/pt\/wp-json\/wp\/v2\/product_brand?post=55172"},{"taxonomy":"product_cat","embeddable":true,"href":"https:\/\/occasionmachines.com\/pt\/wp-json\/wp\/v2\/product_cat?post=55172"},{"taxonomy":"product_tag","embeddable":true,"href":"https:\/\/occasionmachines.com\/pt\/wp-json\/wp\/v2\/product_tag?post=55172"}],"curies":[{"name":"wp","href":"https:\/\/api.w.org\/{rel}","templated":true}]}}