{"id":55177,"date":"2022-08-27T14:02:38","date_gmt":"2022-08-27T13:02:38","guid":{"rendered":"https:\/\/occasionmachines.com\/produto\/inverter-roluk-tig315p-3-ac-dc-refrigerador-carro\/"},"modified":"2025-01-28T11:58:31","modified_gmt":"2025-01-28T11:58:31","slug":"inverter-roluk-tig315p-3-ac-dc-refrigerador-carro","status":"publish","type":"product","link":"https:\/\/occasionmachines.com\/pt\/produto\/inverter-roluk-tig315p-3-ac-dc-refrigerador-carro\/","title":{"rendered":"Inverter ROLUK TIG315P-3 AC\/DC + REFRIGERADOR + CARRO"},"content":{"rendered":"<table border=1 cellspacing=0 cellpadding=0 width=\"100%\">\n<tr>\n<td bgcolor=AntiqueWhite align=left>&nbsp;Caracter\u00edsticas T\u00e9cnicas<\/td>\n<td bgcolor=AntiqueWhite align=left>&nbsp;&#8211;<\/td>\n<td bgcolor=AntiqueWhite align=left>&nbsp;&#8212;<\/td>\n<\/tr>\n<tr>\n<td bgcolor=White>&nbsp;Voltagem Alimenta\u00e7\u00e3o \/ Frequ\u00eancia<\/td>\n<td bgcolor=White>&nbsp;<\/td>\n<td bgcolor=White>&nbsp;400V \u00b115% 50Hz<\/td>\n<\/tr>\n<tr>\n<td bgcolor=White>&nbsp;Corrente Nominal<\/td>\n<td bgcolor=White>&nbsp;<\/td>\n<td bgcolor=White>&nbsp;TIG I1max= 18A I1eff=10A MMA I1max= 20A I1eff=12.4A<\/td>\n<\/tr>\n<tr>\n<td bgcolor=White>&nbsp;Pot\u00eancia (kva)<\/td>\n<td bgcolor=White>&nbsp;<\/td>\n<td bgcolor=White>&nbsp;9.0@TIG \/ 10.0@MMA<\/td>\n<\/tr>\n<tr>\n<td bgcolor=White>&nbsp;Intervalo Ajuste Corrente Sa\u00edda (A)<\/td>\n<td bgcolor=White>&nbsp;<\/td>\n<td bgcolor=White>&nbsp;TIG 10~315 \/ MMA 10~270<\/td>\n<\/tr>\n<tr>\n<td bgcolor=White>&nbsp;Intervalo Ajuste Corrente Impulso (A)<\/td>\n<td bgcolor=White>&nbsp;<\/td>\n<td bgcolor=White>&nbsp;0~100<\/td>\n<\/tr>\n<tr>\n<td bgcolor=White>&nbsp;Intervalo Ajuste Corrente Arco (A)<\/td>\n<td bgcolor=White>&nbsp;<\/td>\n<td bgcolor=White>&nbsp;0~80<\/td>\n<\/tr>\n<tr>\n<td bgcolor=White>&nbsp;Voltagem em Vazio<\/td>\n<td bgcolor=White>&nbsp;<\/td>\n<td bgcolor=White>&nbsp;C\/VRD 12.4V &#8211; S\/VRD 70V<\/td>\n<\/tr>\n<tr>\n<td bgcolor=White>&nbsp;Voltagem Nominal Funcionamento (V)<\/td>\n<td bgcolor=White>&nbsp;<\/td>\n<td bgcolor=White>&nbsp;22.6@TIG \/ 30.8@MMA<\/td>\n<\/tr>\n<tr>\n<td bgcolor=White>&nbsp;Frequ\u00eancia de Sa\u00edda AC (Hz)<\/td>\n<td bgcolor=White>&nbsp;<\/td>\n<td bgcolor=White>&nbsp;50~200<\/td>\n<\/tr>\n<tr>\n<td bgcolor=White>&nbsp;Frequ\u00eancia de Sa\u00edda AC-DC (Hz)<\/td>\n<td bgcolor=White>&nbsp;<\/td>\n<td bgcolor=White>&nbsp;1.0~20<\/td>\n<\/tr>\n<tr>\n<td bgcolor=White>&nbsp;Ciclo de Trabalho AC-DC (DC) (%)<\/td>\n<td bgcolor=White>&nbsp;<\/td>\n<td bgcolor=White>&nbsp;5~95<\/td>\n<\/tr>\n<tr>\n<td bgcolor=White>&nbsp;Corrente Base (%)<\/td>\n<td bgcolor=White>&nbsp;<\/td>\n<td bgcolor=White>&nbsp;6~315<\/td>\n<\/tr>\n<tr>\n<td bgcolor=White>&nbsp;Frequ\u00eancia Pulsada (Hz)<\/td>\n<td bgcolor=White>&nbsp;<\/td>\n<td bgcolor=White>&nbsp;DC 0.5~200 \/ AC 0.5~20<\/td>\n<\/tr>\n<tr>\n<td bgcolor=White>&nbsp;Ciclo Frequ\u00eancia Pulsada (%)<\/td>\n<td bgcolor=White>&nbsp;<\/td>\n<td bgcolor=White>&nbsp;5~95<\/td>\n<\/tr>\n<tr>\n<td bgcolor=White>&nbsp;Dura\u00e7\u00e3o Pr\u00e9-Fluxo (s)<\/td>\n<td bgcolor=White>&nbsp;<\/td>\n<td bgcolor=White>&nbsp;0.5~10<\/td>\n<\/tr>\n<tr>\n<td bgcolor=White>&nbsp;Dura\u00e7\u00e3o P\u00f3s-Fluxo (s)<\/td>\n<td bgcolor=White>&nbsp;<\/td>\n<td bgcolor=White>&nbsp;0.5~15<\/td>\n<\/tr>\n<tr>\n<td bgcolor=White>&nbsp;Dura\u00e7\u00e3o Subida Fluxo (s)<\/td>\n<td bgcolor=White>&nbsp;<\/td>\n<td bgcolor=White>&nbsp;0~15<\/td>\n<\/tr>\n<tr>\n<td bgcolor=White>&nbsp;Dura\u00e7\u00e3o Descida Fluxo (s)<\/td>\n<td bgcolor=White>&nbsp;<\/td>\n<td bgcolor=White>&nbsp;0~15<\/td>\n<\/tr>\n<tr>\n<td bgcolor=White>&nbsp;Dura\u00e7\u00e3o Arco (s)<\/td>\n<td bgcolor=White>&nbsp;<\/td>\n<td bgcolor=White>&nbsp;0.01~1.5<\/td>\n<\/tr>\n<tr>\n<td bgcolor=White>&nbsp;Controlo Remoto<\/td>\n<td bgcolor=White>&nbsp;<\/td>\n<td bgcolor=White>&nbsp;Sim (Vendido Separadamente)<\/td>\n<\/tr>\n<tr>\n<td bgcolor=White>&nbsp;Arranque HF<\/td>\n<td bgcolor=White>&nbsp;<\/td>\n<td bgcolor=White>&nbsp;Oscila\u00e7\u00e3o \/ Contacto<\/td>\n<\/tr>\n<tr>\n<td bgcolor=White>&nbsp;Efici\u00eancia (%)<\/td>\n<td bgcolor=White>&nbsp;<\/td>\n<td bgcolor=White>&nbsp;80<\/td>\n<\/tr>\n<tr>\n<td bgcolor=White>&nbsp;Ciclo Funcionamento<\/td>\n<td bgcolor=White>&nbsp;<\/td>\n<td bgcolor=White>&nbsp;TIG: 315@30% &#8211; MMA: 270@30%<\/td>\n<\/tr>\n<tr>\n<td bgcolor=White>&nbsp;Factor Pot\u00eancia<\/td>\n<td bgcolor=White>&nbsp;<\/td>\n<td bgcolor=White>&nbsp;0.70<\/td>\n<\/tr>\n<tr>\n<td bgcolor=White>&nbsp;Classe Isolamento<\/td>\n<td bgcolor=White>&nbsp;<\/td>\n<td bgcolor=White>&nbsp;F<\/td>\n<\/tr>\n<tr>\n<td bgcolor=White>&nbsp;Classe Protec\u00e7\u00e3o<\/td>\n<td bgcolor=White>&nbsp;<\/td>\n<td bgcolor=White>&nbsp;IP21S<\/td>\n<\/tr>\n<\/table>\n","protected":false},"excerpt":{"rendered":"<p>&nbsp;Caracter\u00edsticas T\u00e9cnicas &nbsp;&#8211; &nbsp;&#8212; &nbsp;Voltagem Alimenta\u00e7\u00e3o \/ Frequ\u00eancia &nbsp; &nbsp;400V \u00b115% 50Hz &nbsp;Corrente Nominal &nbsp; &nbsp;TIG I1max= 18A I1eff=10A MMA I1max= 20A I1eff=12.4A &nbsp;Pot\u00eancia (kva) &nbsp; &nbsp;9.0@TIG \/ 10.0@MMA &nbsp;Intervalo Ajuste Corrente Sa\u00edda (A) &nbsp; &nbsp;TIG 10~315 \/ MMA 10~270 &nbsp;Intervalo Ajuste Corrente Impulso (A) &nbsp; &nbsp;0~100 &nbsp;Intervalo Ajuste Corrente Arco (A) &nbsp; &nbsp;0~80 &nbsp;Voltagem [&hellip;]<\/p>\n","protected":false},"featured_media":63072,"comment_status":"closed","ping_status":"closed","template":"","meta":[],"product_brand":[],"product_cat":[4728],"product_tag":[],"class_list":{"0":"post-55177","1":"product","2":"type-product","3":"status-publish","4":"has-post-thumbnail","6":"product_cat-geradores","7":"product_shipping_class-maquinas-medias","9":"first","10":"onbackorder","11":"sold-individually","12":"taxable","13":"shipping-taxable","14":"purchasable","15":"product-type-simple"},"_links":{"self":[{"href":"https:\/\/occasionmachines.com\/pt\/wp-json\/wp\/v2\/product\/55177","targetHints":{"allow":["GET"]}}],"collection":[{"href":"https:\/\/occasionmachines.com\/pt\/wp-json\/wp\/v2\/product"}],"about":[{"href":"https:\/\/occasionmachines.com\/pt\/wp-json\/wp\/v2\/types\/product"}],"replies":[{"embeddable":true,"href":"https:\/\/occasionmachines.com\/pt\/wp-json\/wp\/v2\/comments?post=55177"}],"wp:featuredmedia":[{"embeddable":true,"href":"https:\/\/occasionmachines.com\/pt\/wp-json\/wp\/v2\/media\/63072"}],"wp:attachment":[{"href":"https:\/\/occasionmachines.com\/pt\/wp-json\/wp\/v2\/media?parent=55177"}],"wp:term":[{"taxonomy":"product_brand","embeddable":true,"href":"https:\/\/occasionmachines.com\/pt\/wp-json\/wp\/v2\/product_brand?post=55177"},{"taxonomy":"product_cat","embeddable":true,"href":"https:\/\/occasionmachines.com\/pt\/wp-json\/wp\/v2\/product_cat?post=55177"},{"taxonomy":"product_tag","embeddable":true,"href":"https:\/\/occasionmachines.com\/pt\/wp-json\/wp\/v2\/product_tag?post=55177"}],"curies":[{"name":"wp","href":"https:\/\/api.w.org\/{rel}","templated":true}]}}