{"id":55196,"date":"2022-08-27T14:03:53","date_gmt":"2022-08-27T13:03:53","guid":{"rendered":"https:\/\/occasionmachines.com\/produto\/semi-automatica-modular-inverter-sinergica-mig-400s\/"},"modified":"2025-01-28T11:50:48","modified_gmt":"2025-01-28T11:50:48","slug":"semi-automatica-modular-inverter-sinergica-mig-400s","status":"publish","type":"product","link":"https:\/\/occasionmachines.com\/pt\/produto\/semi-automatica-modular-inverter-sinergica-mig-400s\/","title":{"rendered":"Semi-automatica Modular Inverter Sinergica MIG 400S"},"content":{"rendered":"<table border=1 cellspacing=0 cellpadding=0 width=\"100%\">\n<tr>\n<td bgcolor=AntiqueWhite align=left>&nbsp;Caracter\u00edsticas T\u00e9cnicas<\/td>\n<td bgcolor=AntiqueWhite align=left>&nbsp;&#8211;<\/td>\n<td bgcolor=AntiqueWhite align=left>&nbsp;&#8212;<\/td>\n<\/tr>\n<tr>\n<td bgcolor=White>&nbsp;Voltagem \/ Frequ\u00eancia<\/td>\n<td bgcolor=White>&nbsp;<\/td>\n<td bgcolor=White>&nbsp;400V\u00b115% 50HZ<\/td>\n<\/tr>\n<tr>\n<td bgcolor=White>&nbsp;Corrente Sa\u00edda<\/td>\n<td bgcolor=White>&nbsp;A<\/td>\n<td bgcolor=White>&nbsp;400<\/td>\n<\/tr>\n<tr>\n<td bgcolor=White>&nbsp;Voltagem Sa\u00edda<\/td>\n<td bgcolor=White>&nbsp;V<\/td>\n<td bgcolor=White>&nbsp;36<\/td>\n<\/tr>\n<tr>\n<td bgcolor=White>&nbsp;Voltagem em Vazio<\/td>\n<td bgcolor=White>&nbsp;V<\/td>\n<td bgcolor=White>&nbsp;70<\/td>\n<\/tr>\n<tr>\n<td bgcolor=White>&nbsp;Intervalo de Corrente<\/td>\n<td bgcolor=White>&nbsp;A<\/td>\n<td bgcolor=White>&nbsp;10-400<\/td>\n<\/tr>\n<tr>\n<td bgcolor=White>&nbsp;Intervalo de Voltagem<\/td>\n<td bgcolor=White>&nbsp;V<\/td>\n<td bgcolor=White>&nbsp;12.0-39.0<\/td>\n<\/tr>\n<tr>\n<td bgcolor=White>&nbsp;Classe de Isolamento<\/td>\n<td bgcolor=White>&nbsp;<\/td>\n<td bgcolor=White>&nbsp;F<\/td>\n<\/tr>\n<tr>\n<td bgcolor=White>&nbsp;Classe de prote\u00e7\u00e3o<\/td>\n<td bgcolor=White>&nbsp;<\/td>\n<td bgcolor=White>&nbsp;IP21S<\/td>\n<\/tr>\n<tr>\n<td bgcolor=White>&nbsp;Fator Pot\u00eancia<\/td>\n<td bgcolor=White>&nbsp;<\/td>\n<td bgcolor=White>&nbsp;0.85<\/td>\n<\/tr>\n<tr>\n<td bgcolor=White>&nbsp;Efici\u00eancia<\/td>\n<td bgcolor=White>&nbsp;<\/td>\n<td bgcolor=White>&nbsp;85%<\/td>\n<\/tr>\n<\/table>\n","protected":false},"excerpt":{"rendered":"<p>&nbsp;Caracter\u00edsticas T\u00e9cnicas &nbsp;&#8211; &nbsp;&#8212; &nbsp;Voltagem \/ Frequ\u00eancia &nbsp; &nbsp;400V\u00b115% 50HZ &nbsp;Corrente Sa\u00edda &nbsp;A &nbsp;400 &nbsp;Voltagem Sa\u00edda &nbsp;V &nbsp;36 &nbsp;Voltagem em Vazio &nbsp;V &nbsp;70 &nbsp;Intervalo de Corrente &nbsp;A &nbsp;10-400 &nbsp;Intervalo de Voltagem &nbsp;V &nbsp;12.0-39.0 &nbsp;Classe de Isolamento &nbsp; &nbsp;F &nbsp;Classe de prote\u00e7\u00e3o &nbsp; &nbsp;IP21S &nbsp;Fator Pot\u00eancia &nbsp; &nbsp;0.85 &nbsp;Efici\u00eancia &nbsp; &nbsp;85%<\/p>\n","protected":false},"featured_media":63282,"comment_status":"closed","ping_status":"closed","template":"","meta":[],"product_brand":[],"product_cat":[4726],"product_tag":[],"class_list":{"0":"post-55196","1":"product","2":"type-product","3":"status-publish","4":"has-post-thumbnail","6":"product_cat-sistemas-de-soldadura","7":"product_shipping_class-maquinas-medias","9":"first","10":"onbackorder","11":"sold-individually","12":"taxable","13":"shipping-taxable","14":"purchasable","15":"product-type-simple"},"_links":{"self":[{"href":"https:\/\/occasionmachines.com\/pt\/wp-json\/wp\/v2\/product\/55196","targetHints":{"allow":["GET"]}}],"collection":[{"href":"https:\/\/occasionmachines.com\/pt\/wp-json\/wp\/v2\/product"}],"about":[{"href":"https:\/\/occasionmachines.com\/pt\/wp-json\/wp\/v2\/types\/product"}],"replies":[{"embeddable":true,"href":"https:\/\/occasionmachines.com\/pt\/wp-json\/wp\/v2\/comments?post=55196"}],"wp:featuredmedia":[{"embeddable":true,"href":"https:\/\/occasionmachines.com\/pt\/wp-json\/wp\/v2\/media\/63282"}],"wp:attachment":[{"href":"https:\/\/occasionmachines.com\/pt\/wp-json\/wp\/v2\/media?parent=55196"}],"wp:term":[{"taxonomy":"product_brand","embeddable":true,"href":"https:\/\/occasionmachines.com\/pt\/wp-json\/wp\/v2\/product_brand?post=55196"},{"taxonomy":"product_cat","embeddable":true,"href":"https:\/\/occasionmachines.com\/pt\/wp-json\/wp\/v2\/product_cat?post=55196"},{"taxonomy":"product_tag","embeddable":true,"href":"https:\/\/occasionmachines.com\/pt\/wp-json\/wp\/v2\/product_tag?post=55196"}],"curies":[{"name":"wp","href":"https:\/\/api.w.org\/{rel}","templated":true}]}}