{"id":55213,"date":"2022-08-27T14:05:20","date_gmt":"2022-08-27T13:05:20","guid":{"rendered":"https:\/\/occasionmachines.com\/produto\/extractor-de-fumos-roluk-rse22-c-braco-armoflex-160-3\/"},"modified":"2025-01-28T11:45:19","modified_gmt":"2025-01-28T11:45:19","slug":"extractor-de-fumos-roluk-rse22-c-braco-armoflex-160-3","status":"publish","type":"product","link":"https:\/\/occasionmachines.com\/pt\/produto\/extractor-de-fumos-roluk-rse22-c-braco-armoflex-160-3\/","title":{"rendered":"Extractor de Fumos Roluk Rse22 C\/ Braco Armoflex 160\/3"},"content":{"rendered":"<table border=1 cellspacing=0 cellpadding=0 width=\"100%\">\n<tr>\n<td bgcolor=AntiqueWhite align=left>&nbsp;Caracter\u00edsticas T\u00e9cnicas<\/td>\n<td bgcolor=AntiqueWhite align=left>&nbsp;&#8211;<\/td>\n<td bgcolor=AntiqueWhite align=left>&nbsp;&#8212;<\/td>\n<\/tr>\n<tr>\n<td bgcolor=White>&nbsp;Tens\u00e3o Alimenta\u00e7\u00e3o<\/td>\n<td bgcolor=White>&nbsp;V<\/td>\n<td bgcolor=White>&nbsp;230<\/td>\n<\/tr>\n<tr>\n<td bgcolor=White>&nbsp;Frequ\u00eancia Rede<\/td>\n<td bgcolor=White>&nbsp;Hz<\/td>\n<td bgcolor=White>&nbsp;50<\/td>\n<\/tr>\n<tr>\n<td bgcolor=White>&nbsp;Pot\u00eancia<\/td>\n<td bgcolor=White>&nbsp;kW<\/td>\n<td bgcolor=White>&nbsp;1.1<\/td>\n<\/tr>\n<tr>\n<td bgcolor=White>&nbsp;Corrente Absorvida<\/td>\n<td bgcolor=White>&nbsp;A<\/td>\n<td bgcolor=White>&nbsp;4.85<\/td>\n<\/tr>\n<tr>\n<td bgcolor=White>&nbsp;Caudal M\u00e1x. Extractor<\/td>\n<td bgcolor=White>&nbsp;m3\/h<\/td>\n<td bgcolor=White>&nbsp;2500<\/td>\n<\/tr>\n<tr>\n<td bgcolor=White>&nbsp;Press\u00e3o negativa do extractor (Aspira\u00e7\u00e3o)<\/td>\n<td bgcolor=White>&nbsp;Pa<\/td>\n<td bgcolor=White>&nbsp;1400<\/td>\n<\/tr>\n<tr>\n<td bgcolor=White>&nbsp;Classe Prote\u00e7\u00e3o IP<\/td>\n<td bgcolor=White>&nbsp;<\/td>\n<td bgcolor=White>&nbsp;55<\/td>\n<\/tr>\n<tr>\n<td bgcolor=White>&nbsp;Classe Isolamento ISO<\/td>\n<td bgcolor=White>&nbsp;<\/td>\n<td bgcolor=White>&nbsp;F<\/td>\n<\/tr>\n<tr>\n<td bgcolor=White>&nbsp;Caudal Ar M\u00e1quina<\/td>\n<td bgcolor=White>&nbsp;m3\/h<\/td>\n<td bgcolor=White>&nbsp;1100<\/td>\n<\/tr>\n<tr>\n<td bgcolor=White>&nbsp;Queda Press\u00e3o M\u00e1quina<\/td>\n<td bgcolor=White>&nbsp;Pa<\/td>\n<td bgcolor=White>&nbsp;630<\/td>\n<\/tr>\n<tr>\n<td bgcolor=White>&nbsp;Efici\u00eancia Filtra\u00e7\u00e3o (ISO 16890)<\/td>\n<td bgcolor=White>&nbsp;<\/td>\n<td bgcolor=White>&nbsp;E12 99.5%<\/td>\n<\/tr>\n<tr>\n<td bgcolor=White>&nbsp;Temperatura M\u00e1xima Uso<\/td>\n<td bgcolor=White>&nbsp;\u00b0C<\/td>\n<td bgcolor=White>&nbsp;60<\/td>\n<\/tr>\n<tr>\n<td bgcolor=White>&nbsp;N\u00edvel Press\u00e3o Sonora<\/td>\n<td bgcolor=White>&nbsp;dB(A)<\/td>\n<td bgcolor=White>&nbsp;69<\/td>\n<\/tr>\n<tr>\n<td bgcolor=White>&nbsp;Comprimento Tubo Aspira\u00e7\u00e3o<\/td>\n<td bgcolor=White>&nbsp;m<\/td>\n<td bgcolor=White>&nbsp;3<\/td>\n<\/tr>\n<tr>\n<td bgcolor=White>&nbsp;Largura Tubo Aspira\u00e7\u00e3o<\/td>\n<td bgcolor=White>&nbsp;mm<\/td>\n<td bgcolor=White>&nbsp;160<\/td>\n<\/tr>\n<tr>\n<td bgcolor=White>&nbsp;Material Tubo Aspira\u00e7\u00e3o<\/td>\n<td bgcolor=White>&nbsp;<\/td>\n<td bgcolor=White>&nbsp;PVC<\/td>\n<\/tr>\n<tr>\n<td bgcolor=White>&nbsp;Dimens\u00e3o Bocal Tubo Aspira\u00e7\u00e3o<\/td>\n<td bgcolor=White>&nbsp;mm<\/td>\n<td bgcolor=White>&nbsp;340<\/td>\n<\/tr>\n<tr>\n<td bgcolor=White>&nbsp;Peso Tubo Aspira\u00e7\u00e3o<\/td>\n<td bgcolor=White>&nbsp;Kg<\/td>\n<td bgcolor=White>&nbsp;14<\/td>\n<\/tr>\n<\/table>\n","protected":false},"excerpt":{"rendered":"<p>&nbsp;Caracter\u00edsticas T\u00e9cnicas &nbsp;&#8211; &nbsp;&#8212; &nbsp;Tens\u00e3o Alimenta\u00e7\u00e3o &nbsp;V &nbsp;230 &nbsp;Frequ\u00eancia Rede &nbsp;Hz &nbsp;50 &nbsp;Pot\u00eancia &nbsp;kW &nbsp;1.1 &nbsp;Corrente Absorvida &nbsp;A &nbsp;4.85 &nbsp;Caudal M\u00e1x. Extractor &nbsp;m3\/h &nbsp;2500 &nbsp;Press\u00e3o negativa do extractor (Aspira\u00e7\u00e3o) &nbsp;Pa &nbsp;1400 &nbsp;Classe Prote\u00e7\u00e3o IP &nbsp; &nbsp;55 &nbsp;Classe Isolamento ISO &nbsp; &nbsp;F &nbsp;Caudal Ar M\u00e1quina &nbsp;m3\/h &nbsp;1100 &nbsp;Queda Press\u00e3o M\u00e1quina &nbsp;Pa &nbsp;630 &nbsp;Efici\u00eancia Filtra\u00e7\u00e3o (ISO 16890) [&hellip;]<\/p>\n","protected":false},"featured_media":62916,"comment_status":"closed","ping_status":"closed","template":"","meta":[],"product_brand":[],"product_cat":[4726],"product_tag":[],"class_list":{"0":"post-55213","1":"product","2":"type-product","3":"status-publish","4":"has-post-thumbnail","6":"product_cat-sistemas-de-soldadura","7":"product_shipping_class-maquinas-medias","9":"first","10":"onbackorder","11":"sold-individually","12":"taxable","13":"shipping-taxable","14":"purchasable","15":"product-type-simple"},"_links":{"self":[{"href":"https:\/\/occasionmachines.com\/pt\/wp-json\/wp\/v2\/product\/55213","targetHints":{"allow":["GET"]}}],"collection":[{"href":"https:\/\/occasionmachines.com\/pt\/wp-json\/wp\/v2\/product"}],"about":[{"href":"https:\/\/occasionmachines.com\/pt\/wp-json\/wp\/v2\/types\/product"}],"replies":[{"embeddable":true,"href":"https:\/\/occasionmachines.com\/pt\/wp-json\/wp\/v2\/comments?post=55213"}],"wp:featuredmedia":[{"embeddable":true,"href":"https:\/\/occasionmachines.com\/pt\/wp-json\/wp\/v2\/media\/62916"}],"wp:attachment":[{"href":"https:\/\/occasionmachines.com\/pt\/wp-json\/wp\/v2\/media?parent=55213"}],"wp:term":[{"taxonomy":"product_brand","embeddable":true,"href":"https:\/\/occasionmachines.com\/pt\/wp-json\/wp\/v2\/product_brand?post=55213"},{"taxonomy":"product_cat","embeddable":true,"href":"https:\/\/occasionmachines.com\/pt\/wp-json\/wp\/v2\/product_cat?post=55213"},{"taxonomy":"product_tag","embeddable":true,"href":"https:\/\/occasionmachines.com\/pt\/wp-json\/wp\/v2\/product_tag?post=55213"}],"curies":[{"name":"wp","href":"https:\/\/api.w.org\/{rel}","templated":true}]}}