{"id":55215,"date":"2022-08-27T14:05:26","date_gmt":"2022-08-27T13:05:26","guid":{"rendered":"https:\/\/occasionmachines.com\/produto\/refrigerador-30-roluk\/"},"modified":"2025-01-28T11:28:24","modified_gmt":"2025-01-28T11:28:24","slug":"refrigerador-30-roluk","status":"publish","type":"product","link":"https:\/\/occasionmachines.com\/pt\/produto\/refrigerador-30-roluk\/","title":{"rendered":"Refrigerador 30 ROLUK"},"content":{"rendered":"<table border=1 cellspacing=0 cellpadding=0 width=\"100%\">\n<tr>\n<td bgcolor=AntiqueWhite align=left>&nbsp;Caracter\u00edsticas T\u00e9cnicas<\/td>\n<td bgcolor=AntiqueWhite align=left>&nbsp;&#8211;<\/td>\n<td bgcolor=AntiqueWhite align=left>&nbsp;&#8212;<\/td>\n<\/tr>\n<tr>\n<td bgcolor=White>&nbsp;Potencia<\/td>\n<td bgcolor=White>&nbsp;W<\/td>\n<td bgcolor=White>&nbsp;150<\/td>\n<\/tr>\n<tr>\n<td bgcolor=White>&nbsp;Corrente de entrada<\/td>\n<td bgcolor=White>&nbsp;A<\/td>\n<td bgcolor=White>&nbsp;2.4<\/td>\n<\/tr>\n<tr>\n<td bgcolor=White>&nbsp;Press\u00e3o Maxima<\/td>\n<td bgcolor=White>&nbsp;Mpa<\/td>\n<td bgcolor=White>&nbsp;0.5<\/td>\n<\/tr>\n<tr>\n<td bgcolor=White>&nbsp;Voltagem<\/td>\n<td bgcolor=White>&nbsp;V<\/td>\n<td bgcolor=White>&nbsp;380<\/td>\n<\/tr>\n<tr>\n<td bgcolor=White>&nbsp;Liquido<\/td>\n<td bgcolor=White>&nbsp;<\/td>\n<td bgcolor=White>&nbsp;\u00c1gua<\/td>\n<\/tr>\n<tr>\n<td bgcolor=White>&nbsp;Tomadas de \u00c1gua <\/td>\n<td bgcolor=White>&nbsp;<\/td>\n<td bgcolor=White>&nbsp;Universal<\/td>\n<\/tr>\n<\/table>\n","protected":false},"excerpt":{"rendered":"<p>&nbsp;Caracter\u00edsticas T\u00e9cnicas &nbsp;&#8211; &nbsp;&#8212; &nbsp;Potencia &nbsp;W &nbsp;150 &nbsp;Corrente de entrada &nbsp;A &nbsp;2.4 &nbsp;Press\u00e3o Maxima &nbsp;Mpa &nbsp;0.5 &nbsp;Voltagem &nbsp;V &nbsp;380 &nbsp;Liquido &nbsp; &nbsp;\u00c1gua &nbsp;Tomadas de \u00c1gua &nbsp; &nbsp;Universal<\/p>\n","protected":false},"featured_media":63056,"comment_status":"closed","ping_status":"closed","template":"","meta":[],"product_brand":[],"product_cat":[4728],"product_tag":[],"class_list":{"0":"post-55215","1":"product","2":"type-product","3":"status-publish","4":"has-post-thumbnail","6":"product_cat-geradores","7":"product_shipping_class-maquinas-medias","9":"first","10":"onbackorder","11":"sold-individually","12":"taxable","13":"shipping-taxable","14":"purchasable","15":"product-type-simple"},"_links":{"self":[{"href":"https:\/\/occasionmachines.com\/pt\/wp-json\/wp\/v2\/product\/55215","targetHints":{"allow":["GET"]}}],"collection":[{"href":"https:\/\/occasionmachines.com\/pt\/wp-json\/wp\/v2\/product"}],"about":[{"href":"https:\/\/occasionmachines.com\/pt\/wp-json\/wp\/v2\/types\/product"}],"replies":[{"embeddable":true,"href":"https:\/\/occasionmachines.com\/pt\/wp-json\/wp\/v2\/comments?post=55215"}],"wp:featuredmedia":[{"embeddable":true,"href":"https:\/\/occasionmachines.com\/pt\/wp-json\/wp\/v2\/media\/63056"}],"wp:attachment":[{"href":"https:\/\/occasionmachines.com\/pt\/wp-json\/wp\/v2\/media?parent=55215"}],"wp:term":[{"taxonomy":"product_brand","embeddable":true,"href":"https:\/\/occasionmachines.com\/pt\/wp-json\/wp\/v2\/product_brand?post=55215"},{"taxonomy":"product_cat","embeddable":true,"href":"https:\/\/occasionmachines.com\/pt\/wp-json\/wp\/v2\/product_cat?post=55215"},{"taxonomy":"product_tag","embeddable":true,"href":"https:\/\/occasionmachines.com\/pt\/wp-json\/wp\/v2\/product_tag?post=55215"}],"curies":[{"name":"wp","href":"https:\/\/api.w.org\/{rel}","templated":true}]}}