{"id":55297,"date":"2022-08-27T14:11:33","date_gmt":"2022-08-27T13:11:33","guid":{"rendered":"https:\/\/occasionmachines.com\/produto\/aspirador-liquido-vewi220\/"},"modified":"2025-01-28T11:25:36","modified_gmt":"2025-01-28T11:25:36","slug":"aspirador-liquido-vewi220","status":"publish","type":"product","link":"https:\/\/occasionmachines.com\/pt\/produto\/aspirador-liquido-vewi220\/","title":{"rendered":"Aspirador Liquidos VEWI220"},"content":{"rendered":"<table border=1 cellspacing=0 cellpadding=0 width=\"100%\">\n<tr>\n<td bgcolor=AntiqueWhite align=left>&nbsp;Caracter\u00edsticas T\u00e9cnicas<\/td>\n<td bgcolor=AntiqueWhite align=left>&nbsp;&#8211;<\/td>\n<td bgcolor=AntiqueWhite align=left>&nbsp;&#8212;<\/td>\n<\/tr>\n<tr>\n<td bgcolor=White>&nbsp;Potencia Max <\/td>\n<td bgcolor=White>&nbsp;W<\/td>\n<td bgcolor=White>&nbsp;2400<\/td>\n<\/tr>\n<tr>\n<td bgcolor=White>&nbsp;Cacidade do Reservat\u00f3rio<\/td>\n<td bgcolor=White>&nbsp;L<\/td>\n<td bgcolor=White>&nbsp;76 <\/td>\n<\/tr>\n<tr>\n<td bgcolor=White>&nbsp;Material do Tanque<\/td>\n<td bgcolor=White>&nbsp;<\/td>\n<td bgcolor=White>&nbsp;INOX<\/td>\n<\/tr>\n<tr>\n<td bgcolor=White>&nbsp;N\u00famero de motores<\/td>\n<td bgcolor=White>&nbsp;<\/td>\n<td bgcolor=White>&nbsp;2<\/td>\n<\/tr>\n<tr>\n<td bgcolor=White>&nbsp;Turbina Motor<\/td>\n<td bgcolor=White>&nbsp;<\/td>\n<td bgcolor=White>&nbsp;Dupla<\/td>\n<\/tr>\n<tr>\n<td bgcolor=White>&nbsp;Voltagem<\/td>\n<td bgcolor=White>&nbsp;V<\/td>\n<td bgcolor=White>&nbsp;230<\/td>\n<\/tr>\n<tr>\n<td bgcolor=White>&nbsp;Tipo de Arrefecimento<\/td>\n<td bgcolor=White>&nbsp;<\/td>\n<td bgcolor=White>&nbsp;By-pass<\/td>\n<\/tr>\n<tr>\n<td bgcolor=White>&nbsp;Pot\u00eancia Nominal<\/td>\n<td bgcolor=White>&nbsp;W<\/td>\n<td bgcolor=White>&nbsp;2050 <\/td>\n<\/tr>\n<tr>\n<td bgcolor=White>&nbsp;Depress\u00e3o<\/td>\n<td bgcolor=White>&nbsp;<\/td>\n<td bgcolor=White>&nbsp;2250 mm H2O<\/td>\n<\/tr>\n<tr>\n<td bgcolor=White>&nbsp;Ar Aspirado<\/td>\n<td bgcolor=White>&nbsp;m3\/h<\/td>\n<td bgcolor=White>&nbsp;340<\/td>\n<\/tr>\n<tr>\n<td bgcolor=White>&nbsp;Niv. Sonoro LpA<\/td>\n<td bgcolor=White>&nbsp;dB<\/td>\n<td bgcolor=White>&nbsp;67 <\/td>\n<\/tr>\n<\/table>\n","protected":false},"excerpt":{"rendered":"<p>&nbsp;Caracter\u00edsticas T\u00e9cnicas &nbsp;&#8211; &nbsp;&#8212; &nbsp;Potencia Max &nbsp;W &nbsp;2400 &nbsp;Cacidade do Reservat\u00f3rio &nbsp;L &nbsp;76 &nbsp;Material do Tanque &nbsp; &nbsp;INOX &nbsp;N\u00famero de motores &nbsp; &nbsp;2 &nbsp;Turbina Motor &nbsp; &nbsp;Dupla &nbsp;Voltagem &nbsp;V &nbsp;230 &nbsp;Tipo de Arrefecimento &nbsp; &nbsp;By-pass &nbsp;Pot\u00eancia Nominal &nbsp;W &nbsp;2050 &nbsp;Depress\u00e3o &nbsp; &nbsp;2250 mm H2O &nbsp;Ar Aspirado &nbsp;m3\/h &nbsp;340 &nbsp;Niv. Sonoro LpA &nbsp;dB &nbsp;67<\/p>\n","protected":false},"featured_media":62936,"comment_status":"closed","ping_status":"closed","template":"","meta":[],"product_brand":[],"product_cat":[2775],"product_tag":[],"class_list":{"0":"post-55297","1":"product","2":"type-product","3":"status-publish","4":"has-post-thumbnail","6":"product_cat-aspiradores","7":"product_shipping_class-maquinas-medias","9":"first","10":"onbackorder","11":"sold-individually","12":"taxable","13":"shipping-taxable","14":"purchasable","15":"product-type-simple"},"_links":{"self":[{"href":"https:\/\/occasionmachines.com\/pt\/wp-json\/wp\/v2\/product\/55297","targetHints":{"allow":["GET"]}}],"collection":[{"href":"https:\/\/occasionmachines.com\/pt\/wp-json\/wp\/v2\/product"}],"about":[{"href":"https:\/\/occasionmachines.com\/pt\/wp-json\/wp\/v2\/types\/product"}],"replies":[{"embeddable":true,"href":"https:\/\/occasionmachines.com\/pt\/wp-json\/wp\/v2\/comments?post=55297"}],"wp:featuredmedia":[{"embeddable":true,"href":"https:\/\/occasionmachines.com\/pt\/wp-json\/wp\/v2\/media\/62936"}],"wp:attachment":[{"href":"https:\/\/occasionmachines.com\/pt\/wp-json\/wp\/v2\/media?parent=55297"}],"wp:term":[{"taxonomy":"product_brand","embeddable":true,"href":"https:\/\/occasionmachines.com\/pt\/wp-json\/wp\/v2\/product_brand?post=55297"},{"taxonomy":"product_cat","embeddable":true,"href":"https:\/\/occasionmachines.com\/pt\/wp-json\/wp\/v2\/product_cat?post=55297"},{"taxonomy":"product_tag","embeddable":true,"href":"https:\/\/occasionmachines.com\/pt\/wp-json\/wp\/v2\/product_tag?post=55297"}],"curies":[{"name":"wp","href":"https:\/\/api.w.org\/{rel}","templated":true}]}}