{"id":55330,"date":"2022-08-27T14:13:54","date_gmt":"2022-08-27T13:13:54","guid":{"rendered":"https:\/\/occasionmachines.com\/produto\/aquecedor-gas-arranque-automatico-k2c-g400e\/"},"modified":"2025-01-27T17:54:03","modified_gmt":"2025-01-27T17:54:03","slug":"aquecedor-gas-arranque-automatico-k2c-g400e","status":"publish","type":"product","link":"https:\/\/occasionmachines.com\/pt\/produto\/aquecedor-gas-arranque-automatico-k2c-g400e\/","title":{"rendered":"Aquecedor Gas Arranque Automatico K2C G400E"},"content":{"rendered":"<table border=1 cellspacing=0 cellpadding=0 width=\"100%\">\n<tr>\n<td bgcolor=AntiqueWhite align=left>&nbsp;Caracter\u00edsticas T\u00e9cnicas<\/td>\n<td bgcolor=AntiqueWhite align=left>&nbsp;&#8211;<\/td>\n<td bgcolor=AntiqueWhite align=left>&nbsp;&#8212;<\/td>\n<\/tr>\n<tr>\n<td bgcolor=White>&nbsp;Pot\u00eancia <\/td>\n<td bgcolor=White>&nbsp;kW<\/td>\n<td bgcolor=White>&nbsp;30.7 &#8211; 46.5<\/td>\n<\/tr>\n<tr>\n<td bgcolor=White>&nbsp;Pot\u00eancia <\/td>\n<td bgcolor=White>&nbsp;Kcal\/h<\/td>\n<td bgcolor=White>&nbsp;26.400 &#8211; 40.000<\/td>\n<\/tr>\n<tr>\n<td bgcolor=White>&nbsp;Energia<\/td>\n<td bgcolor=White>&nbsp;BTU\/h<\/td>\n<td bgcolor=White>&nbsp;104.751 &#8211; 158.662<\/td>\n<\/tr>\n<tr>\n<td bgcolor=White>&nbsp;Caudal<\/td>\n<td bgcolor=White>&nbsp;m3\/h<\/td>\n<td bgcolor=White>&nbsp;1.600<\/td>\n<\/tr>\n<tr>\n<td bgcolor=White>&nbsp;Pot\u00eancia<\/td>\n<td bgcolor=White>&nbsp;W<\/td>\n<td bgcolor=White>&nbsp;103<\/td>\n<\/tr>\n<tr>\n<td bgcolor=White>&nbsp;Consumo<\/td>\n<td bgcolor=White>&nbsp;Kg\/h<\/td>\n<td bgcolor=White>&nbsp;2.37 &#8211; 3.55<\/td>\n<\/tr>\n<tr>\n<td bgcolor=White>&nbsp;Press\u00e3o G\u00e1s<\/td>\n<td bgcolor=White>&nbsp;<\/td>\n<td bgcolor=White>&nbsp;1.5 bar \/ 21.75 psi<\/td>\n<\/tr>\n<tr>\n<td bgcolor=White>&nbsp;Tipo G\u00e1s<\/td>\n<td bgcolor=White>&nbsp;<\/td>\n<td bgcolor=White>&nbsp;Propano \/ Butano<\/td>\n<\/tr>\n<\/table>\n","protected":false},"excerpt":{"rendered":"<p>&nbsp;Caracter\u00edsticas T\u00e9cnicas &nbsp;&#8211; &nbsp;&#8212; &nbsp;Pot\u00eancia &nbsp;kW &nbsp;30.7 &#8211; 46.5 &nbsp;Pot\u00eancia &nbsp;Kcal\/h &nbsp;26.400 &#8211; 40.000 &nbsp;Energia &nbsp;BTU\/h &nbsp;104.751 &#8211; 158.662 &nbsp;Caudal &nbsp;m3\/h &nbsp;1.600 &nbsp;Pot\u00eancia &nbsp;W &nbsp;103 &nbsp;Consumo &nbsp;Kg\/h &nbsp;2.37 &#8211; 3.55 &nbsp;Press\u00e3o G\u00e1s &nbsp; &nbsp;1.5 bar \/ 21.75 psi &nbsp;Tipo G\u00e1s &nbsp; &nbsp;Propano \/ Butano<\/p>\n","protected":false},"featured_media":64068,"comment_status":"closed","ping_status":"closed","template":"","meta":[],"product_brand":[],"product_cat":[7825],"product_tag":[],"class_list":{"0":"post-55330","1":"product","2":"type-product","3":"status-publish","4":"has-post-thumbnail","6":"product_cat-ar-quente","7":"product_shipping_class-maquinas-grandes","9":"first","10":"onbackorder","11":"sold-individually","12":"taxable","13":"shipping-taxable","14":"purchasable","15":"product-type-simple"},"_links":{"self":[{"href":"https:\/\/occasionmachines.com\/pt\/wp-json\/wp\/v2\/product\/55330","targetHints":{"allow":["GET"]}}],"collection":[{"href":"https:\/\/occasionmachines.com\/pt\/wp-json\/wp\/v2\/product"}],"about":[{"href":"https:\/\/occasionmachines.com\/pt\/wp-json\/wp\/v2\/types\/product"}],"replies":[{"embeddable":true,"href":"https:\/\/occasionmachines.com\/pt\/wp-json\/wp\/v2\/comments?post=55330"}],"wp:featuredmedia":[{"embeddable":true,"href":"https:\/\/occasionmachines.com\/pt\/wp-json\/wp\/v2\/media\/64068"}],"wp:attachment":[{"href":"https:\/\/occasionmachines.com\/pt\/wp-json\/wp\/v2\/media?parent=55330"}],"wp:term":[{"taxonomy":"product_brand","embeddable":true,"href":"https:\/\/occasionmachines.com\/pt\/wp-json\/wp\/v2\/product_brand?post=55330"},{"taxonomy":"product_cat","embeddable":true,"href":"https:\/\/occasionmachines.com\/pt\/wp-json\/wp\/v2\/product_cat?post=55330"},{"taxonomy":"product_tag","embeddable":true,"href":"https:\/\/occasionmachines.com\/pt\/wp-json\/wp\/v2\/product_tag?post=55330"}],"curies":[{"name":"wp","href":"https:\/\/api.w.org\/{rel}","templated":true}]}}