{"id":56808,"date":"2022-12-22T18:44:49","date_gmt":"2022-12-22T18:44:49","guid":{"rendered":"https:\/\/occasionmachines.com\/?post_type=product&#038;p=56808"},"modified":"2025-05-26T16:44:19","modified_gmt":"2025-05-26T15:44:19","slug":"fresadora-universal-deckel-fp2lb","status":"publish","type":"product","link":"https:\/\/occasionmachines.com\/pt\/produto\/fresadora-universal-deckel-fp2lb\/","title":{"rendered":"Fresadora Universal Deckel FP2lb"},"content":{"rendered":"<p>Fresadora Universal Deckel FP2lb<\/p>\n<p>M\u00e1quina de perfura\u00e7\u00e3o FP2LB Friedrich Deckel Esta m\u00e1quina de fresagem universal FP 2 LB do conhecido fabricante alem\u00e3o Friedrich Deckel em Munique tem como caracter\u00edstica especial um corpo b\u00e1sico extremamente est\u00e1vel e foi concebido como uma m\u00e1quina de colunas de viagem, ou seja, a m\u00e1quina n\u00e3o perde precis\u00e3o com pe\u00e7as pesadas (at\u00e9 1000 kg)<br \/>\nOutra caracter\u00edstica especial \u00e9 a chamada cabe\u00e7a inclinada de 45 graus. Assim, depois de desmontar a cabe\u00e7a universal, \u00e9 poss\u00edvel, especialmente os blocos de motores V com \u00e2ngulo de cilindro de 90 graus (e.B. amerik. V8) fixar e processar diretamente. Tampa FP 2 LB mesa de giro\/inclina\u00e7\u00e3o universal (\u00b1 45 \/ \u00b1 15)<br \/>\nGama de trabalho: X= 800 mm \/ Y= 300 mm \/ Z= 400 mm<br \/>\nincl. v\u00e1rios acess\u00f3rios incl. documenta\u00e7\u00e3o<\/p>\n<p>Inc. carregamento em cami\u00e3o, transporte por cota\u00e7\u00e3o<\/p>","protected":false},"excerpt":{"rendered":"<p>Fresadora Universal Deckel FP2lb M\u00e1quina de perfura\u00e7\u00e3o FP2LB Friedrich Deckel Esta m\u00e1quina de fresagem universal FP 2 LB do conhecido fabricante alem\u00e3o Friedrich Deckel em Munique tem como caracter\u00edstica especial um corpo b\u00e1sico extremamente est\u00e1vel e foi concebido como uma m\u00e1quina de colunas de viagem, ou seja, a m\u00e1quina n\u00e3o perde precis\u00e3o com pe\u00e7as pesadas [&hellip;]<\/p>\n","protected":false},"featured_media":56810,"comment_status":"closed","ping_status":"closed","template":"","meta":[],"product_brand":[],"product_cat":[7725],"product_tag":[],"class_list":{"0":"post-56808","1":"product","2":"type-product","3":"status-publish","4":"has-post-thumbnail","6":"product_cat-fresadoras-usadas","7":"product_shipping_class-maquinas-grandes","9":"first","10":"instock","11":"sold-individually","12":"taxable","13":"shipping-taxable","14":"purchasable","15":"product-type-simple"},"_links":{"self":[{"href":"https:\/\/occasionmachines.com\/pt\/wp-json\/wp\/v2\/product\/56808","targetHints":{"allow":["GET"]}}],"collection":[{"href":"https:\/\/occasionmachines.com\/pt\/wp-json\/wp\/v2\/product"}],"about":[{"href":"https:\/\/occasionmachines.com\/pt\/wp-json\/wp\/v2\/types\/product"}],"replies":[{"embeddable":true,"href":"https:\/\/occasionmachines.com\/pt\/wp-json\/wp\/v2\/comments?post=56808"}],"wp:featuredmedia":[{"embeddable":true,"href":"https:\/\/occasionmachines.com\/pt\/wp-json\/wp\/v2\/media\/56810"}],"wp:attachment":[{"href":"https:\/\/occasionmachines.com\/pt\/wp-json\/wp\/v2\/media?parent=56808"}],"wp:term":[{"taxonomy":"product_brand","embeddable":true,"href":"https:\/\/occasionmachines.com\/pt\/wp-json\/wp\/v2\/product_brand?post=56808"},{"taxonomy":"product_cat","embeddable":true,"href":"https:\/\/occasionmachines.com\/pt\/wp-json\/wp\/v2\/product_cat?post=56808"},{"taxonomy":"product_tag","embeddable":true,"href":"https:\/\/occasionmachines.com\/pt\/wp-json\/wp\/v2\/product_tag?post=56808"}],"curies":[{"name":"wp","href":"https:\/\/api.w.org\/{rel}","templated":true}]}}