{"id":57167,"date":"2023-01-19T11:19:49","date_gmt":"2023-01-19T11:19:49","guid":{"rendered":"https:\/\/occasionmachines.com\/?post_type=product&#038;p=57167"},"modified":"2025-05-26T16:43:37","modified_gmt":"2025-05-26T15:43:37","slug":"fresadora-friedrich-deckel-fp-33","status":"publish","type":"product","link":"https:\/\/occasionmachines.com\/pt\/produto\/fresadora-friedrich-deckel-fp-33\/","title":{"rendered":"Fresadora FRIEDRICH DECKEL FP 33"},"content":{"rendered":"<p><strong>Fresadora DECKEL FP 33 para sala de ferramentas &#8211; Universal<\/strong><\/p>\n<p>X\/Y\/Z- 1000x400x600 mm<\/p>\n<p>Superf\u00edcie de fixa\u00e7\u00e3o da mesa 1200 x 640 mm<\/p>\n<p>Faixa de velocidade de giro 31,5 &#8211; 1600 U\/min<\/p>\n<p>Conicidade da ferramenta ISO 50<\/p>\n<p>Capacidade de pot\u00eancia 5,5 kW<\/p>\n<p>Faixa de avan\u00e7o 8 &#8211; 400 mm\/min<\/p>\n<p>Avan\u00e7o r\u00e1pido 1600 mm\/min<\/p>\n<p>Exig\u00eancia total de energia 8 kW<\/p>","protected":false},"excerpt":{"rendered":"<p>Fresadora DECKEL FP 33 para sala de ferramentas &#8211; Universal X\/Y\/Z- 1000x400x600 mm Superf\u00edcie de fixa\u00e7\u00e3o da mesa 1200 x 640 mm Faixa de velocidade de giro 31,5 &#8211; 1600 U\/min Conicidade da ferramenta ISO 50 Capacidade de pot\u00eancia 5,5 kW Faixa de avan\u00e7o 8 &#8211; 400 mm\/min Avan\u00e7o r\u00e1pido 1600 mm\/min Exig\u00eancia total de [&hellip;]<\/p>\n","protected":false},"featured_media":57168,"comment_status":"closed","ping_status":"closed","template":"","meta":[],"product_brand":[],"product_cat":[7725],"product_tag":[],"class_list":{"0":"post-57167","1":"product","2":"type-product","3":"status-publish","4":"has-post-thumbnail","6":"product_cat-fresadoras-usadas","8":"first","9":"instock","10":"sold-individually","11":"taxable","12":"shipping-taxable","13":"purchasable","14":"product-type-simple"},"_links":{"self":[{"href":"https:\/\/occasionmachines.com\/pt\/wp-json\/wp\/v2\/product\/57167","targetHints":{"allow":["GET"]}}],"collection":[{"href":"https:\/\/occasionmachines.com\/pt\/wp-json\/wp\/v2\/product"}],"about":[{"href":"https:\/\/occasionmachines.com\/pt\/wp-json\/wp\/v2\/types\/product"}],"replies":[{"embeddable":true,"href":"https:\/\/occasionmachines.com\/pt\/wp-json\/wp\/v2\/comments?post=57167"}],"wp:featuredmedia":[{"embeddable":true,"href":"https:\/\/occasionmachines.com\/pt\/wp-json\/wp\/v2\/media\/57168"}],"wp:attachment":[{"href":"https:\/\/occasionmachines.com\/pt\/wp-json\/wp\/v2\/media?parent=57167"}],"wp:term":[{"taxonomy":"product_brand","embeddable":true,"href":"https:\/\/occasionmachines.com\/pt\/wp-json\/wp\/v2\/product_brand?post=57167"},{"taxonomy":"product_cat","embeddable":true,"href":"https:\/\/occasionmachines.com\/pt\/wp-json\/wp\/v2\/product_cat?post=57167"},{"taxonomy":"product_tag","embeddable":true,"href":"https:\/\/occasionmachines.com\/pt\/wp-json\/wp\/v2\/product_tag?post=57167"}],"curies":[{"name":"wp","href":"https:\/\/api.w.org\/{rel}","templated":true}]}}