{"id":57278,"date":"2023-01-20T17:22:25","date_gmt":"2023-01-20T17:22:25","guid":{"rendered":"https:\/\/occasionmachines.com\/?post_type=product&#038;p=57278"},"modified":"2025-05-26T16:43:29","modified_gmt":"2025-05-26T15:43:29","slug":"mesa-de-fresar-deckel-fp3","status":"publish","type":"product","link":"https:\/\/occasionmachines.com\/pt\/produto\/mesa-de-fresar-deckel-fp3\/","title":{"rendered":"Mesa de Fresar Deckel FP3"},"content":{"rendered":"<p>Mesa de Fresar Deckel FP3<\/p>\n<p>Dimens\u00f5es da mesa de trabalho: 1000 mm x 430 mm<br \/>\n5 ranhuras em T horizontais<br \/>\n2 ranhuras em T verticais<br \/>\nBra\u00e7adeira de tens\u00e3o 90 pol. 90 mm x 4 ranhuras em<br \/>\nT de 20 mm<\/p>","protected":false},"excerpt":{"rendered":"<p>Mesa de Fresar Deckel FP3 Dimens\u00f5es da mesa de trabalho: 1000 mm x 430 mm 5 ranhuras em T horizontais 2 ranhuras em T verticais Bra\u00e7adeira de tens\u00e3o 90 pol. 90 mm x 4 ranhuras em T de 20 mm<\/p>\n","protected":false},"featured_media":57279,"comment_status":"open","ping_status":"closed","template":"","meta":[],"product_brand":[],"product_cat":[7746],"product_tag":[],"class_list":{"0":"post-57278","1":"product","2":"type-product","3":"status-publish","4":"has-post-thumbnail","6":"product_cat-acessorios-e-ferramentas-usadas","8":"first","9":"instock","10":"sold-individually","11":"taxable","12":"shipping-taxable","13":"purchasable","14":"product-type-simple"},"_links":{"self":[{"href":"https:\/\/occasionmachines.com\/pt\/wp-json\/wp\/v2\/product\/57278","targetHints":{"allow":["GET"]}}],"collection":[{"href":"https:\/\/occasionmachines.com\/pt\/wp-json\/wp\/v2\/product"}],"about":[{"href":"https:\/\/occasionmachines.com\/pt\/wp-json\/wp\/v2\/types\/product"}],"replies":[{"embeddable":true,"href":"https:\/\/occasionmachines.com\/pt\/wp-json\/wp\/v2\/comments?post=57278"}],"wp:featuredmedia":[{"embeddable":true,"href":"https:\/\/occasionmachines.com\/pt\/wp-json\/wp\/v2\/media\/57279"}],"wp:attachment":[{"href":"https:\/\/occasionmachines.com\/pt\/wp-json\/wp\/v2\/media?parent=57278"}],"wp:term":[{"taxonomy":"product_brand","embeddable":true,"href":"https:\/\/occasionmachines.com\/pt\/wp-json\/wp\/v2\/product_brand?post=57278"},{"taxonomy":"product_cat","embeddable":true,"href":"https:\/\/occasionmachines.com\/pt\/wp-json\/wp\/v2\/product_cat?post=57278"},{"taxonomy":"product_tag","embeddable":true,"href":"https:\/\/occasionmachines.com\/pt\/wp-json\/wp\/v2\/product_tag?post=57278"}],"curies":[{"name":"wp","href":"https:\/\/api.w.org\/{rel}","templated":true}]}}