{"id":57798,"date":"2023-05-13T15:15:09","date_gmt":"2023-05-13T14:15:09","guid":{"rendered":"https:\/\/occasionmachines.com\/?post_type=product&#038;p=57798"},"modified":"2025-05-26T16:38:49","modified_gmt":"2025-05-26T15:38:49","slug":"centro-de-maquinacao-cnc-hartford-hv-80","status":"publish","type":"product","link":"https:\/\/occasionmachines.com\/pt\/produto\/centro-de-maquinacao-cnc-hartford-hv-80\/","title":{"rendered":"Centro de Maquina\u00e7\u00e3o CNC HARTFORD HV-80"},"content":{"rendered":"<p>Centro de Maquina\u00e7\u00e3o CNC HARTFORD HV-80<\/p>","protected":false},"excerpt":{"rendered":"<p>Centro de Maquina\u00e7\u00e3o CNC HARTFORD HV-80<\/p>\n","protected":false},"featured_media":57803,"comment_status":"open","ping_status":"closed","template":"","meta":[],"product_brand":[],"product_cat":[7733],"product_tag":[],"class_list":{"0":"post-57798","1":"product","2":"type-product","3":"status-publish","4":"has-post-thumbnail","6":"product_cat-centros-de-maquinacao","8":"first","9":"instock","10":"taxable","11":"shipping-taxable","12":"product-type-simple"},"_links":{"self":[{"href":"https:\/\/occasionmachines.com\/pt\/wp-json\/wp\/v2\/product\/57798","targetHints":{"allow":["GET"]}}],"collection":[{"href":"https:\/\/occasionmachines.com\/pt\/wp-json\/wp\/v2\/product"}],"about":[{"href":"https:\/\/occasionmachines.com\/pt\/wp-json\/wp\/v2\/types\/product"}],"replies":[{"embeddable":true,"href":"https:\/\/occasionmachines.com\/pt\/wp-json\/wp\/v2\/comments?post=57798"}],"wp:featuredmedia":[{"embeddable":true,"href":"https:\/\/occasionmachines.com\/pt\/wp-json\/wp\/v2\/media\/57803"}],"wp:attachment":[{"href":"https:\/\/occasionmachines.com\/pt\/wp-json\/wp\/v2\/media?parent=57798"}],"wp:term":[{"taxonomy":"product_brand","embeddable":true,"href":"https:\/\/occasionmachines.com\/pt\/wp-json\/wp\/v2\/product_brand?post=57798"},{"taxonomy":"product_cat","embeddable":true,"href":"https:\/\/occasionmachines.com\/pt\/wp-json\/wp\/v2\/product_cat?post=57798"},{"taxonomy":"product_tag","embeddable":true,"href":"https:\/\/occasionmachines.com\/pt\/wp-json\/wp\/v2\/product_tag?post=57798"}],"curies":[{"name":"wp","href":"https:\/\/api.w.org\/{rel}","templated":true}]}}