{"id":58180,"date":"2023-05-26T16:28:38","date_gmt":"2023-05-26T15:28:38","guid":{"rendered":"https:\/\/occasionmachines.com\/?post_type=product&#038;p=58180"},"modified":"2025-05-26T16:30:24","modified_gmt":"2025-05-26T15:30:24","slug":"quinadeira-hidraulica-maqfort-ap-30-125-125t","status":"publish","type":"product","link":"https:\/\/occasionmachines.com\/pt\/produto\/quinadeira-hidraulica-maqfort-ap-30-125-125t\/","title":{"rendered":"Quinadeira Hidr\u00e1ulica MAQFORT AP 30\/125 125T"},"content":{"rendered":"<p>Quinadeira Hidr\u00e1ulica MAQFORT AP 30\/125<\/p>\n<p>N\u00famero de S\u00e9rie: 0246-0412142<\/p>\n<p>Capacidade M\u00e1xima: 125 toneladas<\/p>\n<p>Comprimento M\u00e1ximo: 3200 mm<\/p>\n<p>Largura: 1700<\/p>\n<p>Comprimento: 3770<\/p>\n<p>Altura: 2400<\/p>\n<p>Peso: 7400<\/p>","protected":false},"excerpt":{"rendered":"<p>Quinadeira Hidr\u00e1ulica MAQFORT AP 30\/125 N\u00famero de S\u00e9rie: 0246-0412142 Capacidade M\u00e1xima: 125 toneladas Comprimento M\u00e1ximo: 3200 mm Largura: 1700 Comprimento: 3770 Altura: 2400 Peso: 7400<\/p>\n","protected":false},"featured_media":58182,"comment_status":"open","ping_status":"closed","template":"","meta":[],"product_brand":[],"product_cat":[7752],"product_tag":[],"class_list":{"0":"post-58180","1":"product","2":"type-product","3":"status-publish","4":"has-post-thumbnail","6":"product_cat-quinadeiras-maquinas-usadas-e-recondicionadas","8":"first","9":"instock","10":"sold-individually","11":"taxable","12":"shipping-taxable","13":"product-type-simple"},"_links":{"self":[{"href":"https:\/\/occasionmachines.com\/pt\/wp-json\/wp\/v2\/product\/58180","targetHints":{"allow":["GET"]}}],"collection":[{"href":"https:\/\/occasionmachines.com\/pt\/wp-json\/wp\/v2\/product"}],"about":[{"href":"https:\/\/occasionmachines.com\/pt\/wp-json\/wp\/v2\/types\/product"}],"replies":[{"embeddable":true,"href":"https:\/\/occasionmachines.com\/pt\/wp-json\/wp\/v2\/comments?post=58180"}],"wp:featuredmedia":[{"embeddable":true,"href":"https:\/\/occasionmachines.com\/pt\/wp-json\/wp\/v2\/media\/58182"}],"wp:attachment":[{"href":"https:\/\/occasionmachines.com\/pt\/wp-json\/wp\/v2\/media?parent=58180"}],"wp:term":[{"taxonomy":"product_brand","embeddable":true,"href":"https:\/\/occasionmachines.com\/pt\/wp-json\/wp\/v2\/product_brand?post=58180"},{"taxonomy":"product_cat","embeddable":true,"href":"https:\/\/occasionmachines.com\/pt\/wp-json\/wp\/v2\/product_cat?post=58180"},{"taxonomy":"product_tag","embeddable":true,"href":"https:\/\/occasionmachines.com\/pt\/wp-json\/wp\/v2\/product_tag?post=58180"}],"curies":[{"name":"wp","href":"https:\/\/api.w.org\/{rel}","templated":true}]}}