{"id":58193,"date":"2023-05-26T16:56:54","date_gmt":"2023-05-26T15:56:54","guid":{"rendered":"https:\/\/occasionmachines.com\/?post_type=product&#038;p=58193"},"modified":"2025-05-26T16:29:59","modified_gmt":"2025-05-26T15:29:59","slug":"quinadeira-hidraulica-ermak-cnc-hap-3100x80-80t","status":"publish","type":"product","link":"https:\/\/occasionmachines.com\/pt\/produto\/quinadeira-hidraulica-ermak-cnc-hap-3100x80-80t\/","title":{"rendered":"Quinadeira Hidr\u00e1ulica ERMAK CNC HAP 3100X80 80T"},"content":{"rendered":"<p>Quinadeira Hidr\u00e1ulica ERMAK CNC HAP 3100X80<\/p>\n<p>Tipo: CNC HAP 3100X80<\/p>\n<p>Modelo: 2010<\/p>\n<p>N\u00famero de S\u00e9rie: SN20051277<\/p>\n<p>Capacidade: 80 Toneladas<\/p>\n<p>Velocidade: 100 mm\/s<\/p>\n<p>Dist\u00e2ncia de Seguran\u00e7a: 1500 mm<\/p>\n<p>Pot\u00eancia do motor: 7.5 kW<\/p>\n<p>Tens\u00e3o: 400V<\/p>\n<p>Largura: 1950 mm<\/p>\n<p>Comprimento: 4250 mm<\/p>\n<p>Altura: 2800 mm<\/p>\n<p>Peso: 7000 kg<\/p>","protected":false},"excerpt":{"rendered":"<p>Quinadeira Hidr\u00e1ulica ERMAK CNC HAP 3100X80 Tipo: CNC HAP 3100X80 Modelo: 2010 N\u00famero de S\u00e9rie: SN20051277 Capacidade: 80 Toneladas Velocidade: 100 mm\/s Dist\u00e2ncia de Seguran\u00e7a: 1500 mm Pot\u00eancia do motor: 7.5 kW Tens\u00e3o: 400V Largura: 1950 mm Comprimento: 4250 mm Altura: 2800 mm Peso: 7000 kg<\/p>\n","protected":false},"featured_media":58202,"comment_status":"open","ping_status":"closed","template":"","meta":[],"product_brand":[],"product_cat":[7752],"product_tag":[],"class_list":{"0":"post-58193","1":"product","2":"type-product","3":"status-publish","4":"has-post-thumbnail","6":"product_cat-quinadeiras-maquinas-usadas-e-recondicionadas","8":"first","9":"instock","10":"sold-individually","11":"taxable","12":"shipping-taxable","13":"product-type-simple"},"_links":{"self":[{"href":"https:\/\/occasionmachines.com\/pt\/wp-json\/wp\/v2\/product\/58193","targetHints":{"allow":["GET"]}}],"collection":[{"href":"https:\/\/occasionmachines.com\/pt\/wp-json\/wp\/v2\/product"}],"about":[{"href":"https:\/\/occasionmachines.com\/pt\/wp-json\/wp\/v2\/types\/product"}],"replies":[{"embeddable":true,"href":"https:\/\/occasionmachines.com\/pt\/wp-json\/wp\/v2\/comments?post=58193"}],"wp:featuredmedia":[{"embeddable":true,"href":"https:\/\/occasionmachines.com\/pt\/wp-json\/wp\/v2\/media\/58202"}],"wp:attachment":[{"href":"https:\/\/occasionmachines.com\/pt\/wp-json\/wp\/v2\/media?parent=58193"}],"wp:term":[{"taxonomy":"product_brand","embeddable":true,"href":"https:\/\/occasionmachines.com\/pt\/wp-json\/wp\/v2\/product_brand?post=58193"},{"taxonomy":"product_cat","embeddable":true,"href":"https:\/\/occasionmachines.com\/pt\/wp-json\/wp\/v2\/product_cat?post=58193"},{"taxonomy":"product_tag","embeddable":true,"href":"https:\/\/occasionmachines.com\/pt\/wp-json\/wp\/v2\/product_tag?post=58193"}],"curies":[{"name":"wp","href":"https:\/\/api.w.org\/{rel}","templated":true}]}}