{"id":58252,"date":"2023-05-29T11:29:47","date_gmt":"2023-05-29T10:29:47","guid":{"rendered":"https:\/\/occasionmachines.com\/?post_type=product&#038;p=58252"},"modified":"2025-05-26T16:29:29","modified_gmt":"2025-05-26T15:29:29","slug":"guilhotina-guifil-ghe-630","status":"publish","type":"product","link":"https:\/\/occasionmachines.com\/pt\/produto\/guilhotina-guifil-ghe-630\/","title":{"rendered":"Guilhotina GUIFIL GHE-630"},"content":{"rendered":"<p>Guilhotina GUIFIL GHE-630<\/p>\n<p>Modelo: GHE 630<\/p>\n<p>N\u00famero de S\u00e9rie: 110.00399<\/p>\n<p>Ano: 1999<\/p>\n<p>Pot\u00eancia: 7.5 kW<\/p>\n<p>Peso: 5000 kg<\/p>\n<p>Press\u00e3o m\u00e1xima: 250 bar<\/p>","protected":false},"excerpt":{"rendered":"<p>Guilhotina GUIFIL GHE-630 Modelo: GHE 630 N\u00famero de S\u00e9rie: 110.00399 Ano: 1999 Pot\u00eancia: 7.5 kW Peso: 5000 kg Press\u00e3o m\u00e1xima: 250 bar<\/p>\n","protected":false},"featured_media":58257,"comment_status":"open","ping_status":"closed","template":"","meta":[],"product_brand":[],"product_cat":[7786],"product_tag":[],"class_list":{"0":"post-58252","1":"product","2":"type-product","3":"status-publish","4":"has-post-thumbnail","6":"product_cat-guilhotinas-maquinas-usadas-e-recondicionadas","8":"first","9":"instock","10":"sold-individually","11":"taxable","12":"shipping-taxable","13":"product-type-simple"},"_links":{"self":[{"href":"https:\/\/occasionmachines.com\/pt\/wp-json\/wp\/v2\/product\/58252","targetHints":{"allow":["GET"]}}],"collection":[{"href":"https:\/\/occasionmachines.com\/pt\/wp-json\/wp\/v2\/product"}],"about":[{"href":"https:\/\/occasionmachines.com\/pt\/wp-json\/wp\/v2\/types\/product"}],"replies":[{"embeddable":true,"href":"https:\/\/occasionmachines.com\/pt\/wp-json\/wp\/v2\/comments?post=58252"}],"wp:featuredmedia":[{"embeddable":true,"href":"https:\/\/occasionmachines.com\/pt\/wp-json\/wp\/v2\/media\/58257"}],"wp:attachment":[{"href":"https:\/\/occasionmachines.com\/pt\/wp-json\/wp\/v2\/media?parent=58252"}],"wp:term":[{"taxonomy":"product_brand","embeddable":true,"href":"https:\/\/occasionmachines.com\/pt\/wp-json\/wp\/v2\/product_brand?post=58252"},{"taxonomy":"product_cat","embeddable":true,"href":"https:\/\/occasionmachines.com\/pt\/wp-json\/wp\/v2\/product_cat?post=58252"},{"taxonomy":"product_tag","embeddable":true,"href":"https:\/\/occasionmachines.com\/pt\/wp-json\/wp\/v2\/product_tag?post=58252"}],"curies":[{"name":"wp","href":"https:\/\/api.w.org\/{rel}","templated":true}]}}