{"id":58259,"date":"2023-05-29T11:33:28","date_gmt":"2023-05-29T10:33:28","guid":{"rendered":"https:\/\/occasionmachines.com\/?post_type=product&#038;p=58259"},"modified":"2025-05-26T16:29:19","modified_gmt":"2025-05-26T15:29:19","slug":"guilhotina-hidraulica-guifil-mini-320","status":"publish","type":"product","link":"https:\/\/occasionmachines.com\/pt\/produto\/guilhotina-hidraulica-guifil-mini-320\/","title":{"rendered":"Guilhotina Hidr\u00e1ulica GUIFIL MINI-320"},"content":{"rendered":"<p>Guilhotina Hidr\u00e1ulica GUIFIL MINI-320<\/p>\n<p>Modelo: MINI-320<\/p>\n<p>N\u00famero de S\u00e9rie: 023121<\/p>\n<p>Ano: 1992<\/p>\n<p>Pot\u00eancia: 3 kW<\/p>\n<p>Peso: 1500 kg<\/p>\n<p>Press\u00e3o m\u00e1xima: 250 bar<\/p>","protected":false},"excerpt":{"rendered":"<p>Guilhotina Hidr\u00e1ulica GUIFIL MINI-320 Modelo: MINI-320 N\u00famero de S\u00e9rie: 023121 Ano: 1992 Pot\u00eancia: 3 kW Peso: 1500 kg Press\u00e3o m\u00e1xima: 250 bar<\/p>\n","protected":false},"featured_media":58270,"comment_status":"open","ping_status":"closed","template":"","meta":[],"product_brand":[],"product_cat":[7786],"product_tag":[],"class_list":{"0":"post-58259","1":"product","2":"type-product","3":"status-publish","4":"has-post-thumbnail","6":"product_cat-guilhotinas-maquinas-usadas-e-recondicionadas","8":"first","9":"instock","10":"sold-individually","11":"taxable","12":"shipping-taxable","13":"product-type-simple"},"_links":{"self":[{"href":"https:\/\/occasionmachines.com\/pt\/wp-json\/wp\/v2\/product\/58259","targetHints":{"allow":["GET"]}}],"collection":[{"href":"https:\/\/occasionmachines.com\/pt\/wp-json\/wp\/v2\/product"}],"about":[{"href":"https:\/\/occasionmachines.com\/pt\/wp-json\/wp\/v2\/types\/product"}],"replies":[{"embeddable":true,"href":"https:\/\/occasionmachines.com\/pt\/wp-json\/wp\/v2\/comments?post=58259"}],"wp:featuredmedia":[{"embeddable":true,"href":"https:\/\/occasionmachines.com\/pt\/wp-json\/wp\/v2\/media\/58270"}],"wp:attachment":[{"href":"https:\/\/occasionmachines.com\/pt\/wp-json\/wp\/v2\/media?parent=58259"}],"wp:term":[{"taxonomy":"product_brand","embeddable":true,"href":"https:\/\/occasionmachines.com\/pt\/wp-json\/wp\/v2\/product_brand?post=58259"},{"taxonomy":"product_cat","embeddable":true,"href":"https:\/\/occasionmachines.com\/pt\/wp-json\/wp\/v2\/product_cat?post=58259"},{"taxonomy":"product_tag","embeddable":true,"href":"https:\/\/occasionmachines.com\/pt\/wp-json\/wp\/v2\/product_tag?post=58259"}],"curies":[{"name":"wp","href":"https:\/\/api.w.org\/{rel}","templated":true}]}}