{"id":64678,"date":"2023-08-06T11:05:41","date_gmt":"2023-08-06T10:05:41","guid":{"rendered":"https:\/\/occasionmachines.com\/produto\/compressor-100l-3-0hp-100v\/"},"modified":"2025-01-27T17:37:26","modified_gmt":"2025-01-27T17:37:26","slug":"compressor-100l-3-0hp-100v","status":"publish","type":"product","link":"https:\/\/occasionmachines.com\/pt\/produto\/compressor-100l-3-0hp-100v\/","title":{"rendered":"Compressor 100L 3.0HP 100V"},"content":{"rendered":"<table border=1 cellspacing=0 cellpadding=0 width=\"100%\">\n<tr>\n<td bgcolor=AntiqueWhite align=left>&nbsp;Caracter\u00edsticas T\u00e9cnicas<\/td>\n<td bgcolor=AntiqueWhite align=left>&nbsp;&#8211;<\/td>\n<td bgcolor=AntiqueWhite align=left>&nbsp;&#8212;<\/td>\n<\/tr>\n<tr>\n<td bgcolor=White>&nbsp;Voltagem \/ Frequ\u00eancia<\/td>\n<td bgcolor=White>&nbsp;<\/td>\n<td bgcolor=White>&nbsp;230V \/ 50Hz<\/td>\n<\/tr>\n<tr>\n<td bgcolor=White>&nbsp;Capacidade Tanque<\/td>\n<td bgcolor=White>&nbsp;L<\/td>\n<td bgcolor=White>&nbsp;100<\/td>\n<\/tr>\n<tr>\n<td bgcolor=White>&nbsp;Ru\u00eddo<\/td>\n<td bgcolor=White>&nbsp;dB<\/td>\n<td bgcolor=White>&nbsp;77<\/td>\n<\/tr>\n<tr>\n<td bgcolor=White>&nbsp;Cabe\u00e7a<\/td>\n<td bgcolor=White>&nbsp;<\/td>\n<td bgcolor=White>&nbsp;V280<\/td>\n<\/tr>\n<tr>\n<td bgcolor=White>&nbsp;Produ\u00e7\u00e3o de Ar<\/td>\n<td bgcolor=White>&nbsp;<\/td>\n<td bgcolor=White>&nbsp;320 L\/Min &#8211; 9.7 CFM &#8211; 16.6 M3\/H<\/td>\n<\/tr>\n<tr>\n<td bgcolor=White>&nbsp;Press\u00e3o<\/td>\n<td bgcolor=White>&nbsp;<\/td>\n<td bgcolor=White>&nbsp;8 Bar \/ 116 PSI<\/td>\n<\/tr>\n<tr>\n<td bgcolor=White>&nbsp;Pot\u00eancia Motor<\/td>\n<td bgcolor=White>&nbsp;hp<\/td>\n<td bgcolor=White>&nbsp;3<\/td>\n<\/tr>\n<tr>\n<td bgcolor=White>&nbsp;Pot\u00eancia<\/td>\n<td bgcolor=White>&nbsp;<\/td>\n<td bgcolor=White>&nbsp;2200 W &#8211; 2.2 kW<\/td>\n<\/tr>\n<tr>\n<td bgcolor=White>&nbsp;R.P.M<\/td>\n<td bgcolor=White>&nbsp;<\/td>\n<td bgcolor=White>&nbsp;2850<\/td>\n<\/tr>\n<\/table>\n","protected":false},"excerpt":{"rendered":"<p>&nbsp;Caracter\u00edsticas T\u00e9cnicas &nbsp;&#8211; &nbsp;&#8212; &nbsp;Voltagem \/ Frequ\u00eancia &nbsp; &nbsp;230V \/ 50Hz &nbsp;Capacidade Tanque &nbsp;L &nbsp;100 &nbsp;Ru\u00eddo &nbsp;dB &nbsp;77 &nbsp;Cabe\u00e7a &nbsp; &nbsp;V280 &nbsp;Produ\u00e7\u00e3o de Ar &nbsp; &nbsp;320 L\/Min &#8211; 9.7 CFM &#8211; 16.6 M3\/H &nbsp;Press\u00e3o &nbsp; &nbsp;8 Bar \/ 116 PSI &nbsp;Pot\u00eancia Motor &nbsp;hp &nbsp;3 &nbsp;Pot\u00eancia &nbsp; &nbsp;2200 W &#8211; 2.2 kW &nbsp;R.P.M &nbsp; &nbsp;2850<\/p>\n","protected":false},"featured_media":52971,"comment_status":"closed","ping_status":"closed","template":"","meta":[],"product_brand":[],"product_cat":[4810],"product_tag":[],"class_list":{"0":"post-64678","1":"product","2":"type-product","3":"status-publish","4":"has-post-thumbnail","6":"product_cat-compressores","7":"product_shipping_class-maquinas-medias","9":"first","10":"onbackorder","11":"sold-individually","12":"taxable","13":"shipping-taxable","14":"purchasable","15":"product-type-simple"},"_links":{"self":[{"href":"https:\/\/occasionmachines.com\/pt\/wp-json\/wp\/v2\/product\/64678","targetHints":{"allow":["GET"]}}],"collection":[{"href":"https:\/\/occasionmachines.com\/pt\/wp-json\/wp\/v2\/product"}],"about":[{"href":"https:\/\/occasionmachines.com\/pt\/wp-json\/wp\/v2\/types\/product"}],"replies":[{"embeddable":true,"href":"https:\/\/occasionmachines.com\/pt\/wp-json\/wp\/v2\/comments?post=64678"}],"wp:featuredmedia":[{"embeddable":true,"href":"https:\/\/occasionmachines.com\/pt\/wp-json\/wp\/v2\/media\/52971"}],"wp:attachment":[{"href":"https:\/\/occasionmachines.com\/pt\/wp-json\/wp\/v2\/media?parent=64678"}],"wp:term":[{"taxonomy":"product_brand","embeddable":true,"href":"https:\/\/occasionmachines.com\/pt\/wp-json\/wp\/v2\/product_brand?post=64678"},{"taxonomy":"product_cat","embeddable":true,"href":"https:\/\/occasionmachines.com\/pt\/wp-json\/wp\/v2\/product_cat?post=64678"},{"taxonomy":"product_tag","embeddable":true,"href":"https:\/\/occasionmachines.com\/pt\/wp-json\/wp\/v2\/product_tag?post=64678"}],"curies":[{"name":"wp","href":"https:\/\/api.w.org\/{rel}","templated":true}]}}