{"id":64740,"date":"2023-08-06T11:13:52","date_gmt":"2023-08-06T10:13:52","guid":{"rendered":"https:\/\/occasionmachines.com\/produto\/grua-hidraulica-rebativel-2ton-psc2000r\/"},"modified":"2025-01-27T17:26:29","modified_gmt":"2025-01-27T17:26:29","slug":"grua-hidraulica-rebativel-2ton-psc2000r","status":"publish","type":"product","link":"https:\/\/occasionmachines.com\/pt\/produto\/grua-hidraulica-rebativel-2ton-psc2000r\/","title":{"rendered":"Grua Hidraulica Rebativel  2TON PSC2000R"},"content":{"rendered":"<table border=1 cellspacing=0 cellpadding=0 width=\"100%\">\n<tr>\n<td bgcolor=AntiqueWhite align=left>&nbsp;Caracter\u00edsticas T\u00e9cnicas<\/td>\n<td bgcolor=AntiqueWhite align=left>&nbsp;&#8211;<\/td>\n<td bgcolor=AntiqueWhite align=left>&nbsp;&#8212;<\/td>\n<\/tr>\n<tr>\n<td bgcolor=White>&nbsp;Capacidade de Eleva\u00e7\u00e3o<\/td>\n<td bgcolor=White>&nbsp;Kg<\/td>\n<td bgcolor=White>&nbsp;2000<\/td>\n<\/tr>\n<tr>\n<td bgcolor=White>&nbsp;Eleva\u00e7\u00e3o<\/td>\n<td bgcolor=White>&nbsp;mm<\/td>\n<td bgcolor=White>&nbsp;2000<\/td>\n<\/tr>\n<tr>\n<td bgcolor=White>&nbsp;Extens\u00e3o Bra\u00e7o<\/td>\n<td bgcolor=White>&nbsp;mm<\/td>\n<td bgcolor=White>&nbsp;960 &#8211; 1240<\/td>\n<\/tr>\n<tr>\n<td bgcolor=White>&nbsp;Distan\u00e7ia Entre Pernas Rebativeis<\/td>\n<td bgcolor=White>&nbsp;mm<\/td>\n<td bgcolor=White>&nbsp;700<\/td>\n<\/tr>\n<\/table>\n","protected":false},"excerpt":{"rendered":"<p>&nbsp;Caracter\u00edsticas T\u00e9cnicas &nbsp;&#8211; &nbsp;&#8212; &nbsp;Capacidade de Eleva\u00e7\u00e3o &nbsp;Kg &nbsp;2000 &nbsp;Eleva\u00e7\u00e3o &nbsp;mm &nbsp;2000 &nbsp;Extens\u00e3o Bra\u00e7o &nbsp;mm &nbsp;960 &#8211; 1240 &nbsp;Distan\u00e7ia Entre Pernas Rebativeis &nbsp;mm &nbsp;700<\/p>\n","protected":false},"featured_media":63401,"comment_status":"closed","ping_status":"closed","template":"","meta":[],"product_brand":[],"product_cat":[3171],"product_tag":[],"class_list":{"0":"post-64740","1":"product","2":"type-product","3":"status-publish","4":"has-post-thumbnail","6":"product_cat-gruas-hidraulicas","8":"first","9":"onbackorder","10":"sold-individually","11":"taxable","12":"shipping-taxable","13":"purchasable","14":"product-type-simple"},"_links":{"self":[{"href":"https:\/\/occasionmachines.com\/pt\/wp-json\/wp\/v2\/product\/64740","targetHints":{"allow":["GET"]}}],"collection":[{"href":"https:\/\/occasionmachines.com\/pt\/wp-json\/wp\/v2\/product"}],"about":[{"href":"https:\/\/occasionmachines.com\/pt\/wp-json\/wp\/v2\/types\/product"}],"replies":[{"embeddable":true,"href":"https:\/\/occasionmachines.com\/pt\/wp-json\/wp\/v2\/comments?post=64740"}],"wp:featuredmedia":[{"embeddable":true,"href":"https:\/\/occasionmachines.com\/pt\/wp-json\/wp\/v2\/media\/63401"}],"wp:attachment":[{"href":"https:\/\/occasionmachines.com\/pt\/wp-json\/wp\/v2\/media?parent=64740"}],"wp:term":[{"taxonomy":"product_brand","embeddable":true,"href":"https:\/\/occasionmachines.com\/pt\/wp-json\/wp\/v2\/product_brand?post=64740"},{"taxonomy":"product_cat","embeddable":true,"href":"https:\/\/occasionmachines.com\/pt\/wp-json\/wp\/v2\/product_cat?post=64740"},{"taxonomy":"product_tag","embeddable":true,"href":"https:\/\/occasionmachines.com\/pt\/wp-json\/wp\/v2\/product_tag?post=64740"}],"curies":[{"name":"wp","href":"https:\/\/api.w.org\/{rel}","templated":true}]}}