{"id":64752,"date":"2023-08-06T11:15:04","date_gmt":"2023-08-06T10:15:04","guid":{"rendered":"https:\/\/occasionmachines.com\/produto\/macaco-rodas-2ton-aluminio-racing\/"},"modified":"2025-01-27T17:24:03","modified_gmt":"2025-01-27T17:24:03","slug":"macaco-rodas-2ton-aluminio-racing","status":"publish","type":"product","link":"https:\/\/occasionmachines.com\/pt\/produto\/macaco-rodas-2ton-aluminio-racing\/","title":{"rendered":"Macaco Rodas 2ton Aluminio Racing"},"content":{"rendered":"<table border=1 cellspacing=0 cellpadding=0 width=\"100%\">\n<tr>\n<td bgcolor=AntiqueWhite align=left>&nbsp;Caracter\u00edsticas T\u00e9cnicas<\/td>\n<td bgcolor=AntiqueWhite align=left>&nbsp;&#8211;<\/td>\n<td bgcolor=AntiqueWhite align=left>&nbsp;&#8212;<\/td>\n<\/tr>\n<tr>\n<td bgcolor=White>&nbsp;Altura M\u00e1xima<\/td>\n<td bgcolor=White>&nbsp;mm<\/td>\n<td bgcolor=White>&nbsp;440<\/td>\n<\/tr>\n<tr>\n<td bgcolor=White>&nbsp;Altura Minima<\/td>\n<td bgcolor=White>&nbsp;mm<\/td>\n<td bgcolor=White>&nbsp;95<\/td>\n<\/tr>\n<tr>\n<td bgcolor=White>&nbsp;Capacidade<\/td>\n<td bgcolor=White>&nbsp;t<\/td>\n<td bgcolor=White>&nbsp;2<\/td>\n<\/tr>\n<\/table>\n","protected":false},"excerpt":{"rendered":"<p>&nbsp;Caracter\u00edsticas T\u00e9cnicas &nbsp;&#8211; &nbsp;&#8212; &nbsp;Altura M\u00e1xima &nbsp;mm &nbsp;440 &nbsp;Altura Minima &nbsp;mm &nbsp;95 &nbsp;Capacidade &nbsp;t &nbsp;2<\/p>\n","protected":false},"featured_media":64191,"comment_status":"closed","ping_status":"closed","template":"","meta":[],"product_brand":[],"product_cat":[7716],"product_tag":[],"class_list":{"0":"post-64752","1":"product","2":"type-product","3":"status-publish","4":"has-post-thumbnail","6":"product_cat-equipamento-de-oficina","7":"product_shipping_class-ferramentas-pequenas","9":"first","10":"onbackorder","11":"sold-individually","12":"taxable","13":"shipping-taxable","14":"purchasable","15":"product-type-simple"},"_links":{"self":[{"href":"https:\/\/occasionmachines.com\/pt\/wp-json\/wp\/v2\/product\/64752","targetHints":{"allow":["GET"]}}],"collection":[{"href":"https:\/\/occasionmachines.com\/pt\/wp-json\/wp\/v2\/product"}],"about":[{"href":"https:\/\/occasionmachines.com\/pt\/wp-json\/wp\/v2\/types\/product"}],"replies":[{"embeddable":true,"href":"https:\/\/occasionmachines.com\/pt\/wp-json\/wp\/v2\/comments?post=64752"}],"wp:featuredmedia":[{"embeddable":true,"href":"https:\/\/occasionmachines.com\/pt\/wp-json\/wp\/v2\/media\/64191"}],"wp:attachment":[{"href":"https:\/\/occasionmachines.com\/pt\/wp-json\/wp\/v2\/media?parent=64752"}],"wp:term":[{"taxonomy":"product_brand","embeddable":true,"href":"https:\/\/occasionmachines.com\/pt\/wp-json\/wp\/v2\/product_brand?post=64752"},{"taxonomy":"product_cat","embeddable":true,"href":"https:\/\/occasionmachines.com\/pt\/wp-json\/wp\/v2\/product_cat?post=64752"},{"taxonomy":"product_tag","embeddable":true,"href":"https:\/\/occasionmachines.com\/pt\/wp-json\/wp\/v2\/product_tag?post=64752"}],"curies":[{"name":"wp","href":"https:\/\/api.w.org\/{rel}","templated":true}]}}