{"id":64755,"date":"2023-08-06T11:15:28","date_gmt":"2023-08-06T10:15:28","guid":{"rendered":"https:\/\/occasionmachines.com\/produto\/macaco-rodas-5-ton-longo-tfj5000l\/"},"modified":"2025-01-27T17:23:22","modified_gmt":"2025-01-27T17:23:22","slug":"macaco-rodas-5-ton-longo-tfj5000l","status":"publish","type":"product","link":"https:\/\/occasionmachines.com\/pt\/produto\/macaco-rodas-5-ton-longo-tfj5000l\/","title":{"rendered":"Macaco Rodas 5 Ton Longo TFJ5000L"},"content":{"rendered":"<table border=1 cellspacing=0 cellpadding=0 width=\"100%\">\n<tr>\n<td bgcolor=AntiqueWhite align=left>&nbsp;Caracter\u00edsticas T\u00e9cnicas<\/td>\n<td bgcolor=AntiqueWhite align=left>&nbsp;&#8211;<\/td>\n<td bgcolor=AntiqueWhite align=left>&nbsp;&#8212;<\/td>\n<\/tr>\n<tr>\n<td bgcolor=White>&nbsp;Capacidade de Eleva\u00e7\u00e3o<\/td>\n<td bgcolor=White>&nbsp;t<\/td>\n<td bgcolor=White>&nbsp;5<\/td>\n<\/tr>\n<tr>\n<td bgcolor=White>&nbsp;Altura M\u00e1xima Eleva\u00e7\u00e3o<\/td>\n<td bgcolor=White>&nbsp;mm<\/td>\n<td bgcolor=White>&nbsp;560 <\/td>\n<\/tr>\n<tr>\n<td bgcolor=White>&nbsp;Altura Minima<\/td>\n<td bgcolor=White>&nbsp;mm<\/td>\n<td bgcolor=White>&nbsp;150 <\/td>\n<\/tr>\n<\/table>\n","protected":false},"excerpt":{"rendered":"<p>&nbsp;Caracter\u00edsticas T\u00e9cnicas &nbsp;&#8211; &nbsp;&#8212; &nbsp;Capacidade de Eleva\u00e7\u00e3o &nbsp;t &nbsp;5 &nbsp;Altura M\u00e1xima Eleva\u00e7\u00e3o &nbsp;mm &nbsp;560 &nbsp;Altura Minima &nbsp;mm &nbsp;150<\/p>\n","protected":false},"featured_media":63430,"comment_status":"closed","ping_status":"closed","template":"","meta":[],"product_brand":[],"product_cat":[7716],"product_tag":[],"class_list":{"0":"post-64755","1":"product","2":"type-product","3":"status-publish","4":"has-post-thumbnail","6":"product_cat-equipamento-de-oficina","7":"product_shipping_class-ferramentas-pequenas","9":"first","10":"onbackorder","11":"sold-individually","12":"taxable","13":"shipping-taxable","14":"purchasable","15":"product-type-simple"},"_links":{"self":[{"href":"https:\/\/occasionmachines.com\/pt\/wp-json\/wp\/v2\/product\/64755","targetHints":{"allow":["GET"]}}],"collection":[{"href":"https:\/\/occasionmachines.com\/pt\/wp-json\/wp\/v2\/product"}],"about":[{"href":"https:\/\/occasionmachines.com\/pt\/wp-json\/wp\/v2\/types\/product"}],"replies":[{"embeddable":true,"href":"https:\/\/occasionmachines.com\/pt\/wp-json\/wp\/v2\/comments?post=64755"}],"wp:featuredmedia":[{"embeddable":true,"href":"https:\/\/occasionmachines.com\/pt\/wp-json\/wp\/v2\/media\/63430"}],"wp:attachment":[{"href":"https:\/\/occasionmachines.com\/pt\/wp-json\/wp\/v2\/media?parent=64755"}],"wp:term":[{"taxonomy":"product_brand","embeddable":true,"href":"https:\/\/occasionmachines.com\/pt\/wp-json\/wp\/v2\/product_brand?post=64755"},{"taxonomy":"product_cat","embeddable":true,"href":"https:\/\/occasionmachines.com\/pt\/wp-json\/wp\/v2\/product_cat?post=64755"},{"taxonomy":"product_tag","embeddable":true,"href":"https:\/\/occasionmachines.com\/pt\/wp-json\/wp\/v2\/product_tag?post=64755"}],"curies":[{"name":"wp","href":"https:\/\/api.w.org\/{rel}","templated":true}]}}