{"id":64859,"date":"2023-08-06T11:27:30","date_gmt":"2023-08-06T10:27:30","guid":{"rendered":"https:\/\/occasionmachines.com\/produto\/porta-paletes-ppt-curto-normal-2-5t-540x800mm-nylon-duplo\/"},"modified":"2025-01-27T17:19:42","modified_gmt":"2025-01-27T17:19:42","slug":"porta-paletes-ppt-curto-normal-2-5t-540x800mm-nylon-duplo","status":"publish","type":"product","link":"https:\/\/occasionmachines.com\/pt\/produto\/porta-paletes-ppt-curto-normal-2-5t-540x800mm-nylon-duplo\/","title":{"rendered":"Porta Paletes Ppt Curto Normal 2.5t 540x800mm Nylon Duplo"},"content":{"rendered":"<table border=1 cellspacing=0 cellpadding=0 width=\"100%\">\n<tr>\n<td bgcolor=AntiqueWhite align=left>&nbsp;Caracter\u00edsticas T\u00e9cnicas<\/td>\n<td bgcolor=AntiqueWhite align=left>&nbsp;&#8211;<\/td>\n<td bgcolor=AntiqueWhite align=left>&nbsp;&#8212;<\/td>\n<\/tr>\n<tr>\n<td bgcolor=White>&nbsp;Capacidade M\u00e1xima<\/td>\n<td bgcolor=White>&nbsp;Kg<\/td>\n<td bgcolor=White>&nbsp;2500 <\/td>\n<\/tr>\n<tr>\n<td bgcolor=White>&nbsp;Comprimento Forquilha<\/td>\n<td bgcolor=White>&nbsp;mm<\/td>\n<td bgcolor=White>&nbsp;800 <\/td>\n<\/tr>\n<tr>\n<td bgcolor=White>&nbsp;Dist\u00e2ncia Ext. Forquilha<\/td>\n<td bgcolor=White>&nbsp;mm<\/td>\n<td bgcolor=White>&nbsp;540 <\/td>\n<\/tr>\n<tr>\n<td bgcolor=White>&nbsp;Material Porta Paletes<\/td>\n<td bgcolor=White>&nbsp;<\/td>\n<td bgcolor=White>&nbsp;A\u00e7o<\/td>\n<\/tr>\n<tr>\n<td bgcolor=White>&nbsp;Material da Roda<\/td>\n<td bgcolor=White>&nbsp;<\/td>\n<td bgcolor=White>&nbsp;Nylon<\/td>\n<\/tr>\n<tr>\n<td bgcolor=White>&nbsp;Max.Altura de eleva\u00e7\u00e3o<\/td>\n<td bgcolor=White>&nbsp;mm<\/td>\n<td bgcolor=White>&nbsp;200<\/td>\n<\/tr>\n<tr>\n<td bgcolor=White>&nbsp;Largura Forquilha <\/td>\n<td bgcolor=White>&nbsp;mm<\/td>\n<td bgcolor=White>&nbsp;160<\/td>\n<\/tr>\n<\/table>\n","protected":false},"excerpt":{"rendered":"<p>&nbsp;Caracter\u00edsticas T\u00e9cnicas &nbsp;&#8211; &nbsp;&#8212; &nbsp;Capacidade M\u00e1xima &nbsp;Kg &nbsp;2500 &nbsp;Comprimento Forquilha &nbsp;mm &nbsp;800 &nbsp;Dist\u00e2ncia Ext. Forquilha &nbsp;mm &nbsp;540 &nbsp;Material Porta Paletes &nbsp; &nbsp;A\u00e7o &nbsp;Material da Roda &nbsp; &nbsp;Nylon &nbsp;Max.Altura de eleva\u00e7\u00e3o &nbsp;mm &nbsp;200 &nbsp;Largura Forquilha &nbsp;mm &nbsp;160<\/p>\n","protected":false},"featured_media":64379,"comment_status":"closed","ping_status":"closed","template":"","meta":[],"product_brand":[],"product_cat":[5778],"product_tag":[],"class_list":{"0":"post-64859","1":"product","2":"type-product","3":"status-publish","4":"has-post-thumbnail","6":"product_cat-porta-paletes","7":"product_shipping_class-ferramentas-medias","9":"first","10":"onbackorder","11":"sold-individually","12":"taxable","13":"shipping-taxable","14":"purchasable","15":"product-type-simple"},"_links":{"self":[{"href":"https:\/\/occasionmachines.com\/pt\/wp-json\/wp\/v2\/product\/64859","targetHints":{"allow":["GET"]}}],"collection":[{"href":"https:\/\/occasionmachines.com\/pt\/wp-json\/wp\/v2\/product"}],"about":[{"href":"https:\/\/occasionmachines.com\/pt\/wp-json\/wp\/v2\/types\/product"}],"replies":[{"embeddable":true,"href":"https:\/\/occasionmachines.com\/pt\/wp-json\/wp\/v2\/comments?post=64859"}],"wp:featuredmedia":[{"embeddable":true,"href":"https:\/\/occasionmachines.com\/pt\/wp-json\/wp\/v2\/media\/64379"}],"wp:attachment":[{"href":"https:\/\/occasionmachines.com\/pt\/wp-json\/wp\/v2\/media?parent=64859"}],"wp:term":[{"taxonomy":"product_brand","embeddable":true,"href":"https:\/\/occasionmachines.com\/pt\/wp-json\/wp\/v2\/product_brand?post=64859"},{"taxonomy":"product_cat","embeddable":true,"href":"https:\/\/occasionmachines.com\/pt\/wp-json\/wp\/v2\/product_cat?post=64859"},{"taxonomy":"product_tag","embeddable":true,"href":"https:\/\/occasionmachines.com\/pt\/wp-json\/wp\/v2\/product_tag?post=64859"}],"curies":[{"name":"wp","href":"https:\/\/api.w.org\/{rel}","templated":true}]}}