{"id":64983,"date":"2023-08-06T11:38:29","date_gmt":"2023-08-06T10:38:29","guid":{"rendered":"https:\/\/occasionmachines.com\/produto\/gerador-30kva-diesel-insonorizado-1500rpm-pdg30s\/"},"modified":"2025-01-27T17:17:41","modified_gmt":"2025-01-27T17:17:41","slug":"gerador-30kva-diesel-insonorizado-1500rpm-pdg30s","status":"publish","type":"product","link":"https:\/\/occasionmachines.com\/pt\/produto\/gerador-30kva-diesel-insonorizado-1500rpm-pdg30s\/","title":{"rendered":"Gerador 30kva Diesel Insonorizado 1500rpm PDG30S"},"content":{"rendered":"<p><\/p>\n<table border=\"1\" width=\"100%\" cellspacing=\"0\" cellpadding=\"0\">\n<tbody>\n<tr>\n<td align=\"left\" bgcolor=\"AntiqueWhite\">\u00a0Caracter\u00edsticas T\u00e9cnicas<\/td>\n<td align=\"left\" bgcolor=\"AntiqueWhite\">\u00a0&#8211;<\/td>\n<td align=\"left\" bgcolor=\"AntiqueWhite\">\u00a0&#8212;<\/td>\n<\/tr>\n<tr>\n<td bgcolor=\"White\">\u00a0Marca Motor<\/td>\n<td bgcolor=\"White\"><\/td>\n<td bgcolor=\"White\">\u00a0Fawde<\/td>\n<\/tr>\n<tr>\n<td bgcolor=\"White\">\u00a0Modelo Motor<\/td>\n<td bgcolor=\"White\"><\/td>\n<td bgcolor=\"White\">\u00a04DW91-29D<\/td>\n<\/tr>\n<tr>\n<td bgcolor=\"White\">\u00a0Capacidade Tanque Combustivel<\/td>\n<td bgcolor=\"White\">\u00a0L<\/td>\n<td bgcolor=\"White\">\u00a050<\/td>\n<\/tr>\n<tr>\n<td bgcolor=\"White\">\u00a0Ru\u00eddo Gerador<\/td>\n<td bgcolor=\"White\"><\/td>\n<td bgcolor=\"White\">\u00a0=75dB @ 7m<\/td>\n<\/tr>\n<tr>\n<td bgcolor=\"White\">\u00a0Tipo Motor<\/td>\n<td bgcolor=\"White\"><\/td>\n<td bgcolor=\"White\">\u00a04 Cilindros \/ Linha<\/td>\n<\/tr>\n<tr>\n<td bgcolor=\"White\">\u00a0Arranque Motor<\/td>\n<td bgcolor=\"White\"><\/td>\n<td bgcolor=\"White\">\u00a0El\u00e9trico<\/td>\n<\/tr>\n<tr>\n<td bgcolor=\"White\">\u00a0Aspira\u00e7\u00e3o Motor<\/td>\n<td bgcolor=\"White\"><\/td>\n<td bgcolor=\"White\">\u00a0Naturalmente Aspirado<\/td>\n<\/tr>\n<tr>\n<td bgcolor=\"White\">\u00a0Refrigera\u00e7\u00e3o Motor<\/td>\n<td bgcolor=\"White\"><\/td>\n<td bgcolor=\"White\">\u00a0\u00c1gua<\/td>\n<\/tr>\n<tr>\n<td bgcolor=\"White\">\u00a0Cilindrada Motor<\/td>\n<td bgcolor=\"White\">\u00a0cc<\/td>\n<td bgcolor=\"White\">\u00a02545<\/td>\n<\/tr>\n<tr>\n<td bgcolor=\"White\">\u00a0Peso Seco Motor (Configura\u00e7\u00e3o B\u00e1sica)<\/td>\n<td bgcolor=\"White\">\u00a0Kg<\/td>\n<td bgcolor=\"White\">\u00a0220<\/td>\n<\/tr>\n<tr>\n<td bgcolor=\"White\">\u00a0Pot\u00eancia Nominal Gerador<\/td>\n<td bgcolor=\"White\">\u00a0kW<\/td>\n<td bgcolor=\"White\">\u00a016<\/td>\n<\/tr>\n<tr>\n<td bgcolor=\"White\">\u00a0Sa\u00edda Nominal AC Gerador<\/td>\n<td bgcolor=\"White\">\u00a0kVA<\/td>\n<td bgcolor=\"White\">\u00a020<\/td>\n<\/tr>\n<tr>\n<td bgcolor=\"White\">\u00a0Pot\u00eancia M\u00e1xima Gerador<\/td>\n<td bgcolor=\"White\">\u00a0kW<\/td>\n<td bgcolor=\"White\">\u00a017.6<\/td>\n<\/tr>\n<tr>\n<td bgcolor=\"White\">\u00a0Sa\u00edda M\u00e1xima AC Gerador<\/td>\n<td bgcolor=\"White\">\u00a0kVA<\/td>\n<td bgcolor=\"White\">\u00a022<\/td>\n<\/tr>\n<tr>\n<td bgcolor=\"White\">\u00a0Pot\u00eancia M\u00e1x. Motor<\/td>\n<td bgcolor=\"White\">\u00a0HP<\/td>\n<td bgcolor=\"White\">\u00a030.8<\/td>\n<\/tr>\n<tr>\n<td bgcolor=\"White\">\u00a0Factor Pot\u00eancia<\/td>\n<td bgcolor=\"White\">\u00a0cos \u00d8<\/td>\n<td bgcolor=\"White\">\u00a00.8<\/td>\n<\/tr>\n<tr>\n<td bgcolor=\"White\">\u00a0Corrente<\/td>\n<td bgcolor=\"White\">\u00a0A<\/td>\n<td bgcolor=\"White\">\u00a028.9<\/td>\n<\/tr>\n<tr>\n<td bgcolor=\"White\">\u00a0Rota\u00e7\u00f5es Motor Em Carga<\/td>\n<td bgcolor=\"White\">\u00a0RPM<\/td>\n<td bgcolor=\"White\">\u00a01500<\/td>\n<\/tr>\n<tr>\n<td bgcolor=\"White\">\u00a0Sistema Combust\u00edvel Motor<\/td>\n<td bgcolor=\"White\"><\/td>\n<td bgcolor=\"White\">\u00a0Mecanico<\/td>\n<\/tr>\n<tr>\n<td bgcolor=\"White\">\u00a0Classe Emiss\u00f5es Motor<\/td>\n<td bgcolor=\"White\"><\/td>\n<td bgcolor=\"White\">\u00a0Nivel II<\/td>\n<\/tr>\n<tr>\n<td bgcolor=\"White\">\u00a0Capacidade \u00d3leo Lubrificante Motor (Com Filtro)<\/td>\n<td bgcolor=\"White\">\u00a0L<\/td>\n<td bgcolor=\"White\">\u00a08<\/td>\n<\/tr>\n<tr>\n<td bgcolor=\"White\">\u00a0Consumo Combust\u00edvel Standby<\/td>\n<td bgcolor=\"White\">\u00a0L\/h<\/td>\n<td bgcolor=\"White\">\u00a06.4<\/td>\n<\/tr>\n<tr>\n<td bgcolor=\"White\">\u00a0Consumo Combust\u00edvel Em Carga<\/td>\n<td bgcolor=\"White\">\u00a0L\/h<\/td>\n<td bgcolor=\"White\">\u00a05.9<\/td>\n<\/tr>\n<tr>\n<td bgcolor=\"White\">\u00a0Consumo Combust\u00edvel Em Carga<\/td>\n<td bgcolor=\"White\">\u00a0g\/Kw.h<\/td>\n<td bgcolor=\"White\">\u00a0235<\/td>\n<\/tr>\n<tr>\n<td bgcolor=\"White\">\u00a0Capacidade Bateria<\/td>\n<td bgcolor=\"White\">\u00a0Ah<\/td>\n<td bgcolor=\"White\">\u00a0100 x 1<\/td>\n<\/tr>\n<tr>\n<td bgcolor=\"White\">\u00a0Liga\u00e7\u00e3o para ATS<\/td>\n<td bgcolor=\"White\"><\/td>\n<td bgcolor=\"White\">\u00a0Sim<\/td>\n<\/tr>\n<tr>\n<td bgcolor=\"White\">\u00a0Classe Gerador<\/td>\n<td bgcolor=\"White\"><\/td>\n<td bgcolor=\"White\">\u00a0G2<\/td>\n<\/tr>\n<tr>\n<td bgcolor=\"White\">\u00a0Sa\u00eddas El\u00e9tricas Gerador (3 Fases)<\/td>\n<td bgcolor=\"White\"><\/td>\n<td bgcolor=\"White\">\u00a02 X Tomada 4+1(T) Pinos EU 32A<\/td>\n<\/tr>\n<tr>\n<td bgcolor=\"White\">\u00a0Sa\u00eddas El\u00e9tricas Gerador (2 Fases)<\/td>\n<td bgcolor=\"White\"><\/td>\n<td bgcolor=\"White\">\u00a01 X Tomada 2+1(T) Pinos EU 16A + 1 X Tomada EU Schuko 16A<\/td>\n<\/tr>\n<\/tbody>\n<\/table>\n<p><\/p>","protected":false},"excerpt":{"rendered":"<p>\u00a0Caracter\u00edsticas T\u00e9cnicas \u00a0&#8211; \u00a0&#8212; \u00a0Marca Motor \u00a0Fawde \u00a0Modelo Motor \u00a04DW91-29D \u00a0Capacidade Tanque Combustivel \u00a0L \u00a050 \u00a0Ru\u00eddo Gerador \u00a0=75dB @ 7m \u00a0Tipo Motor \u00a04 Cilindros \/ Linha \u00a0Arranque Motor \u00a0El\u00e9trico \u00a0Aspira\u00e7\u00e3o Motor \u00a0Naturalmente Aspirado \u00a0Refrigera\u00e7\u00e3o Motor \u00a0\u00c1gua \u00a0Cilindrada Motor \u00a0cc \u00a02545 \u00a0Peso Seco Motor (Configura\u00e7\u00e3o B\u00e1sica) \u00a0Kg \u00a0220 \u00a0Pot\u00eancia Nominal Gerador \u00a0kW \u00a016 \u00a0Sa\u00edda Nominal AC [&hellip;]<\/p>\n","protected":false},"featured_media":64226,"comment_status":"closed","ping_status":"closed","template":"","meta":[],"product_brand":[],"product_cat":[4728],"product_tag":[],"class_list":{"0":"post-64983","1":"product","2":"type-product","3":"status-publish","4":"has-post-thumbnail","6":"product_cat-geradores","7":"product_shipping_class-maquinas-grandes","9":"first","10":"onbackorder","11":"taxable","12":"shipping-taxable","13":"purchasable","14":"product-type-simple"},"_links":{"self":[{"href":"https:\/\/occasionmachines.com\/pt\/wp-json\/wp\/v2\/product\/64983","targetHints":{"allow":["GET"]}}],"collection":[{"href":"https:\/\/occasionmachines.com\/pt\/wp-json\/wp\/v2\/product"}],"about":[{"href":"https:\/\/occasionmachines.com\/pt\/wp-json\/wp\/v2\/types\/product"}],"replies":[{"embeddable":true,"href":"https:\/\/occasionmachines.com\/pt\/wp-json\/wp\/v2\/comments?post=64983"}],"wp:featuredmedia":[{"embeddable":true,"href":"https:\/\/occasionmachines.com\/pt\/wp-json\/wp\/v2\/media\/64226"}],"wp:attachment":[{"href":"https:\/\/occasionmachines.com\/pt\/wp-json\/wp\/v2\/media?parent=64983"}],"wp:term":[{"taxonomy":"product_brand","embeddable":true,"href":"https:\/\/occasionmachines.com\/pt\/wp-json\/wp\/v2\/product_brand?post=64983"},{"taxonomy":"product_cat","embeddable":true,"href":"https:\/\/occasionmachines.com\/pt\/wp-json\/wp\/v2\/product_cat?post=64983"},{"taxonomy":"product_tag","embeddable":true,"href":"https:\/\/occasionmachines.com\/pt\/wp-json\/wp\/v2\/product_tag?post=64983"}],"curies":[{"name":"wp","href":"https:\/\/api.w.org\/{rel}","templated":true}]}}