{"id":66616,"date":"2023-11-08T01:14:39","date_gmt":"2023-11-08T01:14:39","guid":{"rendered":"https:\/\/occasionmachines.com\/?post_type=product&#038;p=66616"},"modified":"2025-01-27T16:54:37","modified_gmt":"2025-01-27T16:54:37","slug":"serrote-de-fita-bs450_400v","status":"publish","type":"product","link":"https:\/\/occasionmachines.com\/pt\/produto\/serrote-de-fita-bs450_400v\/","title":{"rendered":"Serra de fita para metal Holzmann BS450_400V"},"content":{"rendered":"<p><span>A serra de fita para metal HOLZMANN BS450 em design maci\u00e7o com motor potente com acionamento por correia.\u00a0<\/span><span>4 velocidades da fita de serra s\u00e3o ajust\u00e1veis \u200b\u200bpela troca da correia (25|40|51|71 m\/min).\u00a0<\/span><span>Poss\u00edvel grande capacidade de corte de 450 x 200 mm.<\/span><\/p>\n<h3><strong>Destaques<\/strong><\/h3>\n<p>&nbsp;<\/p>\n<ul>\n<li><span>serra de fita de metal precisa em design resistente<\/span><\/li>\n<li><span>ajuste do \u00e2ngulo de corte:L: 0-45\u00b0<\/span><\/li>\n<li><span>ap\u00f3s a conclus\u00e3o do corte, desligamento autom\u00e1tico por meio de um fim de curso<\/span><\/li>\n<li><span>torno robusto (altura da superf\u00edcie ao ch\u00e3o = 594 mm)\u00a0<\/span><\/li>\n<li><span>cilindro hidr\u00e1ulico para velocidade de descida continuamente ajust\u00e1vel<\/span><\/li>\n<li><span>man\u00f4metro para indicar a tens\u00e3o correta da l\u00e2mina de serra<\/span><\/li>\n<li><span>suporte da m\u00e1quina com tanque de refrigerante (25 l) e bomba de refrigerante (25 W)<\/span><\/li>\n<\/ul>\n<p><strong><span>Inclu\u00eddo na entrega<\/span><\/strong><span>\u00a0: L\u00e2mina de serra bimet\u00e1lica (M42) 3300 x 27 x 0,9 mm (TPI 4\/6)<\/span><\/p>\n<h3><strong>Detalhes t\u00e9cnicos<\/strong><\/h3>\n<div class=\"row groupRow\">\n<div class=\"zusatzInfo\">\n<div class=\"col-sm-6 col-xs-6\">\n<div class=\"border-bottom-dotted\"><strong><span>dados do motor<\/span><\/strong><\/div>\n<\/div>\n<div class=\"clearfix\"><\/div>\n<\/div>\n<\/div>\n<div class=\"row\">\n<div class=\"zusatzInfo\">\n<div class=\"col-sm-6 col-xs-6\">\n<div class=\"border-bottom-dotted\"><span>pot\u00eancia do motor s1 em W<\/span><\/div>\n<\/div>\n<div class=\"col-sm-6 col-xs-6\">\n<div class=\"border-bottom-dotted\"><span>2200<\/span><\/div>\n<\/div>\n<div class=\"clearfix\"><\/div>\n<\/div>\n<\/div>\n<div class=\"row\">\n<div class=\"zusatzInfo\">\n<div class=\"col-sm-6 col-xs-6\">\n<div class=\"border-bottom-dotted\"><span>tens\u00e3o<\/span><\/div>\n<\/div>\n<div class=\"col-sm-6 col-xs-6\">\n<div class=\"border-bottom-dotted\"><span>400V\/50Hz<\/span><\/div>\n<\/div>\n<div class=\"clearfix\"><\/div>\n<\/div>\n<\/div>\n<div class=\"row groupRow\">\n<div class=\"zusatzInfo\">\n<div class=\"col-sm-6 col-xs-6\">\n<div class=\"border-bottom-dotted\"><strong><span>Medidas<\/span><\/strong><\/div>\n<\/div>\n<div class=\"clearfix\"><\/div>\n<\/div>\n<\/div>\n<div class=\"row\">\n<div class=\"zusatzInfo\">\n<div class=\"col-sm-6 col-xs-6\">\n<div class=\"border-bottom-dotted\"><span>dimens\u00f5es totais em mm<\/span><\/div>\n<\/div>\n<div class=\"col-sm-6 col-xs-6\">\n<div class=\"border-bottom-dotted\"><span>1735x1350x1090(1700)<\/span><\/div>\n<\/div>\n<div class=\"clearfix\"><\/div>\n<\/div>\n<\/div>\n<div class=\"row groupRow\">\n<div class=\"zusatzInfo\">\n<div class=\"col-sm-6 col-xs-6\">\n<div class=\"border-bottom-dotted\"><strong><span>desempenho de corte<\/span><\/strong><\/div>\n<\/div>\n<div class=\"clearfix\"><\/div>\n<\/div>\n<\/div>\n<div class=\"row\">\n<div class=\"zusatzInfo\">\n<div class=\"col-sm-6 col-xs-6\">\n<div class=\"border-bottom-dotted\"><span>desempenho de corte redondo \u00d8 90\u00b0 em mm<\/span><\/div>\n<\/div>\n<div class=\"col-sm-6 col-xs-6\">\n<div class=\"border-bottom-dotted\"><span>254<\/span><\/div>\n<\/div>\n<div class=\"clearfix\"><\/div>\n<\/div>\n<\/div>\n<div class=\"row\">\n<div class=\"zusatzInfo\">\n<div class=\"col-sm-6 col-xs-6\">\n<div class=\"border-bottom-dotted\"><span>desempenho de corte redondo \u00d8 45\u00b0 em mm<\/span><\/div>\n<\/div>\n<div class=\"col-sm-6 col-xs-6\">\n<div class=\"border-bottom-dotted\"><span>190<\/span><\/div>\n<\/div>\n<div class=\"clearfix\"><\/div>\n<\/div>\n<\/div>\n<div class=\"row\">\n<div class=\"zusatzInfo\">\n<div class=\"col-sm-6 col-xs-6\">\n<div class=\"border-bottom-dotted\"><span>desempenho de corte lxh 90\u00b0 em mm<\/span><\/div>\n<\/div>\n<div class=\"col-sm-6 col-xs-6\">\n<div class=\"border-bottom-dotted\"><span>450 x 200<\/span><\/div>\n<\/div>\n<div class=\"clearfix\"><\/div>\n<\/div>\n<\/div>\n<div class=\"row\">\n<div class=\"zusatzInfo\">\n<div class=\"col-sm-6 col-xs-6\">\n<div class=\"border-bottom-dotted\"><span>desempenho de corte lxh 45\u00b0 em mm<\/span><\/div>\n<\/div>\n<div class=\"col-sm-6 col-xs-6\">\n<div class=\"border-bottom-dotted\"><span>190&#215;254<\/span><\/div>\n<\/div>\n<div class=\"clearfix\"><\/div>\n<\/div>\n<\/div>\n<div class=\"row\">\n<div class=\"zusatzInfo\">\n<div class=\"col-sm-6 col-xs-6\">\n<div class=\"border-bottom-dotted\"><span>desempenho de corte quadrado 90\u00b0 em mm<\/span><\/div>\n<\/div>\n<div class=\"col-sm-6 col-xs-6\">\n<div class=\"border-bottom-dotted\"><span>254<\/span><\/div>\n<\/div>\n<div class=\"clearfix\"><\/div>\n<\/div>\n<\/div>\n<div class=\"row groupRow\">\n<div class=\"zusatzInfo\">\n<div class=\"col-sm-6 col-xs-6\">\n<div class=\"border-bottom-dotted\"><strong><span>serras de fita<\/span><\/strong><\/div>\n<\/div>\n<div class=\"clearfix\"><\/div>\n<\/div>\n<\/div>\n<div class=\"row\">\n<div class=\"zusatzInfo\">\n<div class=\"col-sm-6 col-xs-6\">\n<div class=\"border-bottom-dotted\"><span>fita de serra em mm<\/span><\/div>\n<\/div>\n<div class=\"col-sm-6 col-xs-6\">\n<div class=\"border-bottom-dotted\"><span>3330 x 27 x 0,9<\/span><\/div>\n<\/div>\n<div class=\"clearfix\"><\/div>\n<\/div>\n<\/div>\n<div class=\"row\">\n<div class=\"zusatzInfo\">\n<div class=\"col-sm-6 col-xs-6\">\n<div class=\"border-bottom-dotted\"><span>velocidade da serra em m\/min<\/span><\/div>\n<\/div>\n<div class=\"col-sm-6 col-xs-6\">\n<div class=\"border-bottom-dotted\"><span>25|40|51|71<\/span><\/div>\n<\/div>\n<div class=\"clearfix\"><\/div>\n<\/div>\n<\/div>\n<div class=\"row\">\n<div class=\"zusatzInfo\">\n<div class=\"col-sm-6 col-xs-6\">\n<div class=\"border-bottom-dotted\"><span>di\u00e2metro do volante em mm<\/span><\/div>\n<\/div>\n<div class=\"col-sm-6 col-xs-6\">\n<div class=\"border-bottom-dotted\"><span>350<\/span><\/div>\n<\/div>\n<div class=\"clearfix\"><\/div>\n<\/div>\n<\/div>\n<div class=\"row groupRow\">\n<div class=\"zusatzInfo\">\n<div class=\"col-sm-6 col-xs-6\">\n<div class=\"border-bottom-dotted\"><strong><span>n\u00edvel de volume e vibra\u00e7\u00e3o<\/span><\/strong><\/div>\n<\/div>\n<div class=\"clearfix\"><\/div>\n<\/div>\n<\/div>\n<div class=\"row\">\n<div class=\"zusatzInfo\">\n<div class=\"col-sm-6 col-xs-6\">\n<div class=\"border-bottom-dotted\"><span>n\u00edvel de pot\u00eancia sonora em dB(A)<\/span><\/div>\n<\/div>\n<div class=\"col-sm-6 col-xs-6\">\n<div class=\"border-bottom-dotted\"><span>89<\/span><\/div>\n<\/div>\n<div class=\"clearfix\"><\/div>\n<\/div>\n<\/div>\n<div class=\"row\">\n<div class=\"zusatzInfo\">\n<div class=\"col-sm-6 col-xs-6\">\n<div class=\"border-bottom-dotted\"><span>n\u00edvel de press\u00e3o sonora em dB(A)<\/span><\/div>\n<\/div>\n<div class=\"col-sm-6 col-xs-6\">\n<div class=\"border-bottom-dotted\"><span>74,3<\/span><\/div>\n<\/div>\n<div class=\"clearfix\"><\/div>\n<\/div>\n<\/div>\n<div class=\"row groupRow\">\n<div class=\"zusatzInfo\">\n<div class=\"col-sm-6 col-xs-6\">\n<div class=\"border-bottom-dotted\"><strong><span>peso<\/span><\/strong><\/div>\n<\/div>\n<div class=\"clearfix\"><\/div>\n<\/div>\n<\/div>\n<div class=\"row\">\n<div class=\"zusatzInfo\">\n<div class=\"col-sm-6 col-xs-6\">\n<div class=\"border-bottom-dotted\"><span>peso bruto em kg<\/span><\/div>\n<\/div>\n<div class=\"col-sm-6 col-xs-6\">\n<div class=\"border-bottom-dotted\"><span>360,50<\/span><\/div>\n<\/div>\n<div class=\"clearfix\"><\/div>\n<\/div>\n<\/div>\n<div class=\"row\">\n<div class=\"zusatzInfo\">\n<div class=\"col-sm-6 col-xs-6\">\n<div class=\"border-bottom-dotted\"><span>peso l\u00edquido em kg<\/span><\/div>\n<\/div>\n<div class=\"col-sm-6 col-xs-6\">\n<div class=\"border-bottom-dotted\"><span>340<\/span><\/div>\n<\/div>\n<div class=\"clearfix\"><\/div>\n<\/div>\n<\/div>\n<div class=\"row groupRow\">\n<div class=\"zusatzInfo\">\n<div class=\"col-sm-6 col-xs-6\">\n<div class=\"border-bottom-dotted\"><strong><span>embalagem<\/span><\/strong><\/div>\n<\/div>\n<div class=\"clearfix\"><\/div>\n<\/div>\n<\/div>\n<div class=\"row\">\n<div class=\"zusatzInfo\">\n<div class=\"col-sm-6 col-xs-6\">\n<div class=\"border-bottom-dotted\"><span>largura da embalagem em mm<\/span><\/div>\n<\/div>\n<div class=\"col-sm-6 col-xs-6\">\n<div class=\"border-bottom-dotted\"><span>760<\/span><\/div>\n<\/div>\n<div class=\"clearfix\"><\/div>\n<\/div>\n<\/div>\n<div class=\"row\">\n<div class=\"zusatzInfo\">\n<div class=\"col-sm-6 col-xs-6\">\n<div class=\"border-bottom-dotted\"><span>comprimento da embalagem em mm<\/span><\/div>\n<\/div>\n<div class=\"col-sm-6 col-xs-6\">\n<div class=\"border-bottom-dotted\"><span>1.800<\/span><\/div>\n<\/div>\n<div class=\"clearfix\"><\/div>\n<\/div>\n<\/div>\n<div class=\"row\">\n<div class=\"zusatzInfo\">\n<div class=\"col-sm-6 col-xs-6\">\n<div class=\"border-bottom-dotted\"><span>altura da embalagem em mm<\/span><\/div>\n<\/div>\n<div class=\"col-sm-6 col-xs-6\">\n<div class=\"border-bottom-dotted\"><span>1.130<\/span><\/div>\n<\/div>\n<\/div>\n<\/div>\n<p><\/p>","protected":false},"excerpt":{"rendered":"<p>A serra de fita para metal HOLZMANN BS450 em design maci\u00e7o com motor potente com acionamento por correia.\u00a04 velocidades da fita de serra s\u00e3o ajust\u00e1veis \u200b\u200bpela troca da correia (25|40|51|71 m\/min).\u00a0Poss\u00edvel grande capacidade de corte de 450 x 200 mm. Destaques &nbsp; serra de fita de metal precisa em design resistente ajuste do \u00e2ngulo de [&hellip;]<\/p>\n","protected":false},"featured_media":66624,"comment_status":"closed","ping_status":"closed","template":"","meta":[],"product_brand":[],"product_cat":[4429],"product_tag":[],"class_list":{"0":"post-66616","1":"product","2":"type-product","3":"status-publish","4":"has-post-thumbnail","6":"product_cat-serrotes-de-fita","7":"product_shipping_class-maquinas-medias","9":"first","10":"onbackorder","11":"sold-individually","12":"taxable","13":"shipping-taxable","14":"purchasable","15":"product-type-simple"},"_links":{"self":[{"href":"https:\/\/occasionmachines.com\/pt\/wp-json\/wp\/v2\/product\/66616","targetHints":{"allow":["GET"]}}],"collection":[{"href":"https:\/\/occasionmachines.com\/pt\/wp-json\/wp\/v2\/product"}],"about":[{"href":"https:\/\/occasionmachines.com\/pt\/wp-json\/wp\/v2\/types\/product"}],"replies":[{"embeddable":true,"href":"https:\/\/occasionmachines.com\/pt\/wp-json\/wp\/v2\/comments?post=66616"}],"wp:featuredmedia":[{"embeddable":true,"href":"https:\/\/occasionmachines.com\/pt\/wp-json\/wp\/v2\/media\/66624"}],"wp:attachment":[{"href":"https:\/\/occasionmachines.com\/pt\/wp-json\/wp\/v2\/media?parent=66616"}],"wp:term":[{"taxonomy":"product_brand","embeddable":true,"href":"https:\/\/occasionmachines.com\/pt\/wp-json\/wp\/v2\/product_brand?post=66616"},{"taxonomy":"product_cat","embeddable":true,"href":"https:\/\/occasionmachines.com\/pt\/wp-json\/wp\/v2\/product_cat?post=66616"},{"taxonomy":"product_tag","embeddable":true,"href":"https:\/\/occasionmachines.com\/pt\/wp-json\/wp\/v2\/product_tag?post=66616"}],"curies":[{"name":"wp","href":"https:\/\/api.w.org\/{rel}","templated":true}]}}