{"id":66634,"date":"2023-11-08T01:28:04","date_gmt":"2023-11-08T01:28:04","guid":{"rendered":"https:\/\/occasionmachines.com\/?post_type=product&#038;p=66634"},"modified":"2025-01-27T16:50:39","modified_gmt":"2025-01-27T16:50:39","slug":"serrote-painel-vertical-vps4222_400v","status":"publish","type":"product","link":"https:\/\/occasionmachines.com\/pt\/produto\/serrote-painel-vertical-vps4222_400v\/","title":{"rendered":"Serra de painel vertical Holzmann VPS4222_400V"},"content":{"rendered":"<p>A serra de pain\u00e9is verticais HOLZMANN VPS4222_400V permite processar pain\u00e9is de 4,2 m na horizontal e 2,2 m na vertical.\u00a0Ajuste autom\u00e1tico da estrutura de ripas para processamento seguro na dire\u00e7\u00e3o de corte horizontal.\u00a0Dois batentes mec\u00e2nicos para suporte do painel inferior e intermedi\u00e1rio.\u00a0A cerca intermedi\u00e1ria est\u00e1 equipada com um sistema de medi\u00e7\u00e3o digital.\u00a0O suporte do painel central pode ser girado.\u00a0A potente unidade de serragem est\u00e1 equipada com uma unidade de corte que pode ser usada opcionalmente.\u00a0Gra\u00e7as ao sistema de medi\u00e7\u00e3o digital, a posi\u00e7\u00e3o da altura da unidade de serragem pode ser lida no painel de controle, facilitando o trabalho.\u00a0A liga\u00e7\u00e3o para arranque do sistema de recolha de p\u00f3 est\u00e1 dispon\u00edvel na caixa de distribui\u00e7\u00e3o el\u00e9ctrica.\u00a0Isto garante um corte simples e exato dos pain\u00e9is necess\u00e1rios.<\/p>\n<div class=\"desc\">\n<h3><strong>Destaques<\/strong><\/h3>\n<p>&nbsp;<\/p>\n<ul>\n<li>m\u00e1x.\u00a0capacidade de corte vertical 2200 mm<\/li>\n<li>m\u00e1x.\u00a0capacidade de corte horizontal 4200 mm<\/li>\n<li>unidade de serra:\n<ul>\n<li>pot\u00eancia 3,0 kW<\/li>\n<li>n\u00a0<sub>l\u00e2mina de serra principal<\/sub>\u00a0: 4500 min\u00a0<sup>-1<\/sup>\u00a0;\u00a0n\u00a0<sub>unidade de pontua\u00e7\u00e3o<\/sub>\u00a0: 9.500 min\u00a0<sup>-1<\/sup><\/li>\n<\/ul>\n<\/li>\n<li>serra principal: \u00d8250 x 30 x 3,5 mm (T80);\u00a0l\u00e2mina de serra de pontua\u00e7\u00e3o: \u00d880 x 2,8-3,6 (T20)<\/li>\n<li>press\u00e3o de trabalho pneum\u00e1tica: 6-8bar<\/li>\n<li>m\u00e1x.\u00a0profundidade de corte\n<ul>\n<li>placa de madeira (MDF): 60 mm<\/li>\n<li>placas de madeira maci\u00e7a: 50 mm<\/li>\n<li>placas de espuma termopl\u00e1stica: 60 mm<\/li>\n<li>placas de alum\u00ednio: 20 mm<\/li>\n<li>gesso cartonado: 60mm<\/li>\n<\/ul>\n<\/li>\n<\/ul>\n<p><strong>inclu\u00eddo na entrega:<\/strong>\u00a0\u00a0L\u00e2mina de serra principal e de corte<\/p>\n<h3><strong>Detalhes t\u00e9cnicos<\/strong><\/h3>\n<div class=\"row groupRow\">\n<div class=\"zusatzInfo\">\n<div class=\"col-sm-6 col-xs-6\">\n<div class=\"border-bottom-dotted\"><strong>dados do motor<\/strong><\/div>\n<\/div>\n<div class=\"clearfix\"><\/div>\n<\/div>\n<\/div>\n<div class=\"row\">\n<div class=\"zusatzInfo\">\n<div class=\"col-sm-6 col-xs-6\">\n<div class=\"border-bottom-dotted\">pot\u00eancia do motor s1 em W<\/div>\n<\/div>\n<div class=\"col-sm-6 col-xs-6\">\n<div class=\"border-bottom-dotted\">3.000<\/div>\n<\/div>\n<div class=\"clearfix\"><\/div>\n<\/div>\n<\/div>\n<div class=\"row\">\n<div class=\"zusatzInfo\">\n<div class=\"col-sm-6 col-xs-6\">\n<div class=\"border-bottom-dotted\">tens\u00e3o<\/div>\n<\/div>\n<div class=\"col-sm-6 col-xs-6\">\n<div class=\"border-bottom-dotted\">400V\/3\/50Hz<\/div>\n<\/div>\n<div class=\"clearfix\"><\/div>\n<\/div>\n<\/div>\n<div class=\"row groupRow\">\n<div class=\"zusatzInfo\">\n<div class=\"col-sm-6 col-xs-6\">\n<div class=\"border-bottom-dotted\"><strong>Medidas<\/strong><\/div>\n<\/div>\n<div class=\"clearfix\"><\/div>\n<\/div>\n<\/div>\n<div class=\"row\">\n<div class=\"zusatzInfo\">\n<div class=\"col-sm-6 col-xs-6\">\n<div class=\"border-bottom-dotted\">dimens\u00f5es totais em mm<\/div>\n<\/div>\n<div class=\"col-sm-6 col-xs-6\">\n<div class=\"border-bottom-dotted\">5250 x 1700 x 2970<\/div>\n<\/div>\n<div class=\"clearfix\"><\/div>\n<\/div>\n<\/div>\n<div class=\"row groupRow\">\n<div class=\"zusatzInfo\">\n<div class=\"col-sm-6 col-xs-6\">\n<div class=\"border-bottom-dotted\"><strong>medi\u00e7\u00f5es da pe\u00e7a<\/strong><\/div>\n<\/div>\n<div class=\"clearfix\"><\/div>\n<\/div>\n<\/div>\n<div class=\"row\">\n<div class=\"zusatzInfo\">\n<div class=\"col-sm-6 col-xs-6\">\n<div class=\"border-bottom-dotted\">min.\u00a0comprimento da pe\u00e7a em mm<\/div>\n<\/div>\n<div class=\"col-sm-6 col-xs-6\">\n<div class=\"border-bottom-dotted\">530<\/div>\n<\/div>\n<div class=\"clearfix\"><\/div>\n<\/div>\n<\/div>\n<div class=\"row\">\n<div class=\"zusatzInfo\">\n<div class=\"col-sm-6 col-xs-6\">\n<div class=\"border-bottom-dotted\">min.\u00a0largura da pe\u00e7a em mm<\/div>\n<\/div>\n<div class=\"col-sm-6 col-xs-6\">\n<div class=\"border-bottom-dotted\">230<\/div>\n<\/div>\n<div class=\"clearfix\"><\/div>\n<\/div>\n<\/div>\n<div class=\"row groupRow\">\n<div class=\"zusatzInfo\">\n<div class=\"col-sm-6 col-xs-6\">\n<div class=\"border-bottom-dotted\"><strong>n\u00edvel de volume e vibra\u00e7\u00e3o<\/strong><\/div>\n<\/div>\n<div class=\"clearfix\"><\/div>\n<\/div>\n<\/div>\n<div class=\"row\">\n<div class=\"zusatzInfo\">\n<div class=\"col-sm-6 col-xs-6\">\n<div class=\"border-bottom-dotted\">n\u00edvel de press\u00e3o sonora em dB(A)<\/div>\n<\/div>\n<div class=\"col-sm-6 col-xs-6\">\n<div class=\"border-bottom-dotted\">89,2<\/div>\n<\/div>\n<div class=\"clearfix\"><\/div>\n<\/div>\n<\/div>\n<div class=\"row groupRow\">\n<div class=\"zusatzInfo\">\n<div class=\"col-sm-6 col-xs-6\">\n<div class=\"border-bottom-dotted\"><strong>peso<\/strong><\/div>\n<\/div>\n<div class=\"clearfix\"><\/div>\n<\/div>\n<\/div>\n<div class=\"row\">\n<div class=\"zusatzInfo\">\n<div class=\"col-sm-6 col-xs-6\">\n<div class=\"border-bottom-dotted\">peso bruto em kg<\/div>\n<\/div>\n<div class=\"col-sm-6 col-xs-6\">\n<div class=\"border-bottom-dotted\">735<\/div>\n<\/div>\n<div class=\"clearfix\"><\/div>\n<\/div>\n<\/div>\n<div class=\"row\">\n<div class=\"zusatzInfo\">\n<div class=\"col-sm-6 col-xs-6\">\n<div class=\"border-bottom-dotted\">peso l\u00edquido em kg<\/div>\n<\/div>\n<div class=\"col-sm-6 col-xs-6\">\n<div class=\"border-bottom-dotted\">633<\/div>\n<\/div>\n<div class=\"clearfix\"><\/div>\n<\/div>\n<\/div>\n<div class=\"row groupRow\">\n<div class=\"zusatzInfo\">\n<div class=\"col-sm-6 col-xs-6\">\n<div class=\"border-bottom-dotted\"><strong>embalagem<\/strong><\/div>\n<\/div>\n<div class=\"clearfix\"><\/div>\n<\/div>\n<\/div>\n<div class=\"row\">\n<div class=\"zusatzInfo\">\n<div class=\"col-sm-6 col-xs-6\">\n<div class=\"border-bottom-dotted\">largura da embalagem em mm<\/div>\n<\/div>\n<div class=\"col-sm-6 col-xs-6\">\n<div class=\"border-bottom-dotted\">2.000<\/div>\n<\/div>\n<div class=\"clearfix\"><\/div>\n<\/div>\n<\/div>\n<div class=\"row\">\n<div class=\"zusatzInfo\">\n<div class=\"col-sm-6 col-xs-6\">\n<div class=\"border-bottom-dotted\">comprimento da embalagem em mm<\/div>\n<\/div>\n<div class=\"col-sm-6 col-xs-6\">\n<div class=\"border-bottom-dotted\">5.200<\/div>\n<\/div>\n<div class=\"clearfix\"><\/div>\n<\/div>\n<\/div>\n<div class=\"row\">\n<div class=\"zusatzInfo\">\n<div class=\"col-sm-6 col-xs-6\">\n<div class=\"border-bottom-dotted\">altura da embalagem em mm<\/div>\n<\/div>\n<div class=\"col-sm-6 col-xs-6\">\n<div class=\"border-bottom-dotted\">2.600<\/div>\n<\/div>\n<\/div>\n<\/div>\n<\/div>\n<p><\/p>","protected":false},"excerpt":{"rendered":"<p>A serra de pain\u00e9is verticais HOLZMANN VPS4222_400V permite processar pain\u00e9is de 4,2 m na horizontal e 2,2 m na vertical.\u00a0Ajuste autom\u00e1tico da estrutura de ripas para processamento seguro na dire\u00e7\u00e3o de corte horizontal.\u00a0Dois batentes mec\u00e2nicos para suporte do painel inferior e intermedi\u00e1rio.\u00a0A cerca intermedi\u00e1ria est\u00e1 equipada com um sistema de medi\u00e7\u00e3o digital.\u00a0O suporte do painel [&hellip;]<\/p>\n","protected":false},"featured_media":66642,"comment_status":"closed","ping_status":"closed","template":"","meta":[],"product_brand":[],"product_cat":[4708],"product_tag":[],"class_list":{"0":"post-66634","1":"product","2":"type-product","3":"status-publish","4":"has-post-thumbnail","6":"product_cat-maquinas-para-madeira","7":"product_shipping_class-maquinas-grandes","9":"first","10":"onbackorder","11":"sold-individually","12":"taxable","13":"shipping-taxable","14":"purchasable","15":"product-type-simple"},"_links":{"self":[{"href":"https:\/\/occasionmachines.com\/pt\/wp-json\/wp\/v2\/product\/66634","targetHints":{"allow":["GET"]}}],"collection":[{"href":"https:\/\/occasionmachines.com\/pt\/wp-json\/wp\/v2\/product"}],"about":[{"href":"https:\/\/occasionmachines.com\/pt\/wp-json\/wp\/v2\/types\/product"}],"replies":[{"embeddable":true,"href":"https:\/\/occasionmachines.com\/pt\/wp-json\/wp\/v2\/comments?post=66634"}],"wp:featuredmedia":[{"embeddable":true,"href":"https:\/\/occasionmachines.com\/pt\/wp-json\/wp\/v2\/media\/66642"}],"wp:attachment":[{"href":"https:\/\/occasionmachines.com\/pt\/wp-json\/wp\/v2\/media?parent=66634"}],"wp:term":[{"taxonomy":"product_brand","embeddable":true,"href":"https:\/\/occasionmachines.com\/pt\/wp-json\/wp\/v2\/product_brand?post=66634"},{"taxonomy":"product_cat","embeddable":true,"href":"https:\/\/occasionmachines.com\/pt\/wp-json\/wp\/v2\/product_cat?post=66634"},{"taxonomy":"product_tag","embeddable":true,"href":"https:\/\/occasionmachines.com\/pt\/wp-json\/wp\/v2\/product_tag?post=66634"}],"curies":[{"name":"wp","href":"https:\/\/api.w.org\/{rel}","templated":true}]}}