{"id":66650,"date":"2023-11-08T01:44:03","date_gmt":"2023-11-08T01:44:03","guid":{"rendered":"https:\/\/occasionmachines.com\/?post_type=product&#038;p=66650"},"modified":"2025-01-27T16:47:48","modified_gmt":"2025-01-27T16:47:48","slug":"armario-de-rolos-para-bancada-de-trabalho-set-wewa1216set","status":"publish","type":"product","link":"https:\/\/occasionmachines.com\/pt\/produto\/armario-de-rolos-para-bancada-de-trabalho-set-wewa1216set\/","title":{"rendered":"Bancada de trabalho Holzmann WEWA1216SET"},"content":{"rendered":"<p>O SET bancada-arm\u00e1rio de rolos HOLZMANN inclui uma bancada s\u00f3lida e um arm\u00e1rio de rolos com 6 gavetas, um arm\u00e1rio e uma bancada de madeira. O carrinho pode ser guardado em baixo da bancada de trabalho, \u00e9 trav\u00e1vel e possui dois rod\u00edzios girat\u00f3rios com freios.<\/p>\n<h3><strong>Destaques<\/strong><\/h3>\n<p>&nbsp;<\/p>\n<p><strong>Arm\u00e1rio de rolos<\/strong><\/p>\n<ul>\n<li>6 gavetas\n<ul>\n<li>dimens\u00e3o gaveta 1 (384 x 425 x 68 mm)<\/li>\n<li>gaveta de dimens\u00f5es 2 e 3 (384 x 425 x 131 mm)<\/li>\n<li>gaveta dimensional 4 (384 x 425 x 246 mm)<\/li>\n<li>dimens\u00e3o gaveta 5 (714 x 425 x 68 mm)<\/li>\n<li>dimens\u00e3o gaveta 6 (714 x 425 x 131 mm)<\/li>\n<\/ul>\n<\/li>\n<li>Dimens\u00f5es do gabinete (714 x 425 x 377)<\/li>\n<li>m\u00e1x.\u00a0capacidade de carga total de 400 kg<\/li>\n<li>altura da mesa 920 mm<\/li>\n<li>Bancada em madeira de borracha de 20 mm<\/li>\n<\/ul>\n<p><strong>bancada de trabalho<\/strong><\/p>\n<ul>\n<li>m\u00e1x.\u00a0capacidade de carga 350 kg<\/li>\n<li>Tampo de madeira de borracha de 20 mm (Dimens\u00e3o 1518 x 604 mm)<\/li>\n<li>altura da mesa ajust\u00e1vel min 990;\u00a0m\u00e1x.: 1092 mm<\/li>\n<\/ul>\n<h3><strong>Detalhes t\u00e9cnicos<\/strong><\/h3>\n<div class=\"row groupRow\">\n<div class=\"zusatzInfo\">\n<div class=\"col-sm-6 col-xs-6\">\n<div class=\"border-bottom-dotted\"><strong>peso<\/strong><\/div>\n<\/div>\n<div class=\"clearfix\"><\/div>\n<\/div>\n<\/div>\n<div class=\"row\">\n<div class=\"zusatzInfo\">\n<div class=\"col-sm-6 col-xs-6\">\n<div class=\"border-bottom-dotted\">peso bruto em kg<\/div>\n<\/div>\n<div class=\"col-sm-6 col-xs-6\">\n<div class=\"border-bottom-dotted\">117<\/div>\n<\/div>\n<div class=\"clearfix\"><\/div>\n<\/div>\n<\/div>\n<div class=\"row\">\n<div class=\"zusatzInfo\">\n<div class=\"col-sm-6 col-xs-6\">\n<div class=\"border-bottom-dotted\">peso l\u00edquido em kg<\/div>\n<\/div>\n<div class=\"col-sm-6 col-xs-6\">\n<div class=\"border-bottom-dotted\">111<\/div>\n<\/div>\n<div class=\"clearfix\"><\/div>\n<\/div>\n<\/div>\n<div class=\"row groupRow\">\n<div class=\"zusatzInfo\">\n<div class=\"col-sm-6 col-xs-6\">\n<div class=\"border-bottom-dotted\"><strong>embalagem<\/strong><\/div>\n<\/div>\n<div class=\"clearfix\"><\/div>\n<\/div>\n<\/div>\n<div class=\"row\">\n<div class=\"zusatzInfo\">\n<div class=\"col-sm-6 col-xs-6\">\n<div class=\"border-bottom-dotted\">largura da embalagem em mm<\/div>\n<\/div>\n<div class=\"col-sm-6 col-xs-6\">\n<div class=\"border-bottom-dotted\">540<\/div>\n<\/div>\n<div class=\"clearfix\"><\/div>\n<\/div>\n<\/div>\n<div class=\"row\">\n<div class=\"zusatzInfo\">\n<div class=\"col-sm-6 col-xs-6\">\n<div class=\"border-bottom-dotted\">comprimento da embalagem em mm<\/div>\n<\/div>\n<div class=\"col-sm-6 col-xs-6\">\n<div class=\"border-bottom-dotted\">1.550<\/div>\n<\/div>\n<div class=\"clearfix\"><\/div>\n<\/div>\n<\/div>\n<div class=\"row\">\n<div class=\"zusatzInfo\">\n<div class=\"col-sm-6 col-xs-6\">\n<div class=\"border-bottom-dotted\">altura da embalagem em mm<\/div>\n<\/div>\n<div class=\"col-sm-6 col-xs-6\">\n<div class=\"border-bottom-dotted\">820<\/div>\n<\/div>\n<\/div>\n<\/div>\n<p><\/p>","protected":false},"excerpt":{"rendered":"<p>O SET bancada-arm\u00e1rio de rolos HOLZMANN inclui uma bancada s\u00f3lida e um arm\u00e1rio de rolos com 6 gavetas, um arm\u00e1rio e uma bancada de madeira. O carrinho pode ser guardado em baixo da bancada de trabalho, \u00e9 trav\u00e1vel e possui dois rod\u00edzios girat\u00f3rios com freios. Destaques &nbsp; Arm\u00e1rio de rolos 6 gavetas dimens\u00e3o gaveta 1 [&hellip;]<\/p>\n","protected":false},"featured_media":66658,"comment_status":"closed","ping_status":"closed","template":"","meta":[],"product_brand":[],"product_cat":[4920],"product_tag":[],"class_list":{"0":"post-66650","1":"product","2":"type-product","3":"status-publish","4":"has-post-thumbnail","6":"product_cat-carrinhos-de-ferramentas","7":"product_shipping_class-ferramentas-grandes","9":"first","10":"onbackorder","11":"taxable","12":"shipping-taxable","13":"purchasable","14":"product-type-simple"},"_links":{"self":[{"href":"https:\/\/occasionmachines.com\/pt\/wp-json\/wp\/v2\/product\/66650","targetHints":{"allow":["GET"]}}],"collection":[{"href":"https:\/\/occasionmachines.com\/pt\/wp-json\/wp\/v2\/product"}],"about":[{"href":"https:\/\/occasionmachines.com\/pt\/wp-json\/wp\/v2\/types\/product"}],"replies":[{"embeddable":true,"href":"https:\/\/occasionmachines.com\/pt\/wp-json\/wp\/v2\/comments?post=66650"}],"wp:featuredmedia":[{"embeddable":true,"href":"https:\/\/occasionmachines.com\/pt\/wp-json\/wp\/v2\/media\/66658"}],"wp:attachment":[{"href":"https:\/\/occasionmachines.com\/pt\/wp-json\/wp\/v2\/media?parent=66650"}],"wp:term":[{"taxonomy":"product_brand","embeddable":true,"href":"https:\/\/occasionmachines.com\/pt\/wp-json\/wp\/v2\/product_brand?post=66650"},{"taxonomy":"product_cat","embeddable":true,"href":"https:\/\/occasionmachines.com\/pt\/wp-json\/wp\/v2\/product_cat?post=66650"},{"taxonomy":"product_tag","embeddable":true,"href":"https:\/\/occasionmachines.com\/pt\/wp-json\/wp\/v2\/product_tag?post=66650"}],"curies":[{"name":"wp","href":"https:\/\/api.w.org\/{rel}","templated":true}]}}