{"id":66919,"date":"2023-12-11T16:16:32","date_gmt":"2023-12-11T16:16:32","guid":{"rendered":"https:\/\/occasionmachines.com\/?post_type=product&#038;p=66919"},"modified":"2025-05-26T16:22:50","modified_gmt":"2025-05-26T15:22:50","slug":"fresadora-metba-mb45-d","status":"publish","type":"product","link":"https:\/\/occasionmachines.com\/pt\/produto\/fresadora-metba-mb45-d\/","title":{"rendered":"Fresadora METBA MB45-D"},"content":{"rendered":"<p>Fresadora METBA MB45-D<\/p>\n<p>Controlado por CNC<br \/>\nPot\u00eancia: 12,5 kW<br \/>\nMesa de fixa\u00e7\u00e3o<br \/>\nRanhura em T: 650 x 1.500 mm<br \/>\nGabinete de controle de m\u00e1quina<br \/>\nArm\u00e1rio de ferramentas<\/p>\n<p>Cursos:<br \/>\nX: 1500mm<br \/>\nE: 700mm<br \/>\nZ: 450 mm<\/p>\n<p>Controlador 407 heidenhain<\/p>","protected":false},"excerpt":{"rendered":"<p>Fresadora METBA MB45-D Controlado por CNC Pot\u00eancia: 12,5 kW Mesa de fixa\u00e7\u00e3o Ranhura em T: 650 x 1.500 mm Gabinete de controle de m\u00e1quina Arm\u00e1rio de ferramentas Cursos: X: 1500mm E: 700mm Z: 450 mm Controlador 407 heidenhain<\/p>\n","protected":false},"featured_media":66920,"comment_status":"closed","ping_status":"closed","template":"","meta":[],"product_brand":[],"product_cat":[7725,7720],"product_tag":[],"class_list":{"0":"post-66919","1":"product","2":"type-product","3":"status-publish","4":"has-post-thumbnail","6":"product_cat-fresadoras-usadas","7":"product_cat-maquinas-usadas-e-recondicionadas","8":"product_shipping_class-maquinas-medias","10":"first","11":"instock","12":"taxable","13":"shipping-taxable","14":"purchasable","15":"product-type-simple"},"_links":{"self":[{"href":"https:\/\/occasionmachines.com\/pt\/wp-json\/wp\/v2\/product\/66919","targetHints":{"allow":["GET"]}}],"collection":[{"href":"https:\/\/occasionmachines.com\/pt\/wp-json\/wp\/v2\/product"}],"about":[{"href":"https:\/\/occasionmachines.com\/pt\/wp-json\/wp\/v2\/types\/product"}],"replies":[{"embeddable":true,"href":"https:\/\/occasionmachines.com\/pt\/wp-json\/wp\/v2\/comments?post=66919"}],"wp:featuredmedia":[{"embeddable":true,"href":"https:\/\/occasionmachines.com\/pt\/wp-json\/wp\/v2\/media\/66920"}],"wp:attachment":[{"href":"https:\/\/occasionmachines.com\/pt\/wp-json\/wp\/v2\/media?parent=66919"}],"wp:term":[{"taxonomy":"product_brand","embeddable":true,"href":"https:\/\/occasionmachines.com\/pt\/wp-json\/wp\/v2\/product_brand?post=66919"},{"taxonomy":"product_cat","embeddable":true,"href":"https:\/\/occasionmachines.com\/pt\/wp-json\/wp\/v2\/product_cat?post=66919"},{"taxonomy":"product_tag","embeddable":true,"href":"https:\/\/occasionmachines.com\/pt\/wp-json\/wp\/v2\/product_tag?post=66919"}],"curies":[{"name":"wp","href":"https:\/\/api.w.org\/{rel}","templated":true}]}}