{"id":67218,"date":"2023-12-20T20:29:51","date_gmt":"2023-12-20T20:29:51","guid":{"rendered":"https:\/\/occasionmachines.com\/?post_type=product&#038;p=67218"},"modified":"2025-01-27T16:44:03","modified_gmt":"2025-01-27T16:44:03","slug":"compressor-sem-oleo-com-tanque-100l","status":"publish","type":"product","link":"https:\/\/occasionmachines.com\/pt\/produto\/compressor-sem-oleo-com-tanque-100l\/","title":{"rendered":"Compressor sem \u00f3leo com tanque 100L"},"content":{"rendered":"<p>Marca: AirPro<\/p>\n<p>C\u00f3digo do produto: <strong>CP21P3T100<\/strong><\/p>\n<p>EAN: 8720028110742<\/p>\n<p>Este compressor de baixo ru\u00eddo com 3&#215;1 cv e tanque de 100L faz parte da mais recente e inovadora linha Airpro isenta de \u00f3leo. Com seu sistema de resfriamento com ventilador superdimensionado, este compressor \u00e9 capaz de manter um desempenho ideal sem superaquecimento. Al\u00e9m disso, \u00e9 totalmente livre de \u00f3leo e manuten\u00e7\u00e3o. Ele tamb\u00e9m vem com prote\u00e7\u00e3o contra superaquecimento e sobrecarga, para que voc\u00ea possa ter certeza de que foi feito para durar.<br \/>\nO compressor tamb\u00e9m possui um sistema patenteado de filtro de ar em microfibra, garantindo que o ar comprimido esteja limpo e livre de impurezas. Com um elevado fluxo de ar e baixo n\u00edvel de ru\u00eddo de 68 dB, este compressor oferece um desempenho impressionante sem causar demasiadas perturba\u00e7\u00f5es. A tens\u00e3o de entrada \u00e9 230V com pot\u00eancia de entrada de 3x750W e velocidade do motor de 1400rpm.<\/p>\n<p>Especifica\u00e7\u00f5es<br \/>\nTens\u00e3o 230V<br \/>\nPot\u00eancia de entrada 750 W<br \/>\nVelocidade do motor 1400rpm<br \/>\nPot\u00eancia total de entrada 2250 W<br \/>\nN\u00edvel de som 68 dB<br \/>\nFluxo de ar@8bar 150 L\/min<br \/>\nFluxo de ar@4bar 225 L\/min<br \/>\nFluxo de ar@0bar 375 L\/min<br \/>\nCapacidade do tanque 100 L<br \/>\nCilindro n\u00famero 6<br \/>\nPot\u00eancia do motor 3x1cv<\/p>","protected":false},"excerpt":{"rendered":"<p>Marca: AirPro C\u00f3digo do produto: CP21P3T100 EAN: 8720028110742 Este compressor de baixo ru\u00eddo com 3&#215;1 cv e tanque de 100L faz parte da mais recente e inovadora linha Airpro isenta de \u00f3leo. Com seu sistema de resfriamento com ventilador superdimensionado, este compressor \u00e9 capaz de manter um desempenho ideal sem superaquecimento. Al\u00e9m disso, \u00e9 totalmente [&hellip;]<\/p>\n","protected":false},"featured_media":67219,"comment_status":"open","ping_status":"closed","template":"","meta":[],"product_brand":[],"product_cat":[5772],"product_tag":[],"class_list":{"0":"post-67218","1":"product","2":"type-product","3":"status-publish","4":"has-post-thumbnail","6":"product_cat-tanques-de-ar-comprimido","7":"product_shipping_class-maquinas-medias","9":"first","10":"onbackorder","11":"taxable","12":"shipping-taxable","13":"purchasable","14":"product-type-simple"},"_links":{"self":[{"href":"https:\/\/occasionmachines.com\/pt\/wp-json\/wp\/v2\/product\/67218","targetHints":{"allow":["GET"]}}],"collection":[{"href":"https:\/\/occasionmachines.com\/pt\/wp-json\/wp\/v2\/product"}],"about":[{"href":"https:\/\/occasionmachines.com\/pt\/wp-json\/wp\/v2\/types\/product"}],"replies":[{"embeddable":true,"href":"https:\/\/occasionmachines.com\/pt\/wp-json\/wp\/v2\/comments?post=67218"}],"wp:featuredmedia":[{"embeddable":true,"href":"https:\/\/occasionmachines.com\/pt\/wp-json\/wp\/v2\/media\/67219"}],"wp:attachment":[{"href":"https:\/\/occasionmachines.com\/pt\/wp-json\/wp\/v2\/media?parent=67218"}],"wp:term":[{"taxonomy":"product_brand","embeddable":true,"href":"https:\/\/occasionmachines.com\/pt\/wp-json\/wp\/v2\/product_brand?post=67218"},{"taxonomy":"product_cat","embeddable":true,"href":"https:\/\/occasionmachines.com\/pt\/wp-json\/wp\/v2\/product_cat?post=67218"},{"taxonomy":"product_tag","embeddable":true,"href":"https:\/\/occasionmachines.com\/pt\/wp-json\/wp\/v2\/product_tag?post=67218"}],"curies":[{"name":"wp","href":"https:\/\/api.w.org\/{rel}","templated":true}]}}