{"id":67228,"date":"2023-12-20T22:21:35","date_gmt":"2023-12-20T22:21:35","guid":{"rendered":"https:\/\/occasionmachines.com\/?post_type=product&#038;p=67228"},"modified":"2024-01-15T15:42:39","modified_gmt":"2024-01-15T15:42:39","slug":"holofote-led-800w-230v","status":"publish","type":"product","link":"https:\/\/occasionmachines.com\/pt\/produto\/holofote-led-800w-230v\/","title":{"rendered":"Holofote LED 800W 230V"},"content":{"rendered":"<p>Marca: Fluxon<\/p>\n<p>C\u00f3digo do produto: <strong>LB800W<\/strong><\/p>\n<p>EAN: 8720028111039<\/p>\n<p>Holofote LED 800W 230V da Fluxon!<\/p>\n<p>Com a sua elevada efici\u00eancia luminosa de 120000Lm e arranque instant\u00e2neo, este holofote ir\u00e1 iluminar qualquer evento ao ar livre, estaleiro de constru\u00e7\u00e3o ou campo desportivo num instante. A luz de alinhamento inclu\u00edda garante uma ilumina\u00e7\u00e3o precisa e o recurso IP65 contra poeira e \u00e0 prova d\u2019\u00e1gua garante durabilidade.<\/p>\n<p>Feito com corpo de alum\u00ednio e tampa de vidro \u00f3ptico temperado, este holofote foi feito para durar. Seu fator de pot\u00eancia \u00e9 \u22650,9 e possui \u00edndice de reprodu\u00e7\u00e3o de cores (CR) \u226570, proporcionando ilumina\u00e7\u00e3o n\u00edtida e vibrante. O \u00e2ngulo de feixe de 60\u00b0 permite uma ampla cobertura e a temperatura de cor correlacionada (CCT) de 4000K cria um ambiente relaxante.<\/p>\n<p>Com uma pot\u00eancia de 800W e entrada de 230V\/9,0A\/50-60Hz, este holofote \u00e9 poderoso e eficiente. O grau IP IP65 garante prote\u00e7\u00e3o contra poeira e \u00e1gua, tornando-o adequado tamb\u00e9m para uso externo.<\/p>\n<p>Especifica\u00e7\u00f5es<br \/>\nPot\u00eancia 800W<br \/>\nFator de pot\u00eancia \u22650,9<br \/>\nMaterial corpo em alum\u00ednio \/ tampa de vidro \u00f3ptico temperado<br \/>\n\u00cdndice de reprodu\u00e7\u00e3o de cores (CR) \u226570<br \/>\nSa\u00edda de luz 800 Lm<br \/>\nEntrada 230 V\/9,0 A\/50-60 Hz<br \/>\n\u00c2ngulo de feixe 60\u00b0<br \/>\nTemperatura de cor correlacionada (CCT) 4000 K<br \/>\nGrau IP IP65<br \/>\nEfici\u00eancia luminosa 120000 Lm<\/p>","protected":false},"excerpt":{"rendered":"<p>Marca: Fluxon C\u00f3digo do produto: LB800W EAN: 8720028111039 Holofote LED 800W 230V da Fluxon! Com a sua elevada efici\u00eancia luminosa de 120000Lm e arranque instant\u00e2neo, este holofote ir\u00e1 iluminar qualquer evento ao ar livre, estaleiro de constru\u00e7\u00e3o ou campo desportivo num instante. A luz de alinhamento inclu\u00edda garante uma ilumina\u00e7\u00e3o precisa e o recurso IP65 [&hellip;]<\/p>\n","protected":false},"featured_media":67229,"comment_status":"open","ping_status":"closed","template":"","meta":[],"product_brand":[],"product_cat":[5432],"product_tag":[],"class_list":{"0":"post-67228","1":"product","2":"type-product","3":"status-publish","4":"has-post-thumbnail","6":"product_cat-luzes-e-holofotes-e-energia","7":"product_shipping_class-maquinas-pequenas","9":"first","10":"onbackorder","11":"taxable","12":"shipping-taxable","13":"purchasable","14":"product-type-simple"},"_links":{"self":[{"href":"https:\/\/occasionmachines.com\/pt\/wp-json\/wp\/v2\/product\/67228","targetHints":{"allow":["GET"]}}],"collection":[{"href":"https:\/\/occasionmachines.com\/pt\/wp-json\/wp\/v2\/product"}],"about":[{"href":"https:\/\/occasionmachines.com\/pt\/wp-json\/wp\/v2\/types\/product"}],"replies":[{"embeddable":true,"href":"https:\/\/occasionmachines.com\/pt\/wp-json\/wp\/v2\/comments?post=67228"}],"wp:featuredmedia":[{"embeddable":true,"href":"https:\/\/occasionmachines.com\/pt\/wp-json\/wp\/v2\/media\/67229"}],"wp:attachment":[{"href":"https:\/\/occasionmachines.com\/pt\/wp-json\/wp\/v2\/media?parent=67228"}],"wp:term":[{"taxonomy":"product_brand","embeddable":true,"href":"https:\/\/occasionmachines.com\/pt\/wp-json\/wp\/v2\/product_brand?post=67228"},{"taxonomy":"product_cat","embeddable":true,"href":"https:\/\/occasionmachines.com\/pt\/wp-json\/wp\/v2\/product_cat?post=67228"},{"taxonomy":"product_tag","embeddable":true,"href":"https:\/\/occasionmachines.com\/pt\/wp-json\/wp\/v2\/product_tag?post=67228"}],"curies":[{"name":"wp","href":"https:\/\/api.w.org\/{rel}","templated":true}]}}