{"id":67230,"date":"2023-12-20T22:36:34","date_gmt":"2023-12-20T22:36:34","guid":{"rendered":"https:\/\/occasionmachines.com\/?post_type=product&#038;p=67230"},"modified":"2025-01-27T16:41:21","modified_gmt":"2025-01-27T16:41:21","slug":"armario-embutido-universal-para-carrinha-3-gavetas","status":"publish","type":"product","link":"https:\/\/occasionmachines.com\/pt\/produto\/armario-embutido-universal-para-carrinha-3-gavetas\/","title":{"rendered":"Arm\u00e1rio embutido universal para carrinha 3 gavetas"},"content":{"rendered":"<p>Marca: TOOLBOX4YOU<\/p>\n<p>C\u00f3digo do produto: <strong>DVC03<\/strong><\/p>\n<p>EAN: 8720028112227<\/p>\n<p>O arm\u00e1rio de encastrar universal com 3 gavetas e compartimentos abertos para instala\u00e7\u00e3o num ve\u00edculo comercial. Pintado a p\u00f3 em RAL 7011 e 7016, este arm\u00e1rio embutido vem totalmente montado. E \u00e9 feito de chapa de a\u00e7o de 1,5 mm.<\/p>\n<p>O gabinete possui 3 gavetas de rolamento duplo com mecanismo de travamento autom\u00e1tico, permitindo guardar com seguran\u00e7a suas ferramentas e equipamentos. As gavetas medem 1160 x 295 x 90 mm, proporcionando amplo espa\u00e7o para seus itens. A gaveta superior pode ser dividida em 36 compartimentos medindo 125 x 75 x 90 mm, para op\u00e7\u00f5es de armazenamento adicionais.<\/p>\n<p>Al\u00e9m das gavetas, o arm\u00e1rio inclui ainda um compartimento superior aberto com dimens\u00f5es de 135 x 1280 x 95 mm e um compartimento inferior com dimens\u00f5es de 1220 x 250 x 340 mm. O arm\u00e1rio tem capacidade de carga de gaveta de 25 kg e capacidade total do arm\u00e1rio de 200 kg.<\/p>\n<p>Para maior comodidade, o gabinete vem com 2 trilhos de alum\u00ednio e 4 ganchos de baioneta, permitindo organizar e pendurar facilmente suas ferramentas.<\/p>\n<p>Especifica\u00e7\u00f5es<br \/>\nCor RAL7011 \/ RAL7016<br \/>\nMaterial A\u00e7o<br \/>\nEspessura 1,5 mm<br \/>\nGavetas n\u00famero 3<br \/>\nTamanho das gavetas 3 unidades: 1160 x 295 x 90 mm<br \/>\nDimens\u00f5es do compartimento superior aberto 135 x 1280 x 95 mm<br \/>\nDimens\u00f5es do compartimento inferior 1220 x 250 x 340 mm<br \/>\nCapacidade de peso da gaveta 25 kg<br \/>\nCapacidade do gabinete 200 kg<br \/>\nTamanho do compartimento 125 x 75 x 90 mm<br \/>\nCompartimentos n\u00famero 36<\/p>","protected":false},"excerpt":{"rendered":"<p>Marca: TOOLBOX4YOU C\u00f3digo do produto: DVC03 EAN: 8720028112227 O arm\u00e1rio de encastrar universal com 3 gavetas e compartimentos abertos para instala\u00e7\u00e3o num ve\u00edculo comercial. Pintado a p\u00f3 em RAL 7011 e 7016, este arm\u00e1rio embutido vem totalmente montado. E \u00e9 feito de chapa de a\u00e7o de 1,5 mm. O gabinete possui 3 gavetas de rolamento [&hellip;]<\/p>\n","protected":false},"featured_media":67231,"comment_status":"open","ping_status":"closed","template":"","meta":[],"product_brand":[],"product_cat":[4920],"product_tag":[],"class_list":{"0":"post-67230","1":"product","2":"type-product","3":"status-publish","4":"has-post-thumbnail","6":"product_cat-carrinhos-de-ferramentas","7":"product_shipping_class-ferramentas-medias","9":"first","10":"onbackorder","11":"taxable","12":"shipping-taxable","13":"purchasable","14":"product-type-simple"},"_links":{"self":[{"href":"https:\/\/occasionmachines.com\/pt\/wp-json\/wp\/v2\/product\/67230","targetHints":{"allow":["GET"]}}],"collection":[{"href":"https:\/\/occasionmachines.com\/pt\/wp-json\/wp\/v2\/product"}],"about":[{"href":"https:\/\/occasionmachines.com\/pt\/wp-json\/wp\/v2\/types\/product"}],"replies":[{"embeddable":true,"href":"https:\/\/occasionmachines.com\/pt\/wp-json\/wp\/v2\/comments?post=67230"}],"wp:featuredmedia":[{"embeddable":true,"href":"https:\/\/occasionmachines.com\/pt\/wp-json\/wp\/v2\/media\/67231"}],"wp:attachment":[{"href":"https:\/\/occasionmachines.com\/pt\/wp-json\/wp\/v2\/media?parent=67230"}],"wp:term":[{"taxonomy":"product_brand","embeddable":true,"href":"https:\/\/occasionmachines.com\/pt\/wp-json\/wp\/v2\/product_brand?post=67230"},{"taxonomy":"product_cat","embeddable":true,"href":"https:\/\/occasionmachines.com\/pt\/wp-json\/wp\/v2\/product_cat?post=67230"},{"taxonomy":"product_tag","embeddable":true,"href":"https:\/\/occasionmachines.com\/pt\/wp-json\/wp\/v2\/product_tag?post=67230"}],"curies":[{"name":"wp","href":"https:\/\/api.w.org\/{rel}","templated":true}]}}