{"id":67235,"date":"2023-12-20T22:49:28","date_gmt":"2023-12-20T22:49:28","guid":{"rendered":"https:\/\/occasionmachines.com\/?post_type=product&#038;p=67235"},"modified":"2024-01-15T15:41:02","modified_gmt":"2024-01-15T15:41:02","slug":"armario-embutido-universal-para-carrinha-6-gavetas","status":"publish","type":"product","link":"https:\/\/occasionmachines.com\/pt\/produto\/armario-embutido-universal-para-carrinha-6-gavetas\/","title":{"rendered":"Arm\u00e1rio embutido universal para carrinha 6 gavetas"},"content":{"rendered":"<p>Marca:<\/p>\n<p>C\u00f3digo do produto: <strong>DVC06S<\/strong><\/p>\n<p>EAN: 8720028111206<\/p>\n<p>O arm\u00e1rio embutido universal para van com 6 gavetas \u00e9 essencial para quem procura uma solu\u00e7\u00e3o de armazenamento robusta e confi\u00e1vel. Com seu design robusto, voc\u00ea pode confiar que seus itens ser\u00e3o mantidos seguros e protegidos. As gavetas tamb\u00e9m contam com fechaduras, garantindo que seus pertences permane\u00e7am no lugar durante o transporte. As gavetas de rolamento duplo permitem uma abertura e fechamento suaves, facilitando o acesso aos seus itens em qualquer lugar.<br \/>\nO gabinete embutido \u00e9 revestido a p\u00f3 em RAL7011 e RAL7016. Feito de a\u00e7o dur\u00e1vel com espessura de 1,5 mm, este gabinete foi constru\u00eddo para durar.<br \/>\nAs 2 partes frontais do gabinete est\u00e3o equipadas com 2 trilhos de alum\u00ednio incluindo 4 ganchos de bajonet ajust\u00e1veis.<br \/>\nO arm\u00e1rio embutido universal para van 6 gavetas possui 6 gavetas espa\u00e7osas em v\u00e1rios tamanhos para acomodar todas as suas necessidades de armazenamento. Duas gavetas frontais medem 540 x 395 x 90 mm, uma gaveta mede 540 x 395 x 210 mm. Na lateral do arm\u00e1rio existem duas gavetas medindo 330 x 475 x 90 mm e uma gaveta medindo 330 x 475 x 170 mm. Al\u00e9m disso, possui um compartimento superior aberto medindo 1280 x 400 x 60 mm e um compartimento inferior medindo 1220 x 350 x 360 mm.<br \/>\nCada gaveta tem capacidade de peso de 25 kg, proporcionando amplo espa\u00e7o para suas ferramentas e equipamentos. Com um arm\u00e1rio com capacidade de 200 kg, voc\u00ea pode confiar que este arm\u00e1rio atender\u00e1 a todas as suas necessidades de armazenamento.<br \/>\nO gabinete vem totalmente montado e cabe em praticamente todas as vans nos comprimentos L2, L3 e L4.<\/p>\n<p>Especifica\u00e7\u00f5es<br \/>\nCor RAL7011 \/ RAL7016<br \/>\nMaterial A\u00e7o<br \/>\nEspessura 1,5 mm<br \/>\nGavetas n\u00famero 6<br \/>\nTamanho das gavetas 2 unid.: 540 x 395 x 90 mm, 1 unid.: 540 x 395 x 210 mm, 2 unid.: 330 x 475 x 90 mm, 1 unid.: 330 x 475 x 170 mm<br \/>\nDimens\u00f5es do compartimento superior aberto 1280 x 400 x 60 mm<br \/>\nDimens\u00f5es do compartimento inferior 1220 x 350 x 360 mm<br \/>\nCapacidade de peso da gaveta 25 kg<br \/>\nCapacidade do gabinete 200 kg<\/p>","protected":false},"excerpt":{"rendered":"<p>Marca: C\u00f3digo do produto: DVC06S EAN: 8720028111206 O arm\u00e1rio embutido universal para van com 6 gavetas \u00e9 essencial para quem procura uma solu\u00e7\u00e3o de armazenamento robusta e confi\u00e1vel. Com seu design robusto, voc\u00ea pode confiar que seus itens ser\u00e3o mantidos seguros e protegidos. As gavetas tamb\u00e9m contam com fechaduras, garantindo que seus pertences permane\u00e7am no [&hellip;]<\/p>\n","protected":false},"featured_media":67236,"comment_status":"open","ping_status":"closed","template":"","meta":[],"product_brand":[],"product_cat":[4920],"product_tag":[],"class_list":{"0":"post-67235","1":"product","2":"type-product","3":"status-publish","4":"has-post-thumbnail","6":"product_cat-carrinhos-de-ferramentas","7":"product_shipping_class-maquinas-pequenas","9":"first","10":"onbackorder","11":"taxable","12":"shipping-taxable","13":"purchasable","14":"product-type-simple"},"_links":{"self":[{"href":"https:\/\/occasionmachines.com\/pt\/wp-json\/wp\/v2\/product\/67235","targetHints":{"allow":["GET"]}}],"collection":[{"href":"https:\/\/occasionmachines.com\/pt\/wp-json\/wp\/v2\/product"}],"about":[{"href":"https:\/\/occasionmachines.com\/pt\/wp-json\/wp\/v2\/types\/product"}],"replies":[{"embeddable":true,"href":"https:\/\/occasionmachines.com\/pt\/wp-json\/wp\/v2\/comments?post=67235"}],"wp:featuredmedia":[{"embeddable":true,"href":"https:\/\/occasionmachines.com\/pt\/wp-json\/wp\/v2\/media\/67236"}],"wp:attachment":[{"href":"https:\/\/occasionmachines.com\/pt\/wp-json\/wp\/v2\/media?parent=67235"}],"wp:term":[{"taxonomy":"product_brand","embeddable":true,"href":"https:\/\/occasionmachines.com\/pt\/wp-json\/wp\/v2\/product_brand?post=67235"},{"taxonomy":"product_cat","embeddable":true,"href":"https:\/\/occasionmachines.com\/pt\/wp-json\/wp\/v2\/product_cat?post=67235"},{"taxonomy":"product_tag","embeddable":true,"href":"https:\/\/occasionmachines.com\/pt\/wp-json\/wp\/v2\/product_tag?post=67235"}],"curies":[{"name":"wp","href":"https:\/\/api.w.org\/{rel}","templated":true}]}}