{"id":67248,"date":"2023-12-20T23:36:01","date_gmt":"2023-12-20T23:36:01","guid":{"rendered":"https:\/\/occasionmachines.com\/?post_type=product&#038;p=67248"},"modified":"2024-01-15T15:37:18","modified_gmt":"2024-01-15T15:37:18","slug":"maquina-de-perfuracao-magnetica-50-mm","status":"publish","type":"product","link":"https:\/\/occasionmachines.com\/pt\/produto\/maquina-de-perfuracao-magnetica-50-mm\/","title":{"rendered":"Maquina de perfura\u00e7\u00e3o magn\u00e9tica 50 mm"},"content":{"rendered":"<p>Marca: Fluxon<\/p>\n<p>C\u00f3digo do produto: <strong>MB50<\/strong><\/p>\n<p>EAN: 8720028108237<\/p>\n<p>Projetada para oferecer pot\u00eancia e efici\u00eancia, a maquina de perfura\u00e7\u00e3o magn\u00e9tica Fluxon se destaca por suas necessidades de perfura\u00e7\u00e3o pesada. A maquina de perfura\u00e7\u00e3o magn\u00e9tica foi projetada com um motor potente, sistema de refrigera\u00e7\u00e3o integrado e uma estrutura compacta e leve. Perfeito para uma variedade de aplica\u00e7\u00f5es pesadas que exigem precis\u00e3o e pot\u00eancia.<\/p>\n<p>Especifica\u00e7\u00f5es<br \/>\nTens\u00e3o 220 &#8211; 240V<br \/>\nFrequ\u00eancia 50\/60 Hz<br \/>\nCurso 170 mm<br \/>\nPot\u00eancia do motor 1250 W<br \/>\nPot\u00eancia total 1250 W<br \/>\nVelocidade carregada 1\u00aa &#8211; 235 rpm \/ 2\u00aa &#8211; 425 rpm<br \/>\nVelocidade sem carga 1\u00aa &#8211; 380 rpm \/ 2\u00aa &#8211; 690 rpm<br \/>\nFresas anulares \u00d8 12 &#8211; 50 mm<br \/>\nBrocas helicoidais \u00d8 1 &#8211; 20 mm<br \/>\nEscareamento \u00d8 10 &#8211; 50 mm<br \/>\n\u00cdm\u00e3 (C x L x A) 168 x 84 x 49 mm<br \/>\nFor\u00e7a magn\u00e9tica 1600 kg<br \/>\nFuso (Weldon) 19,05 mm<\/p>","protected":false},"excerpt":{"rendered":"<p>Marca: Fluxon C\u00f3digo do produto: MB50 EAN: 8720028108237 Projetada para oferecer pot\u00eancia e efici\u00eancia, a maquina de perfura\u00e7\u00e3o magn\u00e9tica Fluxon se destaca por suas necessidades de perfura\u00e7\u00e3o pesada. A maquina de perfura\u00e7\u00e3o magn\u00e9tica foi projetada com um motor potente, sistema de refrigera\u00e7\u00e3o integrado e uma estrutura compacta e leve. Perfeito para uma variedade de aplica\u00e7\u00f5es [&hellip;]<\/p>\n","protected":false},"featured_media":67249,"comment_status":"open","ping_status":"closed","template":"","meta":[],"product_brand":[],"product_cat":[4190],"product_tag":[],"class_list":{"0":"post-67248","1":"product","2":"type-product","3":"status-publish","4":"has-post-thumbnail","6":"product_cat-engenhos-de-furar-eletromagneticos","7":"product_shipping_class-maquinas-pequenas","9":"first","10":"onbackorder","11":"taxable","12":"shipping-taxable","13":"purchasable","14":"product-type-simple"},"_links":{"self":[{"href":"https:\/\/occasionmachines.com\/pt\/wp-json\/wp\/v2\/product\/67248","targetHints":{"allow":["GET"]}}],"collection":[{"href":"https:\/\/occasionmachines.com\/pt\/wp-json\/wp\/v2\/product"}],"about":[{"href":"https:\/\/occasionmachines.com\/pt\/wp-json\/wp\/v2\/types\/product"}],"replies":[{"embeddable":true,"href":"https:\/\/occasionmachines.com\/pt\/wp-json\/wp\/v2\/comments?post=67248"}],"wp:featuredmedia":[{"embeddable":true,"href":"https:\/\/occasionmachines.com\/pt\/wp-json\/wp\/v2\/media\/67249"}],"wp:attachment":[{"href":"https:\/\/occasionmachines.com\/pt\/wp-json\/wp\/v2\/media?parent=67248"}],"wp:term":[{"taxonomy":"product_brand","embeddable":true,"href":"https:\/\/occasionmachines.com\/pt\/wp-json\/wp\/v2\/product_brand?post=67248"},{"taxonomy":"product_cat","embeddable":true,"href":"https:\/\/occasionmachines.com\/pt\/wp-json\/wp\/v2\/product_cat?post=67248"},{"taxonomy":"product_tag","embeddable":true,"href":"https:\/\/occasionmachines.com\/pt\/wp-json\/wp\/v2\/product_tag?post=67248"}],"curies":[{"name":"wp","href":"https:\/\/api.w.org\/{rel}","templated":true}]}}