{"id":67252,"date":"2023-12-21T00:06:41","date_gmt":"2023-12-21T00:06:41","guid":{"rendered":"https:\/\/occasionmachines.com\/?post_type=product&#038;p=67252"},"modified":"2024-01-15T15:36:02","modified_gmt":"2024-01-15T15:36:02","slug":"suporte-de-rolos-12-rolos-3m-incl-escala","status":"publish","type":"product","link":"https:\/\/occasionmachines.com\/pt\/produto\/suporte-de-rolos-12-rolos-3m-incl-escala\/","title":{"rendered":"Suporte de rolos 12 rolos 3m incl. escala"},"content":{"rendered":"<p>Marca: Cowley<\/p>\n<p>C\u00f3digo do produto: <strong>RB60R12S<\/strong><\/p>\n<p>EAN: 8720028108589<\/p>\n<p>Suporte de rolo<br \/>\nEste suporte de rolos Cowley garante um movimento suave e suporta cargas pesadas de at\u00e9 1800 kg. Ajust\u00e1vel em altura e equipado com rolamentos de rolos de a\u00e7o em ambos os lados, este suporte de rolos pode ser utilizado tanto para serras de fita como para serras circulares. Inclui 12 rolos de a\u00e7o s\u00f3lidos e robustos.<br \/>\n\u00c9 poss\u00edvel montar v\u00e1rios suportes de rolos entre si para maior comprimento.<br \/>\nCom uma fita m\u00e9trica integrada, voc\u00ea pode medir facilmente o comprimento de suas pe\u00e7as de trabalho sem a necessidade de ferramentas adicionais.<br \/>\nO recurso de limite de comprimento permite definir e manter um comprimento consistente para suas pe\u00e7as de trabalho, garantindo resultados precisos e uniformes.<br \/>\nA constru\u00e7\u00e3o robusta deste suporte de rolos garante durabilidade e estabilidade, tornando-o adequado para diversas aplica\u00e7\u00f5es pesadas.<\/p>\n<p>Especifica\u00e7\u00f5es<br \/>\nCapacidade 1800 kg<br \/>\nDi\u00e2metro do rolo 60 mm<br \/>\nComprimento do rolo 360 mm<br \/>\nAltura de opera\u00e7\u00e3o 650\/1100 mm<br \/>\nComprimento do suporte de rolos 3000 mm<br \/>\nRolo n\u00famero 12<\/p>","protected":false},"excerpt":{"rendered":"<p>Marca: Cowley C\u00f3digo do produto: RB60R12S EAN: 8720028108589 Suporte de rolo Este suporte de rolos Cowley garante um movimento suave e suporta cargas pesadas de at\u00e9 1800 kg. Ajust\u00e1vel em altura e equipado com rolamentos de rolos de a\u00e7o em ambos os lados, este suporte de rolos pode ser utilizado tanto para serras de fita [&hellip;]<\/p>\n","protected":false},"featured_media":67253,"comment_status":"open","ping_status":"closed","template":"","meta":[],"product_brand":[],"product_cat":[7850],"product_tag":[],"class_list":{"0":"post-67252","1":"product","2":"type-product","3":"status-publish","4":"has-post-thumbnail","6":"product_cat-suporte-de-rolos","7":"product_shipping_class-maquinas-pequenas","9":"first","10":"onbackorder","11":"taxable","12":"shipping-taxable","13":"purchasable","14":"product-type-simple"},"_links":{"self":[{"href":"https:\/\/occasionmachines.com\/pt\/wp-json\/wp\/v2\/product\/67252","targetHints":{"allow":["GET"]}}],"collection":[{"href":"https:\/\/occasionmachines.com\/pt\/wp-json\/wp\/v2\/product"}],"about":[{"href":"https:\/\/occasionmachines.com\/pt\/wp-json\/wp\/v2\/types\/product"}],"replies":[{"embeddable":true,"href":"https:\/\/occasionmachines.com\/pt\/wp-json\/wp\/v2\/comments?post=67252"}],"wp:featuredmedia":[{"embeddable":true,"href":"https:\/\/occasionmachines.com\/pt\/wp-json\/wp\/v2\/media\/67253"}],"wp:attachment":[{"href":"https:\/\/occasionmachines.com\/pt\/wp-json\/wp\/v2\/media?parent=67252"}],"wp:term":[{"taxonomy":"product_brand","embeddable":true,"href":"https:\/\/occasionmachines.com\/pt\/wp-json\/wp\/v2\/product_brand?post=67252"},{"taxonomy":"product_cat","embeddable":true,"href":"https:\/\/occasionmachines.com\/pt\/wp-json\/wp\/v2\/product_cat?post=67252"},{"taxonomy":"product_tag","embeddable":true,"href":"https:\/\/occasionmachines.com\/pt\/wp-json\/wp\/v2\/product_tag?post=67252"}],"curies":[{"name":"wp","href":"https:\/\/api.w.org\/{rel}","templated":true}]}}