{"id":67274,"date":"2023-12-21T15:32:13","date_gmt":"2023-12-21T15:32:13","guid":{"rendered":"https:\/\/occasionmachines.com\/?post_type=product&#038;p=67274"},"modified":"2024-01-15T15:34:17","modified_gmt":"2024-01-15T15:34:17","slug":"carretel-de-mangueira-de-combustivel-agricola-de-borracha-25mm-x-10mtr","status":"publish","type":"product","link":"https:\/\/occasionmachines.com\/pt\/produto\/carretel-de-mangueira-de-combustivel-agricola-de-borracha-25mm-x-10mtr\/","title":{"rendered":"Carretel de mangueira de combust\u00edvel agr\u00edcola de borracha 25mm x 10mtr"},"content":{"rendered":"<p>Marca: Blubird<\/p>\n<p>C\u00f3digo do produto: <strong>OSFHRONE10M<\/strong><\/p>\n<p>EAN: 8720028109319<\/p>\n<p>A mangueira de transfer\u00eancia de combust\u00edvel OilShield \u00e9 uma solu\u00e7\u00e3o confi\u00e1vel projetada para funcionar perfeitamente com bombas el\u00e9tricas de 12 ou 220 volts. Esta mangueira do tanque de transfer\u00eancia possui uma conex\u00e3o final de 3\/4&#8243; NPT e um encaixe roscado NPT de 1&#8243; na outra extremidade, garantindo uma fixa\u00e7\u00e3o f\u00e1cil e segura. A adi\u00e7\u00e3o de protetores de mola internos de 20 cm em cada extremidade evita que a mangueira se tor\u00e7a no acoplamento, prolongando significativamente a vida \u00fatil da mangueira. Recomendada para uso com diesel, gasolina, querosene, biodiesel B10 e B20, esta mangueira vers\u00e1til \u00e9 um complemento valioso para qualquer configura\u00e7\u00e3o de transfer\u00eancia de combust\u00edvel.<\/p>\n<p>Principais recursos da mangueira de transfer\u00eancia de combust\u00edvel OilShield:<\/p>\n<p>1 ano de garantia<br \/>\nA tampa Nitro e o tubo e tampa resistentes a \u00f3leo RMA classe A garantem durabilidade<br \/>\nResistente a respingos de soldagem e fa\u00edscas de retifica\u00e7\u00e3o para maior seguran\u00e7a<br \/>\nMolas internas de al\u00edvio de tens\u00e3o de 20 cm em cada extremidade evitam dobras no acoplamento<br \/>\n2x mais resistente a dobras do que outras mangueiras de combust\u00edvel para uma opera\u00e7\u00e3o suave<br \/>\nO fio est\u00e1tico permite o uso seguro com bombas el\u00e9tricas<br \/>\nA flexibilidade em climas frios at\u00e9 -34\u00b0C garante um desempenho confi\u00e1vel em condi\u00e7\u00f5es desafiadoras<br \/>\nPress\u00e3o de trabalho de 6 Bar para transfer\u00eancia eficiente de combust\u00edvel<br \/>\nResistente ao oz\u00f4nio e resistente a dobras para prolongar a vida \u00fatil da mangueira<br \/>\nInclu\u00eddo 1&#8243; MNPT para fixa\u00e7\u00e3o f\u00e1cil e segura<\/p>\n<p>Especifica\u00e7\u00f5es<br \/>\nSa\u00edda de acess\u00f3rios 1&#8243; M-BSP e entrada do carretel 1&#8243; M-BSP<br \/>\nDi\u00e2metro interno da mangueira 25 mm<br \/>\nMateriais Borracha<br \/>\nPress\u00e3o de trabalho m\u00e1x. 6 barras<br \/>\nComprimento da mangueira 10 m<\/p>","protected":false},"excerpt":{"rendered":"<p>Marca: Blubird C\u00f3digo do produto: OSFHRONE10M EAN: 8720028109319 A mangueira de transfer\u00eancia de combust\u00edvel OilShield \u00e9 uma solu\u00e7\u00e3o confi\u00e1vel projetada para funcionar perfeitamente com bombas el\u00e9tricas de 12 ou 220 volts. Esta mangueira do tanque de transfer\u00eancia possui uma conex\u00e3o final de 3\/4&#8243; NPT e um encaixe roscado NPT de 1&#8243; na outra extremidade, garantindo [&hellip;]<\/p>\n","protected":false},"featured_media":67275,"comment_status":"open","ping_status":"closed","template":"","meta":[],"product_brand":[],"product_cat":[7851],"product_tag":[],"class_list":{"0":"post-67274","1":"product","2":"type-product","3":"status-publish","4":"has-post-thumbnail","6":"product_cat-carretel-para-combustivel","7":"product_shipping_class-maquinas-pequenas","9":"first","10":"onbackorder","11":"taxable","12":"shipping-taxable","13":"purchasable","14":"product-type-simple"},"_links":{"self":[{"href":"https:\/\/occasionmachines.com\/pt\/wp-json\/wp\/v2\/product\/67274","targetHints":{"allow":["GET"]}}],"collection":[{"href":"https:\/\/occasionmachines.com\/pt\/wp-json\/wp\/v2\/product"}],"about":[{"href":"https:\/\/occasionmachines.com\/pt\/wp-json\/wp\/v2\/types\/product"}],"replies":[{"embeddable":true,"href":"https:\/\/occasionmachines.com\/pt\/wp-json\/wp\/v2\/comments?post=67274"}],"wp:featuredmedia":[{"embeddable":true,"href":"https:\/\/occasionmachines.com\/pt\/wp-json\/wp\/v2\/media\/67275"}],"wp:attachment":[{"href":"https:\/\/occasionmachines.com\/pt\/wp-json\/wp\/v2\/media?parent=67274"}],"wp:term":[{"taxonomy":"product_brand","embeddable":true,"href":"https:\/\/occasionmachines.com\/pt\/wp-json\/wp\/v2\/product_brand?post=67274"},{"taxonomy":"product_cat","embeddable":true,"href":"https:\/\/occasionmachines.com\/pt\/wp-json\/wp\/v2\/product_cat?post=67274"},{"taxonomy":"product_tag","embeddable":true,"href":"https:\/\/occasionmachines.com\/pt\/wp-json\/wp\/v2\/product_tag?post=67274"}],"curies":[{"name":"wp","href":"https:\/\/api.w.org\/{rel}","templated":true}]}}