{"id":67278,"date":"2023-12-21T15:55:16","date_gmt":"2023-12-21T15:55:16","guid":{"rendered":"https:\/\/occasionmachines.com\/?post_type=product&#038;p=67278"},"modified":"2024-05-15T17:55:37","modified_gmt":"2024-05-15T16:55:37","slug":"carretel-de-arruela-de-pressao-de-borracha-blushield-braco-duplo-10mm-x-30mtr","status":"publish","type":"product","link":"https:\/\/occasionmachines.com\/pt\/produto\/carretel-de-arruela-de-pressao-de-borracha-blushield-braco-duplo-10mm-x-30mtr\/","title":{"rendered":"Carretel de arruela de press\u00e3o de borracha Blushield bra\u00e7o duplo 10mm x 30mtr"},"content":{"rendered":"<p>Marca: Blubird<\/p>\n<p>C\u00f3digo do produto: <strong>PWR3830M<\/strong><\/p>\n<p>EAN: 8720028109227<\/p>\n<p>O carretel de mangueira para lavadora de alta press\u00e3o Blushield \u00e9 constru\u00eddo com a\u00e7o resistente de 1,2 mm com revestimento em p\u00f3 e possui mecanismo de travamento de catraca de 12 pontos. Ele vem com a mangueira de lavagem de press\u00e3o tran\u00e7ada mais leve, mais forte, mais flex\u00edvel e kevlar. Esta combina\u00e7\u00e3o \u00e9 perfeita para a ind\u00fastria automotiva e DIY. \u00c9 uma \u00f3tima alternativa econ\u00f4mica \u00e0s bobinas motorizadas.<br \/>\nCaracter\u00edsticas:<\/p>\n<p>Sistema de catraca de 12 pontos que ajuda a bloquear a mangueira em comprimentos mais curtos<br \/>\nPode ser montado em parede, teto ou ch\u00e3o, caminh\u00f5es e reboques<br \/>\nO sistema interno especial reduz a vibra\u00e7\u00e3o da mola, permite opera\u00e7\u00f5es do amortecedor e prolonga a vida \u00fatil da mola<br \/>\nInclui mangueira de entrada de 2 metros<br \/>\nConstru\u00e7\u00e3o em a\u00e7o revestido a p\u00f3 de 1,2 mm para servi\u00e7o pesado<br \/>\nCaracter\u00edsticas da mangueira:<\/p>\n<p>Mangueira 35% mais leve que as mangueiras de ar de borracha padr\u00e3o<br \/>\nRefor\u00e7o tran\u00e7ado tecido Kevlar<br \/>\nMant\u00e9m a integridade sob condi\u00e7\u00f5es clim\u00e1ticas extremas<br \/>\nFunciona com \u00e1gua quente at\u00e9 121\u00b0C<br \/>\nFlexibilidade at\u00e9 -28\u00b0C<br \/>\nResistente ao oz\u00f4nio<br \/>\nResistente \u00e0 abras\u00e3o<br \/>\nResistente a tor\u00e7\u00f5es<br \/>\nRestritor de curvatura com 4 dedos para melhor uso e controle mais f\u00e1cil sobre a mangueira<\/p>\n<p>Especifica\u00e7\u00f5es<br \/>\nSa\u00edda de acess\u00f3rios 3\/8&#8243; M-BSP e entrada de carretel 3\/8&#8243; M-BSP<br \/>\nDi\u00e2metro interno da mangueira 10 mm<br \/>\nFator de seguran\u00e7a 4:1<br \/>\nMateriais Borracha<br \/>\nPress\u00e3o de trabalho m\u00e1x. Barra 282<br \/>\nTran\u00e7a de Poli\u00e9ster<br \/>\nComprimento da mangueira 30 m<br \/>\nFlexibilidade de \u00e1gua quente 121\u00b0C<br \/>\nMangueira de entrada 2 m<\/p>","protected":false},"excerpt":{"rendered":"<p>Marca: Blubird C\u00f3digo do produto: PWR3830M EAN: 8720028109227 O carretel de mangueira para lavadora de alta press\u00e3o Blushield \u00e9 constru\u00eddo com a\u00e7o resistente de 1,2 mm com revestimento em p\u00f3 e possui mecanismo de travamento de catraca de 12 pontos. Ele vem com a mangueira de lavagem de press\u00e3o tran\u00e7ada mais leve, mais forte, mais [&hellip;]<\/p>\n","protected":false},"featured_media":67279,"comment_status":"open","ping_status":"closed","template":"","meta":[],"product_brand":[],"product_cat":[7851],"product_tag":[],"class_list":{"0":"post-67278","1":"product","2":"type-product","3":"status-publish","4":"has-post-thumbnail","6":"product_cat-carretel-para-combustivel","7":"product_shipping_class-maquinas-pequenas","9":"first","10":"onbackorder","11":"taxable","12":"shipping-taxable","13":"purchasable","14":"product-type-simple"},"_links":{"self":[{"href":"https:\/\/occasionmachines.com\/pt\/wp-json\/wp\/v2\/product\/67278","targetHints":{"allow":["GET"]}}],"collection":[{"href":"https:\/\/occasionmachines.com\/pt\/wp-json\/wp\/v2\/product"}],"about":[{"href":"https:\/\/occasionmachines.com\/pt\/wp-json\/wp\/v2\/types\/product"}],"replies":[{"embeddable":true,"href":"https:\/\/occasionmachines.com\/pt\/wp-json\/wp\/v2\/comments?post=67278"}],"wp:featuredmedia":[{"embeddable":true,"href":"https:\/\/occasionmachines.com\/pt\/wp-json\/wp\/v2\/media\/67279"}],"wp:attachment":[{"href":"https:\/\/occasionmachines.com\/pt\/wp-json\/wp\/v2\/media?parent=67278"}],"wp:term":[{"taxonomy":"product_brand","embeddable":true,"href":"https:\/\/occasionmachines.com\/pt\/wp-json\/wp\/v2\/product_brand?post=67278"},{"taxonomy":"product_cat","embeddable":true,"href":"https:\/\/occasionmachines.com\/pt\/wp-json\/wp\/v2\/product_cat?post=67278"},{"taxonomy":"product_tag","embeddable":true,"href":"https:\/\/occasionmachines.com\/pt\/wp-json\/wp\/v2\/product_tag?post=67278"}],"curies":[{"name":"wp","href":"https:\/\/api.w.org\/{rel}","templated":true}]}}