{"id":67283,"date":"2023-12-21T22:23:19","date_gmt":"2023-12-21T22:23:19","guid":{"rendered":"https:\/\/occasionmachines.com\/?post_type=product&#038;p=67283"},"modified":"2024-01-15T15:30:54","modified_gmt":"2024-01-15T15:30:54","slug":"carretel-de-arruela-de-pressao-de-borracha-blushield-em-aco-inoxidavel-com-braco-duplo-10mm-x-15mtr","status":"publish","type":"product","link":"https:\/\/occasionmachines.com\/pt\/produto\/carretel-de-arruela-de-pressao-de-borracha-blushield-em-aco-inoxidavel-com-braco-duplo-10mm-x-15mtr\/","title":{"rendered":"Carretel de arruela de press\u00e3o de borracha Blushield em a\u00e7o inoxid\u00e1vel com bra\u00e7o duplo 10mm x 15mtr"},"content":{"rendered":"<p>Marca: Blubird<\/p>\n<p>C\u00f3digo do produto: <strong>PWRSS1015M<\/strong><\/p>\n<p>EAN: 8720028109210<\/p>\n<p>O carretel de mangueira para lavadora de press\u00e3o de bra\u00e7o duplo de a\u00e7o inoxid\u00e1vel BluShield \u00e9 uma combina\u00e7\u00e3o definitiva de a\u00e7o inoxid\u00e1vel sem ferrugem, bra\u00e7o guia ajust\u00e1vel, base em forma de L com refor\u00e7o de ranhura garantindo um suporte est\u00e1vel junto com a melhor mangueira de lavadora de press\u00e3o do mundo que \u00e9 tran\u00e7ada em aramida. Este carretel de mangueira utiliza um sistema de mola de catraca de 12 pontos totalmente fechado para travar a mangueira em comprimentos mais curtos e mais longos. Juntas girat\u00f3rias de lat\u00e3o, conex\u00e3o de entrada da mangueira que protege contra vazamentos, enquanto a rolha do carretel e 4 rolos anti-obstru\u00e7\u00e3o reduzem a abras\u00e3o da mangueira. Este carretel de mangueira pode ser montado no ch\u00e3o, parede, teto, etc.<br \/>\nCaracter\u00edsticas:<\/p>\n<p>O a\u00e7o inoxid\u00e1vel resistente \u00e0 ferrugem \u00e9 ideal para aplica\u00e7\u00f5es mar\u00edtimas e de limpeza.<br \/>\nSistema de catraca de 12 pontos que ajuda a bloquear a mangueira em comprimentos mais curtos<br \/>\nPode ser montado na parede, teto ou ch\u00e3o<br \/>\nBra\u00e7o duplo para maior estabilidade<br \/>\nUm sistema interno especial reduz a vibra\u00e7\u00e3o da mola, permite opera\u00e7\u00f5es de desist\u00eancia e prolonga a vida \u00fatil da mola<br \/>\nInclui mangueira de entrada de 1,8 m<br \/>\nConstru\u00e7\u00e3o em a\u00e7o revestido a p\u00f3 de 1,2 mm para servi\u00e7o pesado<br \/>\nCaracter\u00edsticas da mangueira:<\/p>\n<p>Constru\u00e7\u00e3o 100% em borracha<br \/>\nMangueira 35% mais leve que as mangueiras de ar de borracha padr\u00e3o<br \/>\nRefor\u00e7o tran\u00e7ado em tecido de aramida<br \/>\nPress\u00e3o de trabalho de 282 barras<br \/>\nFator de seguran\u00e7a 4:1<br \/>\nMant\u00e9m a integridade sob condi\u00e7\u00f5es clim\u00e1ticas extremas<br \/>\nFunciona com \u00e1gua quente at\u00e9 121\u00b0C<br \/>\nFlexibilidade at\u00e9 -28\u00b0C<br \/>\nResistente ao oz\u00f4nio<br \/>\nResistente \u00e0 abras\u00e3o<br \/>\nResistente a tor\u00e7\u00f5es<br \/>\nRestritor de curvatura com 4 dedos para melhor uso e controle mais f\u00e1cil sobre a mangueira<\/p>\n<p>Especifica\u00e7\u00f5es<br \/>\nSa\u00edda de acess\u00f3rios 3\/8&#8243; M-BSP e entrada de carretel 3\/8&#8243; M-BSP<br \/>\nDi\u00e2metro interno da mangueira 10 mm<br \/>\nFator de seguran\u00e7a 4:1<br \/>\nMateriais Borracha<br \/>\nPress\u00e3o de trabalho m\u00e1x. Barra 282<br \/>\nTran\u00e7a de Poli\u00e9ster<br \/>\nComprimento da mangueira 15 m<br \/>\nFlexibilidade de \u00e1gua quente 121\u00b0C<br \/>\nMangueira de entrada 2 m<\/p>","protected":false},"excerpt":{"rendered":"<p>Marca: Blubird C\u00f3digo do produto: PWRSS1015M EAN: 8720028109210 O carretel de mangueira para lavadora de press\u00e3o de bra\u00e7o duplo de a\u00e7o inoxid\u00e1vel BluShield \u00e9 uma combina\u00e7\u00e3o definitiva de a\u00e7o inoxid\u00e1vel sem ferrugem, bra\u00e7o guia ajust\u00e1vel, base em forma de L com refor\u00e7o de ranhura garantindo um suporte est\u00e1vel junto com a melhor mangueira de lavadora [&hellip;]<\/p>\n","protected":false},"featured_media":67284,"comment_status":"open","ping_status":"closed","template":"","meta":[],"product_brand":[],"product_cat":[7851],"product_tag":[],"class_list":{"0":"post-67283","1":"product","2":"type-product","3":"status-publish","4":"has-post-thumbnail","6":"product_cat-carretel-para-combustivel","7":"product_shipping_class-maquinas-pequenas","9":"first","10":"onbackorder","11":"taxable","12":"shipping-taxable","13":"purchasable","14":"product-type-simple"},"_links":{"self":[{"href":"https:\/\/occasionmachines.com\/pt\/wp-json\/wp\/v2\/product\/67283","targetHints":{"allow":["GET"]}}],"collection":[{"href":"https:\/\/occasionmachines.com\/pt\/wp-json\/wp\/v2\/product"}],"about":[{"href":"https:\/\/occasionmachines.com\/pt\/wp-json\/wp\/v2\/types\/product"}],"replies":[{"embeddable":true,"href":"https:\/\/occasionmachines.com\/pt\/wp-json\/wp\/v2\/comments?post=67283"}],"wp:featuredmedia":[{"embeddable":true,"href":"https:\/\/occasionmachines.com\/pt\/wp-json\/wp\/v2\/media\/67284"}],"wp:attachment":[{"href":"https:\/\/occasionmachines.com\/pt\/wp-json\/wp\/v2\/media?parent=67283"}],"wp:term":[{"taxonomy":"product_brand","embeddable":true,"href":"https:\/\/occasionmachines.com\/pt\/wp-json\/wp\/v2\/product_brand?post=67283"},{"taxonomy":"product_cat","embeddable":true,"href":"https:\/\/occasionmachines.com\/pt\/wp-json\/wp\/v2\/product_cat?post=67283"},{"taxonomy":"product_tag","embeddable":true,"href":"https:\/\/occasionmachines.com\/pt\/wp-json\/wp\/v2\/product_tag?post=67283"}],"curies":[{"name":"wp","href":"https:\/\/api.w.org\/{rel}","templated":true}]}}