{"id":67286,"date":"2023-12-21T22:38:38","date_gmt":"2023-12-21T22:38:38","guid":{"rendered":"https:\/\/occasionmachines.com\/?post_type=product&#038;p=67286"},"modified":"2024-01-15T15:29:26","modified_gmt":"2024-01-15T15:29:26","slug":"carretel-de-mangueira-de-ar-blubird-braco-duplo-10mm-x-30mtr","status":"publish","type":"product","link":"https:\/\/occasionmachines.com\/pt\/produto\/carretel-de-mangueira-de-ar-blubird-braco-duplo-10mm-x-30mtr\/","title":{"rendered":"Carretel de mangueira de ar Blubird bra\u00e7o duplo 10mm x 30mtr"},"content":{"rendered":"<p>Marca: Blubird<\/p>\n<p>C\u00f3digo do produto: <strong>BBRDA1030M<\/strong><\/p>\n<p>EAN: 8720028109166<\/p>\n<p>O enrolador de mangueira de ar Blubird \u00e9 produzido com recursos que garantem \u00f3timo desempenho para aplica\u00e7\u00f5es automotivas e industriais. Fabricada com precis\u00e3o, a estrutura de a\u00e7o com revestimento em p\u00f3 resistente \u00e0 corros\u00e3o garante durabilidade e longevidade. Seu \u00fanico bra\u00e7o guia ajust\u00e1vel e base em forma de L com refor\u00e7o de ranhura proporcionam estabilidade e suporte s\u00f3lidos, tornando-o uma ferramenta confi\u00e1vel para qualquer projeto. Emparelhado com a mangueira de ar Blubird, esta dupla din\u00e2mica oferece desempenho e versatilidade excepcionais.<br \/>\nCaracter\u00edsticas do carretel de mangueira de ar:<\/p>\n<p>Sistema de mola de catraca multiposi\u00e7\u00e3o de 12 pontos<br \/>\nJuntas girat\u00f3rias de lat\u00e3o na conex\u00e3o de entrada da mangueira<br \/>\nRolha do carretel e 4 rolos anti-obstru\u00e7\u00e3o<br \/>\nOp\u00e7\u00e3o de montagem vers\u00e1til<br \/>\nRecursos da mangueira de ar:<\/p>\n<p>40% mais leve que as mangueiras de borracha padr\u00e3o<br \/>\nPress\u00e3o de trabalho de 20 bar<br \/>\nAcess\u00f3rios de lat\u00e3o maci\u00e7o<br \/>\nFator de seguran\u00e7a 4:1<br \/>\nResistente a intemp\u00e9ries extremas<br \/>\nRestritor de curvatura com 4 dedos<\/p>\n<p>Especifica\u00e7\u00f5es<br \/>\nPress\u00e3o de ruptura m\u00edn. 82 barras<br \/>\nSa\u00edda de acess\u00f3rios 3\/8&#8243; M-BSP e entrada de carretel 3\/8&#8243; M-BSP<br \/>\nDi\u00e2metro interno da mangueira 10 mm<br \/>\nFator de seguran\u00e7a 4:1<br \/>\nMateriais Borracha<br \/>\nPress\u00e3o de trabalho m\u00e1x. 20 barras<br \/>\nTran\u00e7a de Poli\u00e9ster<br \/>\nComprimento da mangueira 30 m<br \/>\nFaixa de temperatura -45\u00b0C a +87\u00b0C<br \/>\nMangueira de entrada 1 m<\/p>","protected":false},"excerpt":{"rendered":"<p>Marca: Blubird C\u00f3digo do produto: BBRDA1030M EAN: 8720028109166 O enrolador de mangueira de ar Blubird \u00e9 produzido com recursos que garantem \u00f3timo desempenho para aplica\u00e7\u00f5es automotivas e industriais. Fabricada com precis\u00e3o, a estrutura de a\u00e7o com revestimento em p\u00f3 resistente \u00e0 corros\u00e3o garante durabilidade e longevidade. Seu \u00fanico bra\u00e7o guia ajust\u00e1vel e base em forma [&hellip;]<\/p>\n","protected":false},"featured_media":67287,"comment_status":"open","ping_status":"closed","template":"","meta":[],"product_brand":[],"product_cat":[7852],"product_tag":[],"class_list":{"0":"post-67286","1":"product","2":"type-product","3":"status-publish","4":"has-post-thumbnail","6":"product_cat-carretel-de-ar-comprimido","7":"product_shipping_class-maquinas-pequenas","9":"first","10":"onbackorder","11":"taxable","12":"shipping-taxable","13":"purchasable","14":"product-type-simple"},"_links":{"self":[{"href":"https:\/\/occasionmachines.com\/pt\/wp-json\/wp\/v2\/product\/67286","targetHints":{"allow":["GET"]}}],"collection":[{"href":"https:\/\/occasionmachines.com\/pt\/wp-json\/wp\/v2\/product"}],"about":[{"href":"https:\/\/occasionmachines.com\/pt\/wp-json\/wp\/v2\/types\/product"}],"replies":[{"embeddable":true,"href":"https:\/\/occasionmachines.com\/pt\/wp-json\/wp\/v2\/comments?post=67286"}],"wp:featuredmedia":[{"embeddable":true,"href":"https:\/\/occasionmachines.com\/pt\/wp-json\/wp\/v2\/media\/67287"}],"wp:attachment":[{"href":"https:\/\/occasionmachines.com\/pt\/wp-json\/wp\/v2\/media?parent=67286"}],"wp:term":[{"taxonomy":"product_brand","embeddable":true,"href":"https:\/\/occasionmachines.com\/pt\/wp-json\/wp\/v2\/product_brand?post=67286"},{"taxonomy":"product_cat","embeddable":true,"href":"https:\/\/occasionmachines.com\/pt\/wp-json\/wp\/v2\/product_cat?post=67286"},{"taxonomy":"product_tag","embeddable":true,"href":"https:\/\/occasionmachines.com\/pt\/wp-json\/wp\/v2\/product_tag?post=67286"}],"curies":[{"name":"wp","href":"https:\/\/api.w.org\/{rel}","templated":true}]}}