{"id":67291,"date":"2023-12-21T22:53:10","date_gmt":"2023-12-21T22:53:10","guid":{"rendered":"https:\/\/occasionmachines.com\/?post_type=product&#038;p=67291"},"modified":"2025-01-27T16:37:44","modified_gmt":"2025-01-27T16:37:44","slug":"porta-paletes-1000kg-115cm-extra-baixo","status":"publish","type":"product","link":"https:\/\/occasionmachines.com\/pt\/produto\/porta-paletes-1000kg-115cm-extra-baixo\/","title":{"rendered":"Porta-paletes 1000kg 115cm extra baixo"},"content":{"rendered":"<p>Marca: Mamute<\/p>\n<p>C\u00f3digo do produto: <strong>PT10L115L<\/strong><\/p>\n<p>EAN: 8720028108091<\/p>\n<p>Porta-paletes 1000kg 115cm extra baixo<\/p>\n<p>Este porta-paletes da Mammuth tem uma altura de eleva\u00e7\u00e3o m\u00ednima extra baixa de apenas 35 mm, o que o torna ideal para paletes de pedra e outras aplica\u00e7\u00f5es onde o espa\u00e7o livre \u00e9 limitado. Entretanto, a altura m\u00e1xima de eleva\u00e7\u00e3o de 100 mm e o comprimento do garfo de 1150 mm garantem que pode mover a sua carga de um local para outro com facilidade.<\/p>\n<p>Com rolos dianteiros tandem, esta paleteira \u00e9 f\u00e1cil de manobrar e pode fazer curvas e curvas com facilidade. A bomba hidr\u00e1ulica de a\u00e7o e as rodas de poliuretano garantem que este porta-paletes seja dur\u00e1vel e f\u00e1cil de usar.<\/p>\n<p>Especifica\u00e7\u00f5es<br \/>\nCapacidade de eleva\u00e7\u00e3o 1000 kg<br \/>\nComprimento do garfo 1150 mm<br \/>\nMaterial das rodas PU<br \/>\nDist\u00e2ncia entre garfos 300mm<br \/>\nAltura de eleva\u00e7\u00e3o m\u00edn. 35mm<br \/>\nAltura de eleva\u00e7\u00e3o m\u00e1x. incluindo. almofadas 100 mm<br \/>\nLargura individual do garfo 120 mm<br \/>\nDi\u00e2metro do volante 150 x 45mm<br \/>\nRolos dianteiros tandem 43 x 35mm<br \/>\nAltura do punho, m\u00e1x. 1180 mm<\/p>","protected":false},"excerpt":{"rendered":"<p>Marca: Mamute C\u00f3digo do produto: PT10L115L EAN: 8720028108091 Porta-paletes 1000kg 115cm extra baixo Este porta-paletes da Mammuth tem uma altura de eleva\u00e7\u00e3o m\u00ednima extra baixa de apenas 35 mm, o que o torna ideal para paletes de pedra e outras aplica\u00e7\u00f5es onde o espa\u00e7o livre \u00e9 limitado. Entretanto, a altura m\u00e1xima de eleva\u00e7\u00e3o de 100 [&hellip;]<\/p>\n","protected":false},"featured_media":67292,"comment_status":"open","ping_status":"closed","template":"","meta":[],"product_brand":[],"product_cat":[5778],"product_tag":[],"class_list":{"0":"post-67291","1":"product","2":"type-product","3":"status-publish","4":"has-post-thumbnail","6":"product_cat-porta-paletes","7":"product_shipping_class-ferramentas-medias","9":"first","10":"onbackorder","11":"taxable","12":"shipping-taxable","13":"purchasable","14":"product-type-simple"},"_links":{"self":[{"href":"https:\/\/occasionmachines.com\/pt\/wp-json\/wp\/v2\/product\/67291","targetHints":{"allow":["GET"]}}],"collection":[{"href":"https:\/\/occasionmachines.com\/pt\/wp-json\/wp\/v2\/product"}],"about":[{"href":"https:\/\/occasionmachines.com\/pt\/wp-json\/wp\/v2\/types\/product"}],"replies":[{"embeddable":true,"href":"https:\/\/occasionmachines.com\/pt\/wp-json\/wp\/v2\/comments?post=67291"}],"wp:featuredmedia":[{"embeddable":true,"href":"https:\/\/occasionmachines.com\/pt\/wp-json\/wp\/v2\/media\/67292"}],"wp:attachment":[{"href":"https:\/\/occasionmachines.com\/pt\/wp-json\/wp\/v2\/media?parent=67291"}],"wp:term":[{"taxonomy":"product_brand","embeddable":true,"href":"https:\/\/occasionmachines.com\/pt\/wp-json\/wp\/v2\/product_brand?post=67291"},{"taxonomy":"product_cat","embeddable":true,"href":"https:\/\/occasionmachines.com\/pt\/wp-json\/wp\/v2\/product_cat?post=67291"},{"taxonomy":"product_tag","embeddable":true,"href":"https:\/\/occasionmachines.com\/pt\/wp-json\/wp\/v2\/product_tag?post=67291"}],"curies":[{"name":"wp","href":"https:\/\/api.w.org\/{rel}","templated":true}]}}