{"id":67305,"date":"2023-12-21T23:28:22","date_gmt":"2023-12-21T23:28:22","guid":{"rendered":"https:\/\/occasionmachines.com\/?post_type=product&#038;p=67305"},"modified":"2024-01-15T15:25:18","modified_gmt":"2024-01-15T15:25:18","slug":"grua-para-motor-1000kg","status":"publish","type":"product","link":"https:\/\/occasionmachines.com\/pt\/produto\/grua-para-motor-1000kg\/","title":{"rendered":"Grua para motor 1000kg"},"content":{"rendered":"<p>Marca: Mamute<\/p>\n<p>C\u00f3digo do produto: <strong>CE1TP<\/strong><\/p>\n<p>EAN: 8720028106691<\/p>\n<p>Guindaste para motor 1000kg<\/p>\n<p>Este guindaste para motor dobr\u00e1vel Mammuth \u00e9 perfeito para motores de eleva\u00e7\u00e3o e aplica\u00e7\u00f5es de eleva\u00e7\u00e3o de uso geral em oficinas, garagens e muito mais.<br \/>\nO guindaste tem capacidade para levantar cargas de at\u00e9 1.000 kg.<br \/>\nA lan\u00e7a de extens\u00e3o do guindaste pode ser facilmente travada em 5 posi\u00e7\u00f5es diferentes:<br \/>\n600kg, 700kg, 800kg, 900kg e 1000kg.<br \/>\nO guindaste motorizado utiliza a tecnologia exclusiva de eleva\u00e7\u00e3o r\u00e1pida por bomba de dupla a\u00e7\u00e3o que proporciona ao guindaste uma velocidade de eleva\u00e7\u00e3o mais alta sem carga e uma velocidade mais lenta sob carga para que a carga possa ser levantada com seguran\u00e7a.<br \/>\nCom a v\u00e1lvula de descida autom\u00e1tica de seguran\u00e7a, o guindaste motorizado garante uma velocidade de descida controlada que garante o abaixamento seguro da carga.<br \/>\nO \u00eambolo \u00e9 protegido por uma tampa \u00e0 prova de poeira.<br \/>\nA lan\u00e7a do guindaste possui um gancho de eleva\u00e7\u00e3o girat\u00f3rio projetado para girar totalmente enquanto controla a carga.<br \/>\nA estrutura soldada robusta para maior mobilidade est\u00e1 equipada com fibra de vidro e rodas de n\u00e1ilon resistentes que evitam danos ao piso da garagem e proporcionam uma opera\u00e7\u00e3o mais silenciosa e suave. A grua tem uma base baixa gra\u00e7as \u00e0s rodas integradas no interior da estrutura soldada. O guindaste motorizado pode ser facilmente dobrado para economizar espa\u00e7o em sua oficina e facilitar a movimenta\u00e7\u00e3o quando dobrado devido \u00e0 dist\u00e2ncia entre eixos extra.<br \/>\nO guindaste de oficina possui os seguintes recursos \u00fateis:<\/p>\n<p>Bot\u00e3o de al\u00edvio autom\u00e1tico com a\u00e7\u00e3o integrada de duas velocidades<br \/>\nCilindro e haste do pist\u00e3o cromados duros para longa vida \u00fatil<br \/>\nConjunto de cilindro girat\u00f3rio de 200\u00b0<br \/>\ngancho de eleva\u00e7\u00e3o totalmente girat\u00f3rio<br \/>\nal\u00e7a da bomba incl. pino de travamento<br \/>\nsuporte de al\u00e7a<br \/>\nBase do chassi em forma de V<\/p>\n<p>Especifica\u00e7\u00f5es<br \/>\nPosi\u00e7\u00e3o de capacidade 1 1000 kg<br \/>\nPosi\u00e7\u00e3o de capacidade 2.900 kg<br \/>\nPosi\u00e7\u00e3o de capacidade 3 800 kg<br \/>\nPosi\u00e7\u00e3o de capacidade 4 700 kg<br \/>\nPosi\u00e7\u00e3o de capacidade 5 600 kg<br \/>\nComprimento das pernas 1450 mm<br \/>\nDist\u00e2ncia entre as pernas no ponto mais largo 960 mm<br \/>\nM\u00e1x. altura do gancho (posi\u00e7\u00e3o 1) 2090 mm<br \/>\nAltura do gancho (posi\u00e7\u00e3o 2) 2140 mm<br \/>\nAltura do gancho (posi\u00e7\u00e3o 3) 2190 mm<br \/>\nAltura do gancho (posi\u00e7\u00e3o 4) 2250 mm<br \/>\nMin. altura do gancho (posi\u00e7\u00e3o 5) 2300 mm<\/p>","protected":false},"excerpt":{"rendered":"<p>Marca: Mamute C\u00f3digo do produto: CE1TP EAN: 8720028106691 Guindaste para motor 1000kg Este guindaste para motor dobr\u00e1vel Mammuth \u00e9 perfeito para motores de eleva\u00e7\u00e3o e aplica\u00e7\u00f5es de eleva\u00e7\u00e3o de uso geral em oficinas, garagens e muito mais. O guindaste tem capacidade para levantar cargas de at\u00e9 1.000 kg. A lan\u00e7a de extens\u00e3o do guindaste pode [&hellip;]<\/p>\n","protected":false},"featured_media":67306,"comment_status":"open","ping_status":"closed","template":"","meta":[],"product_brand":[],"product_cat":[3171],"product_tag":[],"class_list":{"0":"post-67305","1":"product","2":"type-product","3":"status-publish","4":"has-post-thumbnail","6":"product_cat-gruas-hidraulicas","7":"product_shipping_class-maquinas-pequenas","9":"first","10":"onbackorder","11":"taxable","12":"shipping-taxable","13":"purchasable","14":"product-type-simple"},"_links":{"self":[{"href":"https:\/\/occasionmachines.com\/pt\/wp-json\/wp\/v2\/product\/67305","targetHints":{"allow":["GET"]}}],"collection":[{"href":"https:\/\/occasionmachines.com\/pt\/wp-json\/wp\/v2\/product"}],"about":[{"href":"https:\/\/occasionmachines.com\/pt\/wp-json\/wp\/v2\/types\/product"}],"replies":[{"embeddable":true,"href":"https:\/\/occasionmachines.com\/pt\/wp-json\/wp\/v2\/comments?post=67305"}],"wp:featuredmedia":[{"embeddable":true,"href":"https:\/\/occasionmachines.com\/pt\/wp-json\/wp\/v2\/media\/67306"}],"wp:attachment":[{"href":"https:\/\/occasionmachines.com\/pt\/wp-json\/wp\/v2\/media?parent=67305"}],"wp:term":[{"taxonomy":"product_brand","embeddable":true,"href":"https:\/\/occasionmachines.com\/pt\/wp-json\/wp\/v2\/product_brand?post=67305"},{"taxonomy":"product_cat","embeddable":true,"href":"https:\/\/occasionmachines.com\/pt\/wp-json\/wp\/v2\/product_cat?post=67305"},{"taxonomy":"product_tag","embeddable":true,"href":"https:\/\/occasionmachines.com\/pt\/wp-json\/wp\/v2\/product_tag?post=67305"}],"curies":[{"name":"wp","href":"https:\/\/api.w.org\/{rel}","templated":true}]}}