{"id":67328,"date":"2023-12-22T23:19:03","date_gmt":"2023-12-22T23:19:03","guid":{"rendered":"https:\/\/occasionmachines.com\/?post_type=product&#038;p=67328"},"modified":"2025-01-27T16:35:38","modified_gmt":"2025-01-27T16:35:38","slug":"bancada-industrial-armarios-fixos","status":"publish","type":"product","link":"https:\/\/occasionmachines.com\/pt\/produto\/bancada-industrial-armarios-fixos\/","title":{"rendered":"Bancada industrial (arm\u00e1rios fixos)"},"content":{"rendered":"<p>Marca:<\/p>\n<p>C\u00f3digo do produto: <strong>WBG04<\/strong><\/p>\n<p>EAN: 8720028103904<\/p>\n<p>Bancadas industriais<br \/>\nAs bancadas industriais TOOLBOX4YOU s\u00e3o projetadas e produzidas para uso profissional na oficina ou garagem.<br \/>\nO design bem pensado das bancadas permite uma utiliza\u00e7\u00e3o mais eficiente do seu local de trabalho e um armazenamento ordenado das ferramentas.<br \/>\nAs gavetas das bancadas t\u00eam alta capacidade de carga e longa vida \u00fatil gra\u00e7as aos pesados \u200b\u200btrilhos de a\u00e7o industrial com rolamentos de esferas. As bancadas de trabalho tamb\u00e9m s\u00e3o equipadas com pernas ajust\u00e1veis \u200b\u200bpara que fiquem firmes mesmo em pisos irregulares.<br \/>\nTodos os arm\u00e1rios e gavetas das bancadas podem ser trancados individualmente e trancados por meio de fechadura de cilindro.<br \/>\nOs tampos das bancadas t\u00eam uma superf\u00edcie de madeira resistente. Esta bancada industrial est\u00e1 equipada com s\u00f3lida ilumina\u00e7\u00e3o LED economizadora de energia em uma moldura de ilumina\u00e7\u00e3o com belo acabamento e duas c\u00f4modas m\u00f3veis com cinco gavetas.<br \/>\nAs bancadas industriais n\u00e3o incluem acess\u00f3rios, que est\u00e3o dispon\u00edveis separadamente.<\/p>","protected":false},"excerpt":{"rendered":"<p>Marca: C\u00f3digo do produto: WBG04 EAN: 8720028103904 Bancadas industriais As bancadas industriais TOOLBOX4YOU s\u00e3o projetadas e produzidas para uso profissional na oficina ou garagem. O design bem pensado das bancadas permite uma utiliza\u00e7\u00e3o mais eficiente do seu local de trabalho e um armazenamento ordenado das ferramentas. As gavetas das bancadas t\u00eam alta capacidade de carga [&hellip;]<\/p>\n","protected":false},"featured_media":67329,"comment_status":"open","ping_status":"closed","template":"","meta":[],"product_brand":[],"product_cat":[4920],"product_tag":[],"class_list":{"0":"post-67328","1":"product","2":"type-product","3":"status-publish","4":"has-post-thumbnail","6":"product_cat-carrinhos-de-ferramentas","7":"product_shipping_class-ferramentas-grandes","9":"first","10":"onbackorder","11":"taxable","12":"shipping-taxable","13":"purchasable","14":"product-type-simple"},"_links":{"self":[{"href":"https:\/\/occasionmachines.com\/pt\/wp-json\/wp\/v2\/product\/67328","targetHints":{"allow":["GET"]}}],"collection":[{"href":"https:\/\/occasionmachines.com\/pt\/wp-json\/wp\/v2\/product"}],"about":[{"href":"https:\/\/occasionmachines.com\/pt\/wp-json\/wp\/v2\/types\/product"}],"replies":[{"embeddable":true,"href":"https:\/\/occasionmachines.com\/pt\/wp-json\/wp\/v2\/comments?post=67328"}],"wp:featuredmedia":[{"embeddable":true,"href":"https:\/\/occasionmachines.com\/pt\/wp-json\/wp\/v2\/media\/67329"}],"wp:attachment":[{"href":"https:\/\/occasionmachines.com\/pt\/wp-json\/wp\/v2\/media?parent=67328"}],"wp:term":[{"taxonomy":"product_brand","embeddable":true,"href":"https:\/\/occasionmachines.com\/pt\/wp-json\/wp\/v2\/product_brand?post=67328"},{"taxonomy":"product_cat","embeddable":true,"href":"https:\/\/occasionmachines.com\/pt\/wp-json\/wp\/v2\/product_cat?post=67328"},{"taxonomy":"product_tag","embeddable":true,"href":"https:\/\/occasionmachines.com\/pt\/wp-json\/wp\/v2\/product_tag?post=67328"}],"curies":[{"name":"wp","href":"https:\/\/api.w.org\/{rel}","templated":true}]}}