{"id":67341,"date":"2023-12-23T00:19:41","date_gmt":"2023-12-23T00:19:41","guid":{"rendered":"https:\/\/occasionmachines.com\/?post_type=product&#038;p=67341"},"modified":"2024-01-15T15:02:37","modified_gmt":"2024-01-15T15:02:37","slug":"elevador-de-quatro-postes-4000kg-45m-centurion","status":"publish","type":"product","link":"https:\/\/occasionmachines.com\/pt\/produto\/elevador-de-quatro-postes-4000kg-45m-centurion\/","title":{"rendered":"Elevador de quatro postes 4000kg 4,5m Centurion"},"content":{"rendered":"<p>Marca: Falco Sollevatori<\/p>\n<p>C\u00f3digo do produto: <strong>VL4K400V<\/strong><\/p>\n<p>EAN: 8720028101436<\/p>\n<p>Elevador de quatro colunas\/elevador de alinhamento\/elevador de quatro colunas\/elevador de servi\u00e7o\/elevador de carro\/elevador de pista<br \/>\nEsta ponte elevat\u00f3ria de quatro colunas Falco Sollevatori \u00e9 de alta qualidade e extremamente adequada para uso profissional. Nas pontes elevat\u00f3rias Falco, a qualidade e o acabamento est\u00e3o em primeiro lugar.<br \/>\nEsta ponte elevat\u00f3ria de 4 colunas tem a unidade de bomba no topo da coluna para poupar espa\u00e7o. O modelo possui sistema de travamento duplo, que garante a seguran\u00e7a de pessoas e equipamentos.<br \/>\nGra\u00e7as \u00e0 sua constru\u00e7\u00e3o robusta e design bem pensado, esta ponte elevat\u00f3ria de 4 colunas est\u00e1 equipada de s\u00e9rie com as seguintes caracter\u00edsticas pr\u00e1ticas:<\/p>\n<p>Desbloqueio central pneum\u00e1tico<br \/>\nProduzido de acordo com NEN 1493, adequado para APK<br \/>\nFaixas de dire\u00e7\u00e3o ajust\u00e1veis<br \/>\nProte\u00e7\u00e3o dos p\u00e9s por sinal ac\u00fastico<br \/>\nIncluindo ilumina\u00e7\u00e3o LED<br \/>\nTrilho para instala\u00e7\u00e3o de vigas de eleva\u00e7\u00e3o<\/p>\n<p>Especifica\u00e7\u00f5es<br \/>\nTens\u00e3o 230V &#8211; 1 Fase<br \/>\nCapacidade de eleva\u00e7\u00e3o 4000 kg<br \/>\nComprimento da plataforma incluindo rampas 4516 mm<br \/>\nLargura da plataforma 508 mm<br \/>\nDist\u00e2ncia entre as plataformas 900 mm<br \/>\nTipo de \u00f3leo CH32 \/ CH46<br \/>\nAltura de eleva\u00e7\u00e3o m\u00edn. 185 mil\u00edmetros<br \/>\nAltura de eleva\u00e7\u00e3o m\u00e1x. 1850 mil\u00edmetros<br \/>\nTempo de levantamento +\/- 120 segundos<br \/>\nAltura das colunas 2370 mm<br \/>\nCapacidade do motor 2,2 kW<br \/>\nLargura de passagem 2715 mm<\/p>","protected":false},"excerpt":{"rendered":"<p>Marca: Falco Sollevatori C\u00f3digo do produto: VL4K400V EAN: 8720028101436 Elevador de quatro colunas\/elevador de alinhamento\/elevador de quatro colunas\/elevador de servi\u00e7o\/elevador de carro\/elevador de pista Esta ponte elevat\u00f3ria de quatro colunas Falco Sollevatori \u00e9 de alta qualidade e extremamente adequada para uso profissional. Nas pontes elevat\u00f3rias Falco, a qualidade e o acabamento est\u00e3o em primeiro lugar. [&hellip;]<\/p>\n","protected":false},"featured_media":67342,"comment_status":"open","ping_status":"closed","template":"","meta":[],"product_brand":[],"product_cat":[5774],"product_tag":[],"class_list":{"0":"post-67341","1":"product","2":"type-product","3":"status-publish","4":"has-post-thumbnail","6":"product_cat-elevadores-de-colunas","7":"product_shipping_class-maquinas-grandes","9":"first","10":"onbackorder","11":"taxable","12":"shipping-taxable","13":"purchasable","14":"product-type-simple"},"_links":{"self":[{"href":"https:\/\/occasionmachines.com\/pt\/wp-json\/wp\/v2\/product\/67341","targetHints":{"allow":["GET"]}}],"collection":[{"href":"https:\/\/occasionmachines.com\/pt\/wp-json\/wp\/v2\/product"}],"about":[{"href":"https:\/\/occasionmachines.com\/pt\/wp-json\/wp\/v2\/types\/product"}],"replies":[{"embeddable":true,"href":"https:\/\/occasionmachines.com\/pt\/wp-json\/wp\/v2\/comments?post=67341"}],"wp:featuredmedia":[{"embeddable":true,"href":"https:\/\/occasionmachines.com\/pt\/wp-json\/wp\/v2\/media\/67342"}],"wp:attachment":[{"href":"https:\/\/occasionmachines.com\/pt\/wp-json\/wp\/v2\/media?parent=67341"}],"wp:term":[{"taxonomy":"product_brand","embeddable":true,"href":"https:\/\/occasionmachines.com\/pt\/wp-json\/wp\/v2\/product_brand?post=67341"},{"taxonomy":"product_cat","embeddable":true,"href":"https:\/\/occasionmachines.com\/pt\/wp-json\/wp\/v2\/product_cat?post=67341"},{"taxonomy":"product_tag","embeddable":true,"href":"https:\/\/occasionmachines.com\/pt\/wp-json\/wp\/v2\/product_tag?post=67341"}],"curies":[{"name":"wp","href":"https:\/\/api.w.org\/{rel}","templated":true}]}}