{"id":67346,"date":"2023-12-23T01:15:41","date_gmt":"2023-12-23T01:15:41","guid":{"rendered":"https:\/\/occasionmachines.com\/?post_type=product&#038;p=67346"},"modified":"2025-01-27T16:34:16","modified_gmt":"2025-01-27T16:34:16","slug":"elevador-tipo-tesoura-duplo-mestre-escravo-3500kg-400v","status":"publish","type":"product","link":"https:\/\/occasionmachines.com\/pt\/produto\/elevador-tipo-tesoura-duplo-mestre-escravo-3500kg-400v\/","title":{"rendered":"Elevador tipo tesoura duplo 3500kg 400V"},"content":{"rendered":"<p>Marca: Falco Sollevatori<\/p>\n<p>C\u00f3digo do produto: <strong>VL8235A<\/strong><\/p>\n<p>EAN: 8720028101399<\/p>\n<p>Elevador de tesoura totalmente autom\u00e1tico\/elevador de tesoura\/ponte de tesoura dupla\/elevador autom\u00e1tico\/ponte de elevador autom\u00e1tico\/ponte de tesoura<br \/>\nEste elevador de tesoura dupla Falco Sollevatori \u00e9 de alta qualidade e adequado para uso profissional. Com os elevadores Falco, a qualidade e o acabamento est\u00e3o em primeiro lugar.<br \/>\nEquipado com nada menos que quatro cilindros hidr\u00e1ulicos (dois por plataforma), este elevador possui um sistema de eleva\u00e7\u00e3o master-slave. Isto significa que o elevador \u00e9 seguro em qualquer posi\u00e7\u00e3o e n\u00e3o precisa de ser baixado antes de poder realizar trabalhos no carro. Tamb\u00e9m n\u00e3o \u00e9 necess\u00e1rio elevar primeiro o elevador para sair do sistema de bloqueio, tornando o elevador muito mais f\u00e1cil de utilizar e adequado para mais aplica\u00e7\u00f5es do que elevadores bloqueados mecanicamente.<br \/>\nGra\u00e7as \u00e0 sua constru\u00e7\u00e3o robusta e design inteligente, este elevador tipo tesoura duplo \u00e9 equipado de s\u00e9rie com os seguintes recursos convenientes:<\/p>\n<p>comprimento total da plataforma de 2.042 mm<br \/>\nsistema hidr\u00e1ulico mestre-escravo<br \/>\nelevador eletro-hidr\u00e1ulico com 4 cilindros<br \/>\nfun\u00e7\u00e3o de sangramento autom\u00e1tico de ar<br \/>\nfotoc\u00e9lula para seguran\u00e7a e sincroniza\u00e7\u00e3o da plataforma<br \/>\nperfil baixo com altura m\u00ednima de eleva\u00e7\u00e3o de 110 mm<br \/>\nsincroniza\u00e7\u00e3o autom\u00e1tica<br \/>\nprote\u00e7\u00e3o autom\u00e1tica contra sobrecarga<br \/>\nv\u00e1lvula de controle para controlar a velocidade ao cair<br \/>\nsensor de limite para limitar a altura m\u00e1xima de eleva\u00e7\u00e3o e a altura m\u00ednima de seguran\u00e7a<br \/>\nopera\u00e7\u00e3o de homem morto ao levantar e abaixar<br \/>\nprote\u00e7\u00e3o para os p\u00e9s, incluindo sinal de prote\u00e7\u00e3o ac\u00fastica<br \/>\nentregue incluindo 4 blocos de eleva\u00e7\u00e3o de 25 mm e 4 blocos de eleva\u00e7\u00e3o de 65 mm<br \/>\nManual holand\u00eas incluindo protocolo de manuten\u00e7\u00e3o e certificado CE 2006\/42\/EG<br \/>\nproduto homologado e certificado de acordo com EN1493:2010<\/p>\n<p>Especifica\u00e7\u00f5es<br \/>\nTens\u00e3o 400V &#8211; Trif\u00e1sica<br \/>\nCapacidade de eleva\u00e7\u00e3o 3500 kg<br \/>\nComprimento da plataforma incluindo rampas 2045 mm<br \/>\nLargura da plataforma 630 mm<br \/>\nDist\u00e2ncia entre as plataformas 900 mm<br \/>\nTipo de \u00f3leo CH32 \/ CH46<br \/>\nAltura de eleva\u00e7\u00e3o m\u00edn. 110 mil\u00edmetros<br \/>\nAltura de eleva\u00e7\u00e3o m\u00e1x. incluindo. almofadas 1995 mm<br \/>\nTempo de levantamento 35 seg.<br \/>\nCapacidade do motor 3 kW<\/p>","protected":false},"excerpt":{"rendered":"<p>Marca: Falco Sollevatori C\u00f3digo do produto: VL8235A EAN: 8720028101399 Elevador de tesoura totalmente autom\u00e1tico\/elevador de tesoura\/ponte de tesoura dupla\/elevador autom\u00e1tico\/ponte de elevador autom\u00e1tico\/ponte de tesoura Este elevador de tesoura dupla Falco Sollevatori \u00e9 de alta qualidade e adequado para uso profissional. Com os elevadores Falco, a qualidade e o acabamento est\u00e3o em primeiro lugar. Equipado [&hellip;]<\/p>\n","protected":false},"featured_media":67347,"comment_status":"open","ping_status":"closed","template":"","meta":[],"product_brand":[],"product_cat":[6668],"product_tag":[],"class_list":{"0":"post-67346","1":"product","2":"type-product","3":"status-publish","4":"has-post-thumbnail","6":"product_cat-elevadores-de-tesoura","7":"product_shipping_class-maquinas-grandes","9":"first","10":"onbackorder","11":"taxable","12":"shipping-taxable","13":"purchasable","14":"product-type-simple"},"_links":{"self":[{"href":"https:\/\/occasionmachines.com\/pt\/wp-json\/wp\/v2\/product\/67346","targetHints":{"allow":["GET"]}}],"collection":[{"href":"https:\/\/occasionmachines.com\/pt\/wp-json\/wp\/v2\/product"}],"about":[{"href":"https:\/\/occasionmachines.com\/pt\/wp-json\/wp\/v2\/types\/product"}],"replies":[{"embeddable":true,"href":"https:\/\/occasionmachines.com\/pt\/wp-json\/wp\/v2\/comments?post=67346"}],"wp:featuredmedia":[{"embeddable":true,"href":"https:\/\/occasionmachines.com\/pt\/wp-json\/wp\/v2\/media\/67347"}],"wp:attachment":[{"href":"https:\/\/occasionmachines.com\/pt\/wp-json\/wp\/v2\/media?parent=67346"}],"wp:term":[{"taxonomy":"product_brand","embeddable":true,"href":"https:\/\/occasionmachines.com\/pt\/wp-json\/wp\/v2\/product_brand?post=67346"},{"taxonomy":"product_cat","embeddable":true,"href":"https:\/\/occasionmachines.com\/pt\/wp-json\/wp\/v2\/product_cat?post=67346"},{"taxonomy":"product_tag","embeddable":true,"href":"https:\/\/occasionmachines.com\/pt\/wp-json\/wp\/v2\/product_tag?post=67346"}],"curies":[{"name":"wp","href":"https:\/\/api.w.org\/{rel}","templated":true}]}}